{"id":6585,"date":"2021-03-31T23:08:24","date_gmt":"2021-03-31T21:08:24","guid":{"rendered":"https:\/\/wegeblw.pl\/index.php\/produkt\/boiron-teucrium-marum-15ch-granulki-4-g\/"},"modified":"2026-04-09T10:45:04","modified_gmt":"2026-04-09T08:45:04","slug":"boiron-teucrium-marum-15ch-granulki-4-g","status":"publish","type":"product","link":"https:\/\/wegeblw.pl\/index.php\/produkt\/boiron-teucrium-marum-15ch-granulki-4-g\/","title":{"rendered":"BOIRON Teucrium Marum 15CH granulki 4 g"},"content":{"rendered":"<p>NATURELL Beta-karoten + E &#8211; tabletki, 2 x 60 sztukNATURELL Beta-karoten + E &#8211; W\u0142a\u015bciwo\u015bci:W\u0142a\u015bciwo\u015bci niekt\u00f3rych sk\u0142adnik\u00f3w:Witamina E &#8211; pomaga w ochronie kom\u00f3rek przed stresem oksydacyjnymWitamina A &#8211; przyczynia si\u0119 do utrzymania prawid\u0142owego metabolizmu \u017celaza i w\u0142a\u015bciwego stanu b\u0142on \u015bluzowych, pomaga w utrzymaniu prawid\u0142owego widzenia i zdrowej sk\u00f3ry, a tak\u017ce w prawid\u0142owym funkcjonowaniu uk\u0142adu odporno\u015bciowego,Sk\u0142adniki:Substancje wype\u0142niaj\u0105ce: fosforany wapnia (fosforan diwapniowy), celuloza mikrokrystaliczna, \u017cel celulozowy; witamina A (beta-karoten), witamina E (octan DL-alfa tokoferylu), substancje glazuruj\u0105ce: kwasy t\u0142uszczowe (kwas stearynowy), dwutlenek krzemu, hydroksypropylometyloceluloza, sole magnezowe kwas\u00f3w t\u0142uszczowych (stearynian magnezu), barwnik: dwutlenek tytanu, substancja glazuruj\u0105ca: glikol polietylenowy.1 kapsu\u0142ka NATURELL Beta-karoten + E zawiera:witamina E (octan DL-alfa-tokoferylu) 10mg alfa-TE** (83%)*,witamina A (beta-karoten) 1000mcg RE*** (125%)*.*RWS- Referencyjna Warto\u015b\u0107 Spo\u017cycia.**ekwiwalnet alfa-tokoferolu.***ekwiwalent retinolu.Przeciwwskazania:Nadwra\u017cliwo\u015b\u0107 na kt\u00f3rykolwiek ze sk\u0142adnik\u00f3w preparatu. Kobiety w ci\u0105\u017cy i matki karmi\u0105ce stosowanie preparatu powinny skonsultowa\u0107 z lekarzem.Zalecane spo\u017cycie:Doro\u015bli 1 tabletka po posi\u0142ku.Wa\u017cne informacje:Nie nale\u017cy przekracza\u0107 zalecanej porcji do spo\u017cycia w ci\u0105gu dnia. Suplement diety nie mo\u017ce by\u0107 stosowany jako substytut (zamiennik) zr\u00f3\u017cnicowanej diety ani aktywnego trybu \u017cycia. Utrzymanie prawid\u0142owego stanu zdrowia wymaga zr\u00f3wnowa\u017conego i zr\u00f3\u017cnicowanego od\u017cywiania i prowadzenia zdrowego trybu \u017cycia. Istnieje wiele czynnik\u00f3w ryzyka choroby. Zmiana jednego z tych czynnik\u00f3w ryzyka mo\u017ce wywiera\u0107 korzystny wp\u0142yw lub nie wywiera\u0107 go. Przechowywa\u0107 w spos\u00f3b niedost\u0119pny dla ma\u0142ych dzieci w temperaturze pokojowej. Chroni\u0107 od wilgoci i \u015bwiat\u0142a. Mo\u017ce zawiera\u0107 \u015bladowe ilo\u015bci skorupiak\u00f3w, ryb, soi i ich produkt\u00f3w pochodnych.Pojemno\u015b\u0107 opakowania:2 x 60 tabletek.Producent:USP Zdrowie Sp. z o.oul. Poleczki 3502-822 Warszawa<\/p>\n<p>Minera\u0142y i witaminy<\/p>\n<p>czosnek w pomidorach, \u015bmietana 30 krem\u00f3wka, helcom, dania, witamina e na paznokcie, bia\u0142y owoc z czarnymi pestkami, pasta ze s\u0142onecznika, mi\u0142orz\u0105b japo\u0144ski a cukrzyc\u0105, edel h\u00f6ff, echinacea, spirulina hawajska w proszku, mleko roslinne, bio lab shop, kostka bulionowa, cebula sk\u0142adniki od\u017cywcze, cd s.a., pomys\u0142y na prezent na dzie\u0144 ch\u0142opaka, sklep internetowy ze zdrow\u0105 \u017cywno\u015bci\u0105, garnek na mleko indukcja<\/p>\n<p>yyyyy<\/p>\n","protected":false},"excerpt":{"rendered":"<p>NATURELL Beta-karoten + E &#8211; tabletki, 2 x 60 sztukNATURELL Beta-karoten + E &#8211; W\u0142a\u015bciwo\u015bci:W\u0142a\u015bciwo\u015bci niekt\u00f3rych sk\u0142adnik\u00f3w:Witamina E &#8211; pomaga&hellip;<\/p>\n","protected":false},"featured_media":6586,"comment_status":"closed","ping_status":"open","template":"","meta":[],"product_cat":[101],"product_tag":[736,712,869,853,878,718],"class_list":["post-6585","product","type-product","status-publish","has-post-thumbnail","hentry","product_cat-homeopatia","product_tag-dojrzale-pl","product_tag-dynia-pieczona","product_tag-kurkuma-w-proszku-jak-stosowac","product_tag-makaron-0-kcal","product_tag-tahini-do-czego","product_tag-zamiennik-jogurtu-naturalnego"],"_links":{"self":[{"href":"https:\/\/wegeblw.pl\/index.php\/wp-json\/wp\/v2\/product\/6585","targetHints":{"allow":["GET"]}}],"collection":[{"href":"https:\/\/wegeblw.pl\/index.php\/wp-json\/wp\/v2\/product"}],"about":[{"href":"https:\/\/wegeblw.pl\/index.php\/wp-json\/wp\/v2\/types\/product"}],"replies":[{"embeddable":true,"href":"https:\/\/wegeblw.pl\/index.php\/wp-json\/wp\/v2\/comments?post=6585"}],"wp:featuredmedia":[{"embeddable":true,"href":"https:\/\/wegeblw.pl\/index.php\/wp-json\/wp\/v2\/media\/6586"}],"wp:attachment":[{"href":"https:\/\/wegeblw.pl\/index.php\/wp-json\/wp\/v2\/media?parent=6585"}],"wp:term":[{"taxonomy":"product_cat","embeddable":true,"href":"https:\/\/wegeblw.pl\/index.php\/wp-json\/wp\/v2\/product_cat?post=6585"},{"taxonomy":"product_tag","embeddable":true,"href":"https:\/\/wegeblw.pl\/index.php\/wp-json\/wp\/v2\/product_tag?post=6585"}],"curies":[{"name":"wp","href":"https:\/\/api.w.org\/{rel}","templated":true}]}}