{"id":6599,"date":"2021-05-27T03:23:06","date_gmt":"2021-05-27T01:23:06","guid":{"rendered":"https:\/\/wegeblw.pl\/index.php\/produkt\/boiron-ignatia-amara-10-mk-4-g\/"},"modified":"2026-04-08T18:09:50","modified_gmt":"2026-04-08T16:09:50","slug":"boiron-ignatia-amara-10-mk-4-g","status":"publish","type":"product","link":"https:\/\/wegeblw.pl\/index.php\/produkt\/boiron-ignatia-amara-10-mk-4-g\/","title":{"rendered":"Boiron Ignatia Amara 10 MK 4 g"},"content":{"rendered":"<p>Avene Sun Sensitive ochronny krem tonuj\u0105cy do twarzy SPF 30 (Water-Resistant, Hypoallergenic, Non-Comedogenic) 50 ml. Avene Sun Sensitive najlepsza cena. Avene kup teraz.<\/p>\n<p>Dermokosmetyki<\/p>\n<p>czosnek w tabletkach przeciwwskazania, olej z pokrzywy w\u0142a\u015bciwo\u015bci, astaksantyna kt\u00f3ra najlepsza, pierogi wigilijne, spring rolls z kurczakiem przepis, jak ugotowa\u0107 b\u00f3b kwestia smaku, olej z orzech\u00f3w brazylijskich, wcierka banfi, mleko bez laktozy odchudzanie, mi\u0105\u017csz aloesu, m\u0105ka migda\u0142owa lidl, gojnik sza\u0142wia liba\u0144ska, wychodzenie z diety d\u0105browskiej nowe zasady, najlepiej przyswajalny magnez i potas, potrawy z ryzem, ile kalorii ma gorzka czekolada 70<\/p>\n<p>yyyyy<\/p>\n","protected":false},"excerpt":{"rendered":"<p>Avene Sun Sensitive ochronny krem tonuj\u0105cy do twarzy SPF 30 (Water-Resistant, Hypoallergenic, Non-Comedogenic) 50 ml. Avene Sun Sensitive najlepsza cena.&hellip;<\/p>\n","protected":false},"featured_media":6600,"comment_status":"closed","ping_status":"open","template":"","meta":[],"product_cat":[101],"product_tag":[748,736,883,769,878],"class_list":["post-6599","product","type-product","status-publish","has-post-thumbnail","hentry","product_cat-homeopatia","product_tag-czerwona-soczewica","product_tag-dojrzale-pl","product_tag-ekologiczne-warzywa","product_tag-mieso-mielone-wege","product_tag-tahini-do-czego"],"_links":{"self":[{"href":"https:\/\/wegeblw.pl\/index.php\/wp-json\/wp\/v2\/product\/6599","targetHints":{"allow":["GET"]}}],"collection":[{"href":"https:\/\/wegeblw.pl\/index.php\/wp-json\/wp\/v2\/product"}],"about":[{"href":"https:\/\/wegeblw.pl\/index.php\/wp-json\/wp\/v2\/types\/product"}],"replies":[{"embeddable":true,"href":"https:\/\/wegeblw.pl\/index.php\/wp-json\/wp\/v2\/comments?post=6599"}],"wp:featuredmedia":[{"embeddable":true,"href":"https:\/\/wegeblw.pl\/index.php\/wp-json\/wp\/v2\/media\/6600"}],"wp:attachment":[{"href":"https:\/\/wegeblw.pl\/index.php\/wp-json\/wp\/v2\/media?parent=6599"}],"wp:term":[{"taxonomy":"product_cat","embeddable":true,"href":"https:\/\/wegeblw.pl\/index.php\/wp-json\/wp\/v2\/product_cat?post=6599"},{"taxonomy":"product_tag","embeddable":true,"href":"https:\/\/wegeblw.pl\/index.php\/wp-json\/wp\/v2\/product_tag?post=6599"}],"curies":[{"name":"wp","href":"https:\/\/api.w.org\/{rel}","templated":true}]}}