{"id":6603,"date":"2019-07-27T03:53:45","date_gmt":"2019-07-27T01:53:45","guid":{"rendered":"https:\/\/wegeblw.pl\/index.php\/produkt\/boiron-kalium-muriaticum-5ch-granulki-4g\/"},"modified":"2026-04-07T02:56:28","modified_gmt":"2026-04-07T00:56:28","slug":"boiron-kalium-muriaticum-5ch-granulki-4g","status":"publish","type":"product","link":"https:\/\/wegeblw.pl\/index.php\/produkt\/boiron-kalium-muriaticum-5ch-granulki-4g\/","title":{"rendered":"BOIRON Kalium Muriaticum 5CH granulki 4g"},"content":{"rendered":"<p>Zestaw 9 baton\u00f3w Milk Choco Hazelnut<\/p>\n<p>Zdrowa \u017cywno\u015b\u0107<\/p>\n<p>olejek na porost w\u0142os\u00f3w, swieza kurkuma, pojemnik 100 ml, erytrytol do ciasta<\/p>\n<p>yyyyy<\/p>\n","protected":false},"excerpt":{"rendered":"<p>Zestaw 9 baton\u00f3w Milk Choco Hazelnut Zdrowa \u017cywno\u015b\u0107 olejek na porost w\u0142os\u00f3w, swieza kurkuma, pojemnik 100 ml, erytrytol do ciasta&hellip;<\/p>\n","protected":false},"featured_media":6604,"comment_status":"closed","ping_status":"open","template":"","meta":[],"product_cat":[101],"product_tag":[808,664,858,629,721,804],"class_list":["post-6603","product","type-product","status-publish","has-post-thumbnail","hentry","product_cat-homeopatia","product_tag-ciasto-sekacz","product_tag-komoda-ryzowa","product_tag-majonez-vitapol","product_tag-maka-z-ciecierzycy","product_tag-naturli-margaryna","product_tag-quinoa-jak-gotowac"],"_links":{"self":[{"href":"https:\/\/wegeblw.pl\/index.php\/wp-json\/wp\/v2\/product\/6603","targetHints":{"allow":["GET"]}}],"collection":[{"href":"https:\/\/wegeblw.pl\/index.php\/wp-json\/wp\/v2\/product"}],"about":[{"href":"https:\/\/wegeblw.pl\/index.php\/wp-json\/wp\/v2\/types\/product"}],"replies":[{"embeddable":true,"href":"https:\/\/wegeblw.pl\/index.php\/wp-json\/wp\/v2\/comments?post=6603"}],"wp:featuredmedia":[{"embeddable":true,"href":"https:\/\/wegeblw.pl\/index.php\/wp-json\/wp\/v2\/media\/6604"}],"wp:attachment":[{"href":"https:\/\/wegeblw.pl\/index.php\/wp-json\/wp\/v2\/media?parent=6603"}],"wp:term":[{"taxonomy":"product_cat","embeddable":true,"href":"https:\/\/wegeblw.pl\/index.php\/wp-json\/wp\/v2\/product_cat?post=6603"},{"taxonomy":"product_tag","embeddable":true,"href":"https:\/\/wegeblw.pl\/index.php\/wp-json\/wp\/v2\/product_tag?post=6603"}],"curies":[{"name":"wp","href":"https:\/\/api.w.org\/{rel}","templated":true}]}}