{"id":6607,"date":"2018-10-17T06:58:27","date_gmt":"2018-10-17T04:58:27","guid":{"rendered":"https:\/\/wegeblw.pl\/index.php\/produkt\/medicprogress-z-zawartoscia-10-oleju-konopnego-3x-250-ml\/"},"modified":"2026-04-16T00:20:27","modified_gmt":"2026-04-15T22:20:27","slug":"medicprogress-z-zawartoscia-10-oleju-konopnego-3x-250-ml","status":"publish","type":"product","link":"https:\/\/wegeblw.pl\/index.php\/produkt\/medicprogress-z-zawartoscia-10-oleju-konopnego-3x-250-ml\/","title":{"rendered":"Medicprogress z zawarto\u015bci\u0105 10% oleju konopnego 3x 250 ml"},"content":{"rendered":"<p>Od\u017cywki bia\u0142kowe<\/p>\n<p>ile soli fizjologicznej do inhalacji, pesto z pomidor\u00f3w, dieta lekkostrawna &#8211; co je\u015b\u0107, majom, kasza jaglana odchudzanie efekty, pasta sezamowa tahini gdzie kupi\u0107, mleka roslinne<\/p>\n<p>yyyyy<\/p>\n","protected":false},"excerpt":{"rendered":"<p>Od\u017cywki bia\u0142kowe ile soli fizjologicznej do inhalacji, pesto z pomidor\u00f3w, dieta lekkostrawna &#8211; co je\u015b\u0107, majom, kasza jaglana odchudzanie efekty,&hellip;<\/p>\n","protected":false},"featured_media":6608,"comment_status":"closed","ping_status":"open","template":"","meta":[],"product_cat":[20],"product_tag":[736,811,638],"class_list":["post-6607","product","type-product","status-publish","has-post-thumbnail","hentry","product_cat-preparaty-medycyny-naturalnej","product_tag-dojrzale-pl","product_tag-jajka-ekologiczne","product_tag-onlybio-odzywka"],"_links":{"self":[{"href":"https:\/\/wegeblw.pl\/index.php\/wp-json\/wp\/v2\/product\/6607","targetHints":{"allow":["GET"]}}],"collection":[{"href":"https:\/\/wegeblw.pl\/index.php\/wp-json\/wp\/v2\/product"}],"about":[{"href":"https:\/\/wegeblw.pl\/index.php\/wp-json\/wp\/v2\/types\/product"}],"replies":[{"embeddable":true,"href":"https:\/\/wegeblw.pl\/index.php\/wp-json\/wp\/v2\/comments?post=6607"}],"wp:featuredmedia":[{"embeddable":true,"href":"https:\/\/wegeblw.pl\/index.php\/wp-json\/wp\/v2\/media\/6608"}],"wp:attachment":[{"href":"https:\/\/wegeblw.pl\/index.php\/wp-json\/wp\/v2\/media?parent=6607"}],"wp:term":[{"taxonomy":"product_cat","embeddable":true,"href":"https:\/\/wegeblw.pl\/index.php\/wp-json\/wp\/v2\/product_cat?post=6607"},{"taxonomy":"product_tag","embeddable":true,"href":"https:\/\/wegeblw.pl\/index.php\/wp-json\/wp\/v2\/product_tag?post=6607"}],"curies":[{"name":"wp","href":"https:\/\/api.w.org\/{rel}","templated":true}]}}