{"id":6621,"date":"2015-02-09T14:34:01","date_gmt":"2015-02-09T13:34:01","guid":{"rendered":"https:\/\/wegeblw.pl\/index.php\/produkt\/mir-lek-suplementy-diety-syrop-prawoslazowy-bio-200ml\/"},"modified":"2026-04-08T19:21:03","modified_gmt":"2026-04-08T17:21:03","slug":"mir-lek-suplementy-diety-syrop-prawoslazowy-bio-200ml","status":"publish","type":"product","link":"https:\/\/wegeblw.pl\/index.php\/produkt\/mir-lek-suplementy-diety-syrop-prawoslazowy-bio-200ml\/","title":{"rendered":"Mir-Lek Suplementy Diety Syrop Prawo\u015blazowy Bio 200ml"},"content":{"rendered":"<p>Oprawy okularowe Rodenstock<\/p>\n<p>Okulary oprawki i szk\u0142a<\/p>\n<p>zupa miso kcal, vice versa co znaczy, cynk do ssania solgar, cha\u0142wa zdrowa, produkty przemiany materii, czekolada dla diabetyk\u00f3w, sklep babalscy, any\u017c gwia\u017adzisty cena, amarantus indeks glikemiczny, poduszka z p\u0142askurki, skoczylas suplementy diety, oliwa grecka w puszce, czarny bez w ciazy, koenzym q10, kt\u00f3ry wybra\u0107, krokiety z mi\u0119sem i kapust\u0105 bia\u0142a, chleb swietojanski, tabletki z ostropestu, nasiona kolendry<\/p>\n<p>yyyyy<\/p>\n","protected":false},"excerpt":{"rendered":"<p>Oprawy okularowe Rodenstock Okulary oprawki i szk\u0142a zupa miso kcal, vice versa co znaczy, cynk do ssania solgar, cha\u0142wa zdrowa,&hellip;<\/p>\n","protected":false},"featured_media":6622,"comment_status":"closed","ping_status":"open","template":"","meta":[],"product_cat":[28],"product_tag":[705,716,622,674],"class_list":["post-6621","product","type-product","status-publish","has-post-thumbnail","hentry","product_cat-srodki-na-przeziebienie","product_tag-guma-guar-szkodliwosc","product_tag-leckers","product_tag-vege-mieso","product_tag-warzywa-eko"],"_links":{"self":[{"href":"https:\/\/wegeblw.pl\/index.php\/wp-json\/wp\/v2\/product\/6621","targetHints":{"allow":["GET"]}}],"collection":[{"href":"https:\/\/wegeblw.pl\/index.php\/wp-json\/wp\/v2\/product"}],"about":[{"href":"https:\/\/wegeblw.pl\/index.php\/wp-json\/wp\/v2\/types\/product"}],"replies":[{"embeddable":true,"href":"https:\/\/wegeblw.pl\/index.php\/wp-json\/wp\/v2\/comments?post=6621"}],"wp:featuredmedia":[{"embeddable":true,"href":"https:\/\/wegeblw.pl\/index.php\/wp-json\/wp\/v2\/media\/6622"}],"wp:attachment":[{"href":"https:\/\/wegeblw.pl\/index.php\/wp-json\/wp\/v2\/media?parent=6621"}],"wp:term":[{"taxonomy":"product_cat","embeddable":true,"href":"https:\/\/wegeblw.pl\/index.php\/wp-json\/wp\/v2\/product_cat?post=6621"},{"taxonomy":"product_tag","embeddable":true,"href":"https:\/\/wegeblw.pl\/index.php\/wp-json\/wp\/v2\/product_tag?post=6621"}],"curies":[{"name":"wp","href":"https:\/\/api.w.org\/{rel}","templated":true}]}}