{"id":6663,"date":"2023-04-26T08:33:08","date_gmt":"2023-04-26T06:33:08","guid":{"rendered":"https:\/\/wegeblw.pl\/?post_type=product&#038;p=6663"},"modified":"2026-04-07T01:18:21","modified_gmt":"2026-04-06T23:18:21","slug":"nestle-nan-expert-pro-ha-1-hypoalergiczne-mleko-poczatkowe-w-plynie-dla-niemowlat-od-urodzenia-90ml","status":"publish","type":"product","link":"https:\/\/wegeblw.pl\/index.php\/produkt\/nestle-nan-expert-pro-ha-1-hypoalergiczne-mleko-poczatkowe-w-plynie-dla-niemowlat-od-urodzenia-90ml\/","title":{"rendered":"NESTLE NAN Expert Pro HA 1 Hypoalergiczne Mleko Pocz\u0105tkowe W P\u0142ynie dla niemowl\u0105t od urodzenia 90ml"},"content":{"rendered":"<p>Prawdziwa Tunezja rozpoczyna si\u0119 czasem ju\u017c o kilkadziesi\u0105t metr\u00f3w od turystycznych centr\u00f3w i wydzielonych dla przybysz\u00f3w stref, do kt\u00f3rych nie ka\u017cdy mieszkaniec kraju ma wst\u0119p. Czasem jest to oddalona zaledwie o jedn\u0105 przecznic\u0119 od hotelu najprawdziwsza arabska kafejka, czasem tradycyjna w architekturze, poprzecinana nier\u00f3wnymi piaszczystymi ulicami dzielnica otoczonych murami domostw, w kt\u00f3rych trudno by\u0142oby doszuka\u0107 si\u0119 nowoczesnych mebli, gdzie materace do spania po\u0142o\u017cone s\u0105 bezpo\u015brednio na pod\u0142odze, a do pilnie strze\u017conych domostw zapraszani s\u0105 tylko prawdziwi przyjaciele.<\/p>\n<p>Literatura podr\u00f3\u017cnicza i przewodniki<\/p>\n<p>gusto sklep, zupa krem z pomidor\u00f3w kcal, ekologiczna herbata, pau darco na jelita, biala herbata, makaron z batata, nasiona any\u017cu, olejek z \u017cywokostu zastosowanie, jab\u0142uszko, ciastka z wi\u00f3rkami kokosowymi, \u017cytni zakwas chlebowy, cena jajek, p\u0142atki migda\u0142owe, jogurt, kawa a histamina, co to jest imbir, nale\u015bniki m\u0105ka gryczana<\/p>\n<p>yyyyy<\/p>\n","protected":false},"excerpt":{"rendered":"<p>Prawdziwa Tunezja rozpoczyna si\u0119 czasem ju\u017c o kilkadziesi\u0105t metr\u00f3w od turystycznych centr\u00f3w i wydzielonych dla przybysz\u00f3w stref, do kt\u00f3rych nie&hellip;<\/p>\n","protected":false},"featured_media":6664,"comment_status":"closed","ping_status":"open","template":"","meta":[],"product_cat":[359],"product_tag":[794,716,693],"class_list":["post-6663","product","type-product","status-publish","has-post-thumbnail","hentry","product_cat-mleka-poczatkowe","product_tag-awokado-hass","product_tag-leckers","product_tag-serek-kremowy"],"_links":{"self":[{"href":"https:\/\/wegeblw.pl\/index.php\/wp-json\/wp\/v2\/product\/6663","targetHints":{"allow":["GET"]}}],"collection":[{"href":"https:\/\/wegeblw.pl\/index.php\/wp-json\/wp\/v2\/product"}],"about":[{"href":"https:\/\/wegeblw.pl\/index.php\/wp-json\/wp\/v2\/types\/product"}],"replies":[{"embeddable":true,"href":"https:\/\/wegeblw.pl\/index.php\/wp-json\/wp\/v2\/comments?post=6663"}],"wp:featuredmedia":[{"embeddable":true,"href":"https:\/\/wegeblw.pl\/index.php\/wp-json\/wp\/v2\/media\/6664"}],"wp:attachment":[{"href":"https:\/\/wegeblw.pl\/index.php\/wp-json\/wp\/v2\/media?parent=6663"}],"wp:term":[{"taxonomy":"product_cat","embeddable":true,"href":"https:\/\/wegeblw.pl\/index.php\/wp-json\/wp\/v2\/product_cat?post=6663"},{"taxonomy":"product_tag","embeddable":true,"href":"https:\/\/wegeblw.pl\/index.php\/wp-json\/wp\/v2\/product_tag?post=6663"}],"curies":[{"name":"wp","href":"https:\/\/api.w.org\/{rel}","templated":true}]}}