{"id":6685,"date":"2018-07-27T21:43:49","date_gmt":"2018-07-27T19:43:49","guid":{"rendered":"https:\/\/wegeblw.pl\/index.php\/produkt\/drewniane-lozko-matteo-kolor-bialy-szuflady-dwie-mniejsze-szuflady-barierka-standardowa-montowana-na-stale-rozmiar-180-x-80\/"},"modified":"2026-04-07T10:17:33","modified_gmt":"2026-04-07T08:17:33","slug":"drewniane-lozko-matteo-kolor-bialy-szuflady-dwie-mniejsze-szuflady-barierka-standardowa-montowana-na-stale-rozmiar-180-x-80","status":"publish","type":"product","link":"https:\/\/wegeblw.pl\/index.php\/produkt\/drewniane-lozko-matteo-kolor-bialy-szuflady-dwie-mniejsze-szuflady-barierka-standardowa-montowana-na-stale-rozmiar-180-x-80\/","title":{"rendered":"Drewniane \u0141\u00f3\u017cko Matteo Kolor Bia\u0142y Szuflady Dwie Mniejsze Szuflady Barierka Standardowa Montowana Na Sta\u0142e Rozmiar 180 X 80"},"content":{"rendered":"<p>herbata dareeling himalayan, pomara\u0144cza kandyzowana i sk\u00f3rka pomara\u0144czy, s\u0142onecznik<\/p>\n<p>Herbata<\/p>\n<p>otr\u0119by cena, kolostrum forte, k\u0142\u0119k ameryka\u0144ski, czym zast\u0105pi\u0107 rozmaryn, komplet witamin, czy mleko kozie ma laktoz\u0119, 4mind, pasta z fasoli adzuki, co to jest tapioka, odparzenie na udach, nasiona czarnuszki dawkowanie, p\u0142yn do prania eko<\/p>\n<p>yyyyy<\/p>\n","protected":false},"excerpt":{"rendered":"<p>herbata dareeling himalayan, pomara\u0144cza kandyzowana i sk\u00f3rka pomara\u0144czy, s\u0142onecznik Herbata otr\u0119by cena, kolostrum forte, k\u0142\u0119k ameryka\u0144ski, czym zast\u0105pi\u0107 rozmaryn, komplet&hellip;<\/p>\n","protected":false},"featured_media":6686,"comment_status":"closed","ping_status":"open","template":"","meta":[],"product_cat":[465],"product_tag":[841,877,659],"class_list":["post-6685","product","type-product","status-publish","has-post-thumbnail","hentry","product_cat-lozeczka-dzieciece","product_tag-biolab-shop","product_tag-bita-smietana-bez-laktozy","product_tag-jajka-marynowane-po-koreansku"],"_links":{"self":[{"href":"https:\/\/wegeblw.pl\/index.php\/wp-json\/wp\/v2\/product\/6685","targetHints":{"allow":["GET"]}}],"collection":[{"href":"https:\/\/wegeblw.pl\/index.php\/wp-json\/wp\/v2\/product"}],"about":[{"href":"https:\/\/wegeblw.pl\/index.php\/wp-json\/wp\/v2\/types\/product"}],"replies":[{"embeddable":true,"href":"https:\/\/wegeblw.pl\/index.php\/wp-json\/wp\/v2\/comments?post=6685"}],"wp:featuredmedia":[{"embeddable":true,"href":"https:\/\/wegeblw.pl\/index.php\/wp-json\/wp\/v2\/media\/6686"}],"wp:attachment":[{"href":"https:\/\/wegeblw.pl\/index.php\/wp-json\/wp\/v2\/media?parent=6685"}],"wp:term":[{"taxonomy":"product_cat","embeddable":true,"href":"https:\/\/wegeblw.pl\/index.php\/wp-json\/wp\/v2\/product_cat?post=6685"},{"taxonomy":"product_tag","embeddable":true,"href":"https:\/\/wegeblw.pl\/index.php\/wp-json\/wp\/v2\/product_tag?post=6685"}],"curies":[{"name":"wp","href":"https:\/\/api.w.org\/{rel}","templated":true}]}}