{"id":669,"date":"2018-09-20T21:36:22","date_gmt":"2018-09-20T19:36:22","guid":{"rendered":"https:\/\/wegeblw.pl\/index.php\/produkt\/uns-5-htp-griffonia-90-kaps\/"},"modified":"2026-04-28T04:17:34","modified_gmt":"2026-04-28T02:17:34","slug":"uns-5-htp-griffonia-90-kaps","status":"publish","type":"product","link":"https:\/\/wegeblw.pl\/index.php\/produkt\/uns-5-htp-griffonia-90-kaps\/","title":{"rendered":"Uns 5-Htp Griffonia 90 kaps."},"content":{"rendered":"<p>Okulary S\u0142oneczne Burberry<\/p>\n<p>Okulary przeciws\u0142oneczne damskie<\/p>\n<p>r\u00f3\u017cd\u017cka smaku, pacceri, brak jodu w organizmie, farby be\u017cowy blond, soda oczyszczona jak stosowa\u0107<\/p>\n<p>yyyyy<\/p>\n","protected":false},"excerpt":{"rendered":"<p>Okulary S\u0142oneczne Burberry Okulary przeciws\u0142oneczne damskie r\u00f3\u017cd\u017cka smaku, pacceri, brak jodu w organizmie, farby be\u017cowy blond, soda oczyszczona jak stosowa\u0107&hellip;<\/p>\n","protected":false},"featured_media":670,"comment_status":"closed","ping_status":"open","template":"","meta":[],"product_cat":[18],"product_tag":[652,719,622,695],"class_list":["post-669","product","type-product","status-publish","has-post-thumbnail","hentry","product_cat-mineraly-i-witaminy","product_tag-farmy-roztocza","product_tag-jaja-ekologiczne","product_tag-vege-mieso","product_tag-zupa-krem-pomidorowa"],"_links":{"self":[{"href":"https:\/\/wegeblw.pl\/index.php\/wp-json\/wp\/v2\/product\/669","targetHints":{"allow":["GET"]}}],"collection":[{"href":"https:\/\/wegeblw.pl\/index.php\/wp-json\/wp\/v2\/product"}],"about":[{"href":"https:\/\/wegeblw.pl\/index.php\/wp-json\/wp\/v2\/types\/product"}],"replies":[{"embeddable":true,"href":"https:\/\/wegeblw.pl\/index.php\/wp-json\/wp\/v2\/comments?post=669"}],"wp:featuredmedia":[{"embeddable":true,"href":"https:\/\/wegeblw.pl\/index.php\/wp-json\/wp\/v2\/media\/670"}],"wp:attachment":[{"href":"https:\/\/wegeblw.pl\/index.php\/wp-json\/wp\/v2\/media?parent=669"}],"wp:term":[{"taxonomy":"product_cat","embeddable":true,"href":"https:\/\/wegeblw.pl\/index.php\/wp-json\/wp\/v2\/product_cat?post=669"},{"taxonomy":"product_tag","embeddable":true,"href":"https:\/\/wegeblw.pl\/index.php\/wp-json\/wp\/v2\/product_tag?post=669"}],"curies":[{"name":"wp","href":"https:\/\/api.w.org\/{rel}","templated":true}]}}