{"id":6699,"date":"2020-11-10T03:48:33","date_gmt":"2020-11-10T02:48:33","guid":{"rendered":"https:\/\/wegeblw.pl\/index.php\/produkt\/akuku-bidon-ze-slomka-z-odwaznikiem-blue-yellow-280ml-a0165-1szt-a\/"},"modified":"2026-04-07T09:37:37","modified_gmt":"2026-04-07T07:37:37","slug":"akuku-bidon-ze-slomka-z-odwaznikiem-blue-yellow-280ml-a0165-1szt-a","status":"publish","type":"product","link":"https:\/\/wegeblw.pl\/index.php\/produkt\/akuku-bidon-ze-slomka-z-odwaznikiem-blue-yellow-280ml-a0165-1szt-a\/","title":{"rendered":"Akuku Bidon Ze S\u0142omk\u0105 Z Odwa\u017cnikiem Blue Yellow 280Ml A0165 1Szt.A"},"content":{"rendered":"<p>Okulary S\u0142oneczne Burberry<\/p>\n<p>Okulary przeciws\u0142oneczne damskie<\/p>\n<p>tapoka, czosnek nied\u017awiedzi kiedy ro\u015bnie, placki dla cukrzyk\u00f3w, fasola mung cena, platki musli, kaczka polska, hunan, imbir na kaszel<\/p>\n<p>yyyyy<\/p>\n","protected":false},"excerpt":{"rendered":"<p>Okulary S\u0142oneczne Burberry Okulary przeciws\u0142oneczne damskie tapoka, czosnek nied\u017awiedzi kiedy ro\u015bnie, placki dla cukrzyk\u00f3w, fasola mung cena, platki musli, kaczka&hellip;<\/p>\n","protected":false},"featured_media":6700,"comment_status":"closed","ping_status":"open","template":"","meta":[],"product_cat":[358],"product_tag":[872,671,775,702],"class_list":["post-6699","product","type-product","status-publish","has-post-thumbnail","hentry","product_cat-naczynia-i-sztucce-dla-dzieci","product_tag-bis-ethylhexyloxyphenol-methoxyphenyl-triazine","product_tag-jogurt-bez-mleka","product_tag-kwasna-smietana","product_tag-przepis-na-sekacz"],"_links":{"self":[{"href":"https:\/\/wegeblw.pl\/index.php\/wp-json\/wp\/v2\/product\/6699","targetHints":{"allow":["GET"]}}],"collection":[{"href":"https:\/\/wegeblw.pl\/index.php\/wp-json\/wp\/v2\/product"}],"about":[{"href":"https:\/\/wegeblw.pl\/index.php\/wp-json\/wp\/v2\/types\/product"}],"replies":[{"embeddable":true,"href":"https:\/\/wegeblw.pl\/index.php\/wp-json\/wp\/v2\/comments?post=6699"}],"wp:featuredmedia":[{"embeddable":true,"href":"https:\/\/wegeblw.pl\/index.php\/wp-json\/wp\/v2\/media\/6700"}],"wp:attachment":[{"href":"https:\/\/wegeblw.pl\/index.php\/wp-json\/wp\/v2\/media?parent=6699"}],"wp:term":[{"taxonomy":"product_cat","embeddable":true,"href":"https:\/\/wegeblw.pl\/index.php\/wp-json\/wp\/v2\/product_cat?post=6699"},{"taxonomy":"product_tag","embeddable":true,"href":"https:\/\/wegeblw.pl\/index.php\/wp-json\/wp\/v2\/product_tag?post=6699"}],"curies":[{"name":"wp","href":"https:\/\/api.w.org\/{rel}","templated":true}]}}