{"id":6713,"date":"2017-10-16T02:34:47","date_gmt":"2017-10-16T00:34:47","guid":{"rendered":"https:\/\/wegeblw.pl\/index.php\/produkt\/cybex-eezy-s-manhattan-grey-spacerowy\/"},"modified":"2026-04-07T08:21:37","modified_gmt":"2026-04-07T06:21:37","slug":"cybex-eezy-s-manhattan-grey-spacerowy","status":"publish","type":"product","link":"https:\/\/wegeblw.pl\/index.php\/produkt\/cybex-eezy-s-manhattan-grey-spacerowy\/","title":{"rendered":"Cybex Eezy S Manhattan Grey spacerowy"},"content":{"rendered":"<p>Okulary S\u0142oneczne Burberry<\/p>\n<p>Okulary przeciws\u0142oneczne damskie<\/p>\n<p>tapoka, czosnek nied\u017awiedzi kiedy ro\u015bnie, placki dla cukrzyk\u00f3w, fasola mung cena, platki musli, kaczka polska, hunan, imbir na kaszel<\/p>\n<p><a href=\"https:\/\/www.proteka.com.pl\/protezy\/wyluszczeniu-biodrowym\/\">wy\u0142uszczenie w stawie biodrowym<\/a><\/p>\n","protected":false},"excerpt":{"rendered":"<p>Okulary S\u0142oneczne Burberry Okulary przeciws\u0142oneczne damskie tapoka, czosnek nied\u017awiedzi kiedy ro\u015bnie, placki dla cukrzyk\u00f3w, fasola mung cena, platki musli, kaczka&hellip;<\/p>\n","protected":false},"featured_media":6714,"comment_status":"closed","ping_status":"open","template":"","meta":[],"product_cat":[371],"product_tag":[642,643,783,781],"class_list":["post-6713","product","type-product","status-publish","has-post-thumbnail","hentry","product_cat-wozki-spacerowe","product_tag-granat","product_tag-jak-ugotowac-komose","product_tag-majonez-vita-pol","product_tag-primabiotic-collagen"],"_links":{"self":[{"href":"https:\/\/wegeblw.pl\/index.php\/wp-json\/wp\/v2\/product\/6713","targetHints":{"allow":["GET"]}}],"collection":[{"href":"https:\/\/wegeblw.pl\/index.php\/wp-json\/wp\/v2\/product"}],"about":[{"href":"https:\/\/wegeblw.pl\/index.php\/wp-json\/wp\/v2\/types\/product"}],"replies":[{"embeddable":true,"href":"https:\/\/wegeblw.pl\/index.php\/wp-json\/wp\/v2\/comments?post=6713"}],"wp:featuredmedia":[{"embeddable":true,"href":"https:\/\/wegeblw.pl\/index.php\/wp-json\/wp\/v2\/media\/6714"}],"wp:attachment":[{"href":"https:\/\/wegeblw.pl\/index.php\/wp-json\/wp\/v2\/media?parent=6713"}],"wp:term":[{"taxonomy":"product_cat","embeddable":true,"href":"https:\/\/wegeblw.pl\/index.php\/wp-json\/wp\/v2\/product_cat?post=6713"},{"taxonomy":"product_tag","embeddable":true,"href":"https:\/\/wegeblw.pl\/index.php\/wp-json\/wp\/v2\/product_tag?post=6713"}],"curies":[{"name":"wp","href":"https:\/\/api.w.org\/{rel}","templated":true}]}}