{"id":6739,"date":"2022-09-21T02:23:37","date_gmt":"2022-09-21T00:23:37","guid":{"rendered":"https:\/\/wegeblw.pl\/index.php\/produkt\/fisher-price-zabka-mierz-ze-mna-flr16\/"},"modified":"2026-04-07T06:22:25","modified_gmt":"2026-04-07T04:22:25","slug":"fisher-price-zabka-mierz-ze-mna-flr16","status":"publish","type":"product","link":"https:\/\/wegeblw.pl\/index.php\/produkt\/fisher-price-zabka-mierz-ze-mna-flr16\/","title":{"rendered":"Fisher-Price \u017babka Mierz Ze Mn\u0105 (FLR16)"},"content":{"rendered":"<p>Biloba Extra Activlab Pharma to preparat zawieraj\u0105cy 12 starannie dobranych sk\u0142adnik\u00f3w aktywnych, w tym witaminy z grupy B. Ekstrakt z mi\u0142orz\u0119bu japo\u0144skiego wspiera prawid\u0142owe mikrokr\u0105\u017cenie krwi, pomaga utrzyma\u0107 zdolno\u015bci poznawcze i zachowa\u0107 prawid\u0142owe funkcje umys\u0142owe, przyczynia si\u0119 do utrzymania zdrowego wzroku i s\u0142uchu. Mi\u0142orz\u0105b posiada r\u00f3wnie\u017c w\u0142a\u015bciwo\u015bci antyoksydacyjne, chroni\u0105ce kom\u00f3rki przed dzia\u0142aniem wolnych rodnik\u00f3w. Jednocze\u015bnie sk\u0142adniki suplementu diety wspieraj\u0105 prawid\u0142owe funkcjonowanie uk\u0142adu nerwowego (magnez, niacyna, ryboflawina, tiamina, witamina B12, biotyna).Zastosowanie: suplementacja diety w sk\u0142adniki aktywne produktu.Zalecane spo\u017cycie: 1 kapsu\u0142ka dziennie.Sk\u0142adniki: diglycynian magnezu, ekstrakt z mi\u0142orz\u0119bu japo\u0144skiego (Ginkgo biloba), lecytynasojowa, kwas dokozaheksaenowy, witaminy (monoazotan tiaminy, ryboflawina, amid kwasu nikotynowego, D-pantotenian wapnia, chlorowodorek pirydoksyny, D-biotyna, kwas foliowy, cyjanokobalamina), substancja przeciwzbrylaj\u0105ca: sole magnezowe kwas\u00f3w t\u0142uszczowych, otoczka (\u017celatyna, barwniki: dwutlenek tytanu, indygotyna).1 kapsu\u0142ka zawiera: ekstrakt z mi\u0142orz\u0119bu japo\u0144skiego 100mg, w tym ginkoflawonoglikozydy 24mg, lecytyna 100mg, magnez 60mg (16%)*, kwas dokozaheksaenowy (DHA) 10mg, tiamina 1,1mg (100%)*, ryboflawina 1,4mg (100%)*, niacyna 16mg (100%)*, kwas pantotenowy 6mg (100%)*, witamina B6 1,4mg (100%)*, biotyna 50mcg (100%)*, kwas foliowy 200mcg (100%)*, witamina B12 2,5mcg (100%)**RWS &#8211; Referencyjna Warto\u015b\u0107 Spo\u017cyciaOstrze\u017cenia: nie stosowa\u0107 w przypadku nadwra\u017cliwo\u015bci na kt\u00f3rykolwiek sk\u0142adniki preparatu.Wa\u017cne wskaz\u00f3wki:Nie nale\u017cy przekracza\u0107 zalecanej dziennej porcji.Zr\u00f3wnowa\u017cony spos\u00f3b \u017cywienia i prawid\u0142owy tryb \u017cycia jest wa\u017cny dla funkcjonowania organizmu cz\u0142owieka.Suplement diety nie mo\u017ce by\u0107 stosowany jako substytut (zamiennik) zr\u00f3\u017cnicowanej diety.Przechowywa\u0107 w suchym miejscu w temperaturze pokojowej, w spos\u00f3b niedost\u0119pny dla ma\u0142ych dzieci.Ilo\u015b\u0107 netto: 60 kapsu\u0142ekDodatkowe informacje:Produkt mo\u017ce zawiera\u0107 pochodne zb\u00f3\u017c, zawieraj\u0105ce gluten, mleka.Producent:Regis Sp. z o.o.ul. W. S\u0142awka 3a30-633 Krak\u00f3w<\/p>\n<p>Uk\u0142ad nerwowy i pami\u0119\u0107<\/p>\n<p>gdzie kupi\u0107 produkty do sushi, solgar biotyna, nasiona chia lidl cena, hydrolat aloesowy, chrupki serowe biedronka, herbata na dobry humor, lekkostrawna zupa, herbatka z imbirem, czy pieczywo chrupkie jest zdrowe, lanoliny, pojemnik na yerba mate, szafir zielony, p\u0142atki dro\u017cd\u017cowe czym zast\u0105pi\u0107, czarny ry\u017c, cukier najwy\u017cszej jako\u015bci, olej lniany gdzie kupi\u0107, sok z marchewki i jab\u0142ka, m\u0142oda, ptasie mleczko, wydalanie, amarantus ekspandowany dla niemowl\u0105t<\/p>\n<p>yyyyy<\/p>\n","protected":false},"excerpt":{"rendered":"<p>Biloba Extra Activlab Pharma to preparat zawieraj\u0105cy 12 starannie dobranych sk\u0142adnik\u00f3w aktywnych, w tym witaminy z grupy B. Ekstrakt z&hellip;<\/p>\n","protected":false},"featured_media":6740,"comment_status":"closed","ping_status":"open","template":"","meta":[],"product_cat":[472],"product_tag":[747,855,722,833,849,638],"class_list":["post-6739","product","type-product","status-publish","has-post-thumbnail","hentry","product_cat-pozostale-zabawki-edukacyjne","product_tag-guma-guar-co-to","product_tag-kozie-mleko","product_tag-kurkuma-ile-dziennie","product_tag-maka-orkiszowa","product_tag-mogli","product_tag-onlybio-odzywka"],"_links":{"self":[{"href":"https:\/\/wegeblw.pl\/index.php\/wp-json\/wp\/v2\/product\/6739","targetHints":{"allow":["GET"]}}],"collection":[{"href":"https:\/\/wegeblw.pl\/index.php\/wp-json\/wp\/v2\/product"}],"about":[{"href":"https:\/\/wegeblw.pl\/index.php\/wp-json\/wp\/v2\/types\/product"}],"replies":[{"embeddable":true,"href":"https:\/\/wegeblw.pl\/index.php\/wp-json\/wp\/v2\/comments?post=6739"}],"wp:featuredmedia":[{"embeddable":true,"href":"https:\/\/wegeblw.pl\/index.php\/wp-json\/wp\/v2\/media\/6740"}],"wp:attachment":[{"href":"https:\/\/wegeblw.pl\/index.php\/wp-json\/wp\/v2\/media?parent=6739"}],"wp:term":[{"taxonomy":"product_cat","embeddable":true,"href":"https:\/\/wegeblw.pl\/index.php\/wp-json\/wp\/v2\/product_cat?post=6739"},{"taxonomy":"product_tag","embeddable":true,"href":"https:\/\/wegeblw.pl\/index.php\/wp-json\/wp\/v2\/product_tag?post=6739"}],"curies":[{"name":"wp","href":"https:\/\/api.w.org\/{rel}","templated":true}]}}