{"id":6753,"date":"2021-04-17T07:25:03","date_gmt":"2021-04-17T05:25:03","guid":{"rendered":"https:\/\/wegeblw.pl\/index.php\/produkt\/eva-dermo-balsam-intensywnie-nawilzajacy-do-ciala-250ml\/"},"modified":"2026-04-07T13:16:20","modified_gmt":"2026-04-07T11:16:20","slug":"eva-dermo-balsam-intensywnie-nawilzajacy-do-ciala-250ml","status":"publish","type":"product","link":"https:\/\/wegeblw.pl\/index.php\/produkt\/eva-dermo-balsam-intensywnie-nawilzajacy-do-ciala-250ml\/","title":{"rendered":"EVA DERMO balsam intensywnie nawil\u017caj\u0105cy do cia\u0142a 250ml"},"content":{"rendered":"<p>Pralki<\/p>\n<p>prawdziwe, kala namak, ry\u017c czerwony na cholesterol, k2 k\u0142odawa, krem na wiatr i mr\u00f3z dla niemowl\u0105t, dr ewa d\u0105browska wiek, toffi kokosowe, co zrobi\u0107 z m\u0105ki gryczanej, dieta kopenchadzka, cena kapusty, kolagen witamina c, kawa a stawy, funkcje b\u0142onnika, mi\u00f3d cynamon, ose\u0142ka z nerkowc\u00f3w, maltitol a cukrzyca, ekstrakt z pestek winogron 95 opc, czego nie je\u015b\u0107 karmi\u0105c piersi\u0105<\/p>\n<p>yyyyy<\/p>\n","protected":false},"excerpt":{"rendered":"<p>Pralki prawdziwe, kala namak, ry\u017c czerwony na cholesterol, k2 k\u0142odawa, krem na wiatr i mr\u00f3z dla niemowl\u0105t, dr ewa d\u0105browska&hellip;<\/p>\n","protected":false},"featured_media":6754,"comment_status":"closed","ping_status":"open","template":"","meta":[],"product_cat":[331],"product_tag":[780,784,862],"class_list":["post-6753","product","type-product","status-publish","has-post-thumbnail","hentry","product_cat-balsamy-i-mleczka-do-ciala","product_tag-b12","product_tag-mieso-weganskie","product_tag-pestki-granata"],"_links":{"self":[{"href":"https:\/\/wegeblw.pl\/index.php\/wp-json\/wp\/v2\/product\/6753","targetHints":{"allow":["GET"]}}],"collection":[{"href":"https:\/\/wegeblw.pl\/index.php\/wp-json\/wp\/v2\/product"}],"about":[{"href":"https:\/\/wegeblw.pl\/index.php\/wp-json\/wp\/v2\/types\/product"}],"replies":[{"embeddable":true,"href":"https:\/\/wegeblw.pl\/index.php\/wp-json\/wp\/v2\/comments?post=6753"}],"wp:featuredmedia":[{"embeddable":true,"href":"https:\/\/wegeblw.pl\/index.php\/wp-json\/wp\/v2\/media\/6754"}],"wp:attachment":[{"href":"https:\/\/wegeblw.pl\/index.php\/wp-json\/wp\/v2\/media?parent=6753"}],"wp:term":[{"taxonomy":"product_cat","embeddable":true,"href":"https:\/\/wegeblw.pl\/index.php\/wp-json\/wp\/v2\/product_cat?post=6753"},{"taxonomy":"product_tag","embeddable":true,"href":"https:\/\/wegeblw.pl\/index.php\/wp-json\/wp\/v2\/product_tag?post=6753"}],"curies":[{"name":"wp","href":"https:\/\/api.w.org\/{rel}","templated":true}]}}