{"id":6757,"date":"2014-05-10T23:15:33","date_gmt":"2014-05-10T21:15:33","guid":{"rendered":"https:\/\/wegeblw.pl\/index.php\/produkt\/bella-happy-chusteczki-kartonik-z-nadrukiem-wozu-strazackiego-100-szt\/"},"modified":"2026-04-09T13:22:57","modified_gmt":"2026-04-09T11:22:57","slug":"bella-happy-chusteczki-kartonik-z-nadrukiem-wozu-strazackiego-100-szt","status":"publish","type":"product","link":"https:\/\/wegeblw.pl\/index.php\/produkt\/bella-happy-chusteczki-kartonik-z-nadrukiem-wozu-strazackiego-100-szt\/","title":{"rendered":"Bella Happy Chusteczki Kartonik Z Nadrukiem Wozu Stra\u017cackiego 100 Szt"},"content":{"rendered":"<p>Stan produktuNowy z metk\u0105KolekcjaTestKolor kopertyDwukolorowy\u015arednica koperty (od-do)46 &#8211; 50 mmSzeroko\u015b\u0107 paska26\u015arednica koperty (dok\u0142adnie)46 mmGrubo\u015b\u0107 koperty13 mmRodzaj kopertyStal nierdzewnaKolor tarczyCzarnyFunkcjeTarcza 24-godzinna,Chronograf,DataRodzajM\u0119skiSzkie\u0142koMineralneMechanizmKwarcowyKolor paskaCzarnyMateria\u0142 paskaTworzywo sztuczneWodoszczelno\u015b\u01075 ATMTyp mechanizmuKwarcowyWy\u015bwietlaczAnalogowyTyp kalendarzaDzie\u0144 miesi\u0105ca, dzie\u0144 tygodnia,Zapi\u0119cieKlamerka<\/p>\n<p>Zegarki<\/p>\n<p>arachidowe, wega\u0144ski ser \u017c\u00f3\u0142ty, matcha wroc\u0142aw, soft gel, mieszanka do wypieku chleba, syrop z li\u015bci laurowych i cytryny<\/p>\n<p>yyyyy<\/p>\n","protected":false},"excerpt":{"rendered":"<p>Stan produktuNowy z metk\u0105KolekcjaTestKolor kopertyDwukolorowy\u015arednica koperty (od-do)46 &#8211; 50 mmSzeroko\u015b\u0107 paska26\u015arednica koperty (dok\u0142adnie)46 mmGrubo\u015b\u0107 koperty13 mmRodzaj kopertyStal nierdzewnaKolor tarczyCzarnyFunkcjeTarcza 24-godzinna,Chronograf,DataRodzajM\u0119skiSzkie\u0142koMineralneMechanizmKwarcowyKolor&hellip;<\/p>\n","protected":false},"featured_media":6758,"comment_status":"closed","ping_status":"open","template":"","meta":[],"product_cat":[123],"product_tag":[627,662,689,731,696],"class_list":["post-6757","product","type-product","status-publish","has-post-thumbnail","hentry","product_cat-kosmetyki-dla-dzieci-i-niemowlat","product_tag-agnieszka-cegielska-blog","product_tag-co-mozna-zrobic-z-kokosa","product_tag-maka-orkiszowa-wlasciwosci","product_tag-margaryna-bez-oleju-palmowego","product_tag-vitapol-majonez-domowy"],"_links":{"self":[{"href":"https:\/\/wegeblw.pl\/index.php\/wp-json\/wp\/v2\/product\/6757","targetHints":{"allow":["GET"]}}],"collection":[{"href":"https:\/\/wegeblw.pl\/index.php\/wp-json\/wp\/v2\/product"}],"about":[{"href":"https:\/\/wegeblw.pl\/index.php\/wp-json\/wp\/v2\/types\/product"}],"replies":[{"embeddable":true,"href":"https:\/\/wegeblw.pl\/index.php\/wp-json\/wp\/v2\/comments?post=6757"}],"wp:featuredmedia":[{"embeddable":true,"href":"https:\/\/wegeblw.pl\/index.php\/wp-json\/wp\/v2\/media\/6758"}],"wp:attachment":[{"href":"https:\/\/wegeblw.pl\/index.php\/wp-json\/wp\/v2\/media?parent=6757"}],"wp:term":[{"taxonomy":"product_cat","embeddable":true,"href":"https:\/\/wegeblw.pl\/index.php\/wp-json\/wp\/v2\/product_cat?post=6757"},{"taxonomy":"product_tag","embeddable":true,"href":"https:\/\/wegeblw.pl\/index.php\/wp-json\/wp\/v2\/product_tag?post=6757"}],"curies":[{"name":"wp","href":"https:\/\/api.w.org\/{rel}","templated":true}]}}