{"id":677,"date":"2015-10-19T20:16:11","date_gmt":"2015-10-19T18:16:11","guid":{"rendered":"https:\/\/wegeblw.pl\/index.php\/produkt\/singularis-superior-prostata-kompleks-60-kaps\/"},"modified":"2026-04-07T02:53:19","modified_gmt":"2026-04-07T00:53:19","slug":"singularis-superior-prostata-kompleks-60-kaps","status":"publish","type":"product","link":"https:\/\/wegeblw.pl\/index.php\/produkt\/singularis-superior-prostata-kompleks-60-kaps\/","title":{"rendered":"SINGULARIS SUPERIOR Prostata Kompleks 60 kaps."},"content":{"rendered":"<p>Herbatka Na Zaparcia Babka Jajowata P\u0142esznik<\/p>\n<p>Herbata<\/p>\n<p>majonez mango, a\u0142un dezodorant opinie, oliwa z oliwek extra vergine, najlepsze proszki do prania, yerba mate w ci\u0105\u017cy, ser bez laktozy, bu\u0142ka pszenno \u017cytnia, przyprawa podlaska, karob w proszku<\/p>\n<p>yyyyy<\/p>\n","protected":false},"excerpt":{"rendered":"<p>Herbatka Na Zaparcia Babka Jajowata P\u0142esznik Herbata majonez mango, a\u0142un dezodorant opinie, oliwa z oliwek extra vergine, najlepsze proszki do&hellip;<\/p>\n","protected":false},"featured_media":678,"comment_status":"closed","ping_status":"open","template":"","meta":[],"product_cat":[85],"product_tag":[800,814,738,822,687],"class_list":["post-677","product","type-product","status-publish","has-post-thumbnail","hentry","product_cat-uklad-moczowy-i-plciowy","product_tag-isolabio","product_tag-kotlet-linda-mccartney","product_tag-mieso-bio","product_tag-mleko-kozie","product_tag-produkty-bez-bialka"],"_links":{"self":[{"href":"https:\/\/wegeblw.pl\/index.php\/wp-json\/wp\/v2\/product\/677","targetHints":{"allow":["GET"]}}],"collection":[{"href":"https:\/\/wegeblw.pl\/index.php\/wp-json\/wp\/v2\/product"}],"about":[{"href":"https:\/\/wegeblw.pl\/index.php\/wp-json\/wp\/v2\/types\/product"}],"replies":[{"embeddable":true,"href":"https:\/\/wegeblw.pl\/index.php\/wp-json\/wp\/v2\/comments?post=677"}],"wp:featuredmedia":[{"embeddable":true,"href":"https:\/\/wegeblw.pl\/index.php\/wp-json\/wp\/v2\/media\/678"}],"wp:attachment":[{"href":"https:\/\/wegeblw.pl\/index.php\/wp-json\/wp\/v2\/media?parent=677"}],"wp:term":[{"taxonomy":"product_cat","embeddable":true,"href":"https:\/\/wegeblw.pl\/index.php\/wp-json\/wp\/v2\/product_cat?post=677"},{"taxonomy":"product_tag","embeddable":true,"href":"https:\/\/wegeblw.pl\/index.php\/wp-json\/wp\/v2\/product_tag?post=677"}],"curies":[{"name":"wp","href":"https:\/\/api.w.org\/{rel}","templated":true}]}}