{"id":6783,"date":"2013-11-24T18:25:04","date_gmt":"2013-11-24T17:25:04","guid":{"rendered":"https:\/\/wegeblw.pl\/index.php\/produkt\/akuku-okrycie-kapielowe-80x80cm\/"},"modified":"2026-04-09T12:09:30","modified_gmt":"2026-04-09T10:09:30","slug":"akuku-okrycie-kapielowe-80x80cm","status":"publish","type":"product","link":"https:\/\/wegeblw.pl\/index.php\/produkt\/akuku-okrycie-kapielowe-80x80cm\/","title":{"rendered":"Akuku Okrycie K\u0105pielowe 80X80Cm"},"content":{"rendered":"<p>Nazwa produktu:Olimp, Forsen Forte z Walerian\u0105, 30 kapsu\u0142ekRodzaj produktu:suplement dietyOpis produktu:SPOKOJNY SEN I DOBRE SAMOPOCZUCIEForsen\u00ae to suplement diety zawieraj\u0105cy kompleks ekstrakt\u00f3w ro\u015blinnych, takich jak: ekstrakt owsa zwyczajnego oraz melisy przyczyniaj\u0105cych si\u0119 do zmniejszenia uczucia napi\u0119cia i niepokoju (b\u0119d\u0105cych cz\u0119sto przyczyn\u0105 problem\u00f3w z zasypianiem) oraz poprawiaj\u0105cych jako\u015b\u0107 snu, niezb\u0119dnego do regeneracji i prawid\u0142owego funkcjonowania organizmu. Ekstrakt szyszek chmielu dzia\u0142a koj\u0105co na uk\u0142ad nerwowy, ekstrakt szafranu pomaga osi\u0105gn\u0105\u0107 r\u00f3wnowag\u0119 emocjonaln\u0105 i pozytywny nastr\u00f3j. Preparat wzbogacono L-teanin\u0105, L-tryptofanem, a tak\u017ce magnezem oraz witaminami B3 i B6, kt\u00f3re pomagaj\u0105 w prawid\u0142owym funkcjonowaniu uk\u0142adu nerwowego oraz przyczyniaj\u0105 si\u0119 do zmniejszenia uczucia zm\u0119czenia i znu\u017cenia organizmu.Gdy sen to problem&#8230;Wyst\u0119powanie bezsenno\u015bci jest znaczne, w Polsce \u2013 jak wynika z bada\u0144 \u2013 problem ten dotyka ok. 10 procent spo\u0142ecze\u0144stwa. Okresowe problemy ze snem stwierdza si\u0119 u 40-50% doros\u0142ej populacji. Stres, intensywny tryb \u017cycia, problemy zawodowe lub osobiste \u2013 to g\u0142\u00f3wne przyczyny zaburze\u0144 snu. Mog\u0105 one dotyczy\u0107 trudno\u015bci w zasypianiu, utrzymaniu snu lub zbyt wczesne budzenie. Zaburzenia te mog\u0105 prowadzi\u0107 do znacznie gorszego samopoczucia oraz zaburze\u0144 funkcjonowania w \u017cyciu codziennym.Wykaz sk\u0142adnik\u00f3w:Sk\u0142adniki: diglicynian magnezu (chelat aminokwasowy magnezu Albion\u00ae), L-teanina, L-tryptofan, ekstrakt owsa zwyczajnego (Avena sativa L.), tlenek magnezu, ekstrakt melisy (Melissa officinalis L.), ekstrakt z szyszek chmielu zwyczajnego (Humulus lupulus L.), kwas gamma-aminomas\u0142owy, ekstrakt szafranu (Crocus sativus L.), amid kwasu nikotynowego \u2013 niacyna, chlorowodorek pirydoksyny &#8211; wit. B6, celuloza mikrokrystaliczna &#8211; substancja wype\u0142niaj\u0105ca, stearynian magnezu \u2013 substancja przeciwzbrylaj\u0105ca, kapsu\u0142ka (\u017celatyna \u2013 sk\u0142adnik otoczki, barwnik: E 171).Ilo\u015bci sk\u0142adnik\u00f3w:Informacja \u017cywieniowa 1 kapsu\u0142ka %RWS*- Ekstrakt z korzenia koz\u0142ka lekarskiego (Valeriana officinalis L.) 300 mg- Ekstrakt melisy (Melissa officinalis L.) 200 mg- Ekstrakt z koszyczka rumianku (Matricaria recutita L.) 100 mg- Niacyna 16 mg (100%**)- Witamina B6 1,4 mg (100%**)- Ryboflawina (wit. B2) 1,4 mg (100%**)Sugerowane dawkowanie:1 kapsu\u0142ka dziennieNie nale\u017cy przekracza\u0107 zalecanej dawki produktu do spo\u017cycia w ci\u0105gu dnia.Instrukcja u\u017cycia:Najlepiej na oko\u0142o 30 minut przed snem.Przeciwwskazania:Produkt nie powinien by\u0107 spo\u017cywany w przypadku stosowania lek\u00f3w o dzia\u0142aniu uspokajaj\u0105cym, nasennym, przeciwl\u0119kowym i przeciwpadaczkowym. Nie stosowa\u0107 u dzieci, kobiet w ci\u0105\u017cy i w okresie karmienia piersi\u0105 oraz w przypadku nadwra\u017cliwo\u015bci na kt\u00f3rykolwiek ze sk\u0142adnik\u00f3w preparatu. W okresie stosowania produktu nie nale\u017cy spo\u017cywa\u0107 alkoholu. Po spo\u017cyciu nie nale\u017cy prowadzi\u0107 pojazd\u00f3w i obs\u0142ugiwa\u0107 urz\u0105dze\u0144 mechanicznych. Nie u\u017cywa\u0107 jednocze\u015bnie innych preparat\u00f3w zawieraj\u0105cych znajduj\u0105ce sie w produkcie sk\u0142adniki ro\u015blinne.Warunki przechowywania:Przechowywa\u0107 w suchym miejscu w temperaturze poni\u017cej 25 \u00b0C w spos\u00f3b niedost\u0119pny dla ma\u0142ych dzieci. Chroni\u0107 przed \u015bwiat\u0142em.Dodatkowe informacje:Przeznaczenie: jako suplement diety dla os\u00f3b doros\u0142ych, d\u0105\u017c\u0105cych do uzyskania stanu odpr\u0119\u017cenia w sytuacjach stresu i napi\u0119cia, a dzi\u0119ki temu \u0142atwiejszego zasypiania.Nazwa firmy produkuj\u0105cej \u015brodek\/Adres podmiotu:OLIMP LABORATORIES Sp. z o. o.Pustynia 84F39-200 D\u0119bicaKraj lub miejsce pochodzenia:Wyprodukowano w Unii Europejskiej.Suplement diety (\u015brodek spo\u017cywczy) nie mo\u017ce by\u0107 stosowany jako substytut zr\u00f3\u017cnicowanej diety.Celem suplementu diety jest uzupe\u0142nienie normalnej diety.Dodatkowe informacje o produkcie znajduj\u0105 si\u0119 w ulotce za\u0142\u0105czonej do produktu b\u0105d\u017a na jego opakowaniu.<\/p>\n<p>Uk\u0142ad nerwowy i pami\u0119\u0107<\/p>\n<p>morwa bia\u0142a a tarczyca, orzechy cena, suszony burak, amarantus popping<\/p>\n<p><a href=\"https:\/\/eneroo.pl\/strop-drewniany-czy-warto\">belki stropowe drewniane dwuteowe<\/a><\/p>\n","protected":false},"excerpt":{"rendered":"<p>Nazwa produktu:Olimp, Forsen Forte z Walerian\u0105, 30 kapsu\u0142ekRodzaj produktu:suplement dietyOpis produktu:SPOKOJNY SEN I DOBRE SAMOPOCZUCIEForsen\u00ae to suplement diety zawieraj\u0105cy kompleks&hellip;<\/p>\n","protected":false},"featured_media":6784,"comment_status":"closed","ping_status":"open","template":"","meta":[],"product_cat":[476],"product_tag":[835,879,810],"class_list":["post-6783","product","type-product","status-publish","has-post-thumbnail","hentry","product_cat-reczniki-i-okrycia-kapielowe","product_tag-kurkuma-dzialanie","product_tag-makaron-konjak","product_tag-pasta-misp"],"_links":{"self":[{"href":"https:\/\/wegeblw.pl\/index.php\/wp-json\/wp\/v2\/product\/6783","targetHints":{"allow":["GET"]}}],"collection":[{"href":"https:\/\/wegeblw.pl\/index.php\/wp-json\/wp\/v2\/product"}],"about":[{"href":"https:\/\/wegeblw.pl\/index.php\/wp-json\/wp\/v2\/types\/product"}],"replies":[{"embeddable":true,"href":"https:\/\/wegeblw.pl\/index.php\/wp-json\/wp\/v2\/comments?post=6783"}],"wp:featuredmedia":[{"embeddable":true,"href":"https:\/\/wegeblw.pl\/index.php\/wp-json\/wp\/v2\/media\/6784"}],"wp:attachment":[{"href":"https:\/\/wegeblw.pl\/index.php\/wp-json\/wp\/v2\/media?parent=6783"}],"wp:term":[{"taxonomy":"product_cat","embeddable":true,"href":"https:\/\/wegeblw.pl\/index.php\/wp-json\/wp\/v2\/product_cat?post=6783"},{"taxonomy":"product_tag","embeddable":true,"href":"https:\/\/wegeblw.pl\/index.php\/wp-json\/wp\/v2\/product_tag?post=6783"}],"curies":[{"name":"wp","href":"https:\/\/api.w.org\/{rel}","templated":true}]}}