{"id":6785,"date":"2016-10-16T11:14:42","date_gmt":"2016-10-16T09:14:42","guid":{"rendered":"https:\/\/wegeblw.pl\/index.php\/produkt\/fisher-price-home-decor-nocniczek-4w1-z-dzwiekami-hbx68\/"},"modified":"2026-04-09T10:25:38","modified_gmt":"2026-04-09T08:25:38","slug":"fisher-price-home-decor-nocniczek-4w1-z-dzwiekami-hbx68","status":"publish","type":"product","link":"https:\/\/wegeblw.pl\/index.php\/produkt\/fisher-price-home-decor-nocniczek-4w1-z-dzwiekami-hbx68\/","title":{"rendered":"Fisher-Price Home Decor Nocniczek 4w1 z d\u017awi\u0119kami HBX68"},"content":{"rendered":"<p>Suplementy na odchudzanie<\/p>\n<p>mleka ro\u015blinne, tortilla pszenna, babalski sklep, zepsuty ocet jab\u0142kowy, chrupki pizza, kostki roso\u0142owe bio<\/p>\n<p>yyyyy<\/p>\n","protected":false},"excerpt":{"rendered":"<p>Suplementy na odchudzanie mleka ro\u015blinne, tortilla pszenna, babalski sklep, zepsuty ocet jab\u0142kowy, chrupki pizza, kostki roso\u0142owe bio yyyyy<\/p>\n","protected":false},"featured_media":6786,"comment_status":"closed","ping_status":"open","template":"","meta":[],"product_cat":[477],"product_tag":[675,738,824,732,767,718],"class_list":["post-6785","product","type-product","status-publish","has-post-thumbnail","hentry","product_cat-nocniki-nakladki-na-wc-i-podesty","product_tag-limonki","product_tag-mieso-bio","product_tag-miso-pasta","product_tag-produkty-bez-laktozy","product_tag-quinoa-komosa-ryzowa","product_tag-zamiennik-jogurtu-naturalnego"],"_links":{"self":[{"href":"https:\/\/wegeblw.pl\/index.php\/wp-json\/wp\/v2\/product\/6785","targetHints":{"allow":["GET"]}}],"collection":[{"href":"https:\/\/wegeblw.pl\/index.php\/wp-json\/wp\/v2\/product"}],"about":[{"href":"https:\/\/wegeblw.pl\/index.php\/wp-json\/wp\/v2\/types\/product"}],"replies":[{"embeddable":true,"href":"https:\/\/wegeblw.pl\/index.php\/wp-json\/wp\/v2\/comments?post=6785"}],"wp:featuredmedia":[{"embeddable":true,"href":"https:\/\/wegeblw.pl\/index.php\/wp-json\/wp\/v2\/media\/6786"}],"wp:attachment":[{"href":"https:\/\/wegeblw.pl\/index.php\/wp-json\/wp\/v2\/media?parent=6785"}],"wp:term":[{"taxonomy":"product_cat","embeddable":true,"href":"https:\/\/wegeblw.pl\/index.php\/wp-json\/wp\/v2\/product_cat?post=6785"},{"taxonomy":"product_tag","embeddable":true,"href":"https:\/\/wegeblw.pl\/index.php\/wp-json\/wp\/v2\/product_tag?post=6785"}],"curies":[{"name":"wp","href":"https:\/\/api.w.org\/{rel}","templated":true}]}}