{"id":6803,"date":"2018-05-10T19:10:38","date_gmt":"2018-05-10T17:10:38","guid":{"rendered":"https:\/\/wegeblw.pl\/index.php\/produkt\/stara-mydlarnia-keratin-spray-do-wlosow-100-ml-645656\/"},"modified":"2026-04-08T07:03:47","modified_gmt":"2026-04-08T05:03:47","slug":"stara-mydlarnia-keratin-spray-do-wlosow-100-ml-645656","status":"publish","type":"product","link":"https:\/\/wegeblw.pl\/index.php\/produkt\/stara-mydlarnia-keratin-spray-do-wlosow-100-ml-645656\/","title":{"rendered":"Stara Mydlarnia Keratin Spray Do W\u0142os\u00f3w 100 ml (645656)"},"content":{"rendered":"<p>&#8211; Prosty fason.- Zapi\u0119cie na suwak.- Mi\u0119kko wy\u015bcie\u0142any model.- R\u0119kawy wyko\u0144czone \u015bci\u0105gaczem.- Dolna kraw\u0119d\u017a wyko\u0144czona \u015bci\u0105gaczem.- Model z kapturem.- G\u0142adka dzianina.- Szeroko\u015b\u0107 pod pachami: 36 cm.- D\u0142ugo\u015b\u0107 r\u0119kawa: 40 cm.- D\u0142ugo\u015b\u0107: 41 cm.- Wymiary podane dla wzrostu: 110 cm.<\/p>\n<p>Bluzy i swetry dzieci\u0119ce<\/p>\n<p>migda\u0142y ca\u0142e, b\u0142onnik jak stosowa\u0107, matuli, \u015bliwki suszone cena, zielone szparagi czy obiera\u0107, \u0142uski babki p\u0142esznik, rodzaje skrobi, najlepszy energetyk, mus kokosowy do czego, ostrza\u0142ka do no\u017cy any sharp, syrop z imbiru pasteryzowany, vermis junior, ashwaghanda, only eco p\u0142yn do prania, ile kalorii maj\u0105 wi\u015bnie, daktyle 1 kg, rokitnika, mus wisniowy, dro\u017cd\u017ce w tabletkach skutki uboczne<\/p>\n<p><a href=\"https:\/\/eneroo.pl\/wp-content\/uploads\/2018\/04\/KVH-karta-techniczna-.pdf\">drewno c24 norma<\/a><\/p>\n","protected":false},"excerpt":{"rendered":"<p>&#8211; Prosty fason.- Zapi\u0119cie na suwak.- Mi\u0119kko wy\u015bcie\u0142any model.- R\u0119kawy wyko\u0144czone \u015bci\u0105gaczem.- Dolna kraw\u0119d\u017a wyko\u0144czona \u015bci\u0105gaczem.- Model z kapturem.- G\u0142adka&hellip;<\/p>\n","protected":false},"featured_media":6804,"comment_status":"closed","ping_status":"open","template":"","meta":[],"product_cat":[478],"product_tag":[698,815,628,702],"class_list":["post-6803","product","type-product","status-publish","has-post-thumbnail","hentry","product_cat-pozostale-kosmetyki-do-wlosow","product_tag-kurczak-ekologiczny","product_tag-margaryny-bez-oleju-palmowego","product_tag-mieso-roslinne","product_tag-przepis-na-sekacz"],"_links":{"self":[{"href":"https:\/\/wegeblw.pl\/index.php\/wp-json\/wp\/v2\/product\/6803","targetHints":{"allow":["GET"]}}],"collection":[{"href":"https:\/\/wegeblw.pl\/index.php\/wp-json\/wp\/v2\/product"}],"about":[{"href":"https:\/\/wegeblw.pl\/index.php\/wp-json\/wp\/v2\/types\/product"}],"replies":[{"embeddable":true,"href":"https:\/\/wegeblw.pl\/index.php\/wp-json\/wp\/v2\/comments?post=6803"}],"wp:featuredmedia":[{"embeddable":true,"href":"https:\/\/wegeblw.pl\/index.php\/wp-json\/wp\/v2\/media\/6804"}],"wp:attachment":[{"href":"https:\/\/wegeblw.pl\/index.php\/wp-json\/wp\/v2\/media?parent=6803"}],"wp:term":[{"taxonomy":"product_cat","embeddable":true,"href":"https:\/\/wegeblw.pl\/index.php\/wp-json\/wp\/v2\/product_cat?post=6803"},{"taxonomy":"product_tag","embeddable":true,"href":"https:\/\/wegeblw.pl\/index.php\/wp-json\/wp\/v2\/product_tag?post=6803"}],"curies":[{"name":"wp","href":"https:\/\/api.w.org\/{rel}","templated":true}]}}