{"id":6813,"date":"2025-09-18T06:45:19","date_gmt":"2025-09-18T04:45:19","guid":{"rendered":"https:\/\/wegeblw.pl\/?post_type=product&#038;p=6813"},"modified":"2026-04-06T23:50:21","modified_gmt":"2026-04-06T21:50:21","slug":"bebilon-profutura-duo-biotik-4-mleko-modyfikowane-po-2-roku-6x800g","status":"publish","type":"product","link":"https:\/\/wegeblw.pl\/index.php\/produkt\/bebilon-profutura-duo-biotik-4-mleko-modyfikowane-po-2-roku-6x800g\/","title":{"rendered":"Bebilon Profutura Duo Biotik 4 mleko modyfikowane po 2 roku 6x800g"},"content":{"rendered":"<p>Bebilon Profutura Duo Biotik 4, mleko modyfikowane, po 2 roku, 800 g                            <\/p>\n<p>Opis produktu<br \/>\nBebilon\u00ae Profutura\u00ae Duo Biotik 4 to mleko modyfikowane opracowane z my\u015bl\u0105 o dzieciach w wieku powy\u017cej 2 lat, odpowiednie do stosowania jako cz\u0119\u015b\u0107 zr\u00f3\u017cnicowanej diety maluszka. Zosta\u0142o wzbogacone w witaminy i sk\u0142adniki mineralne, by zaspokaja\u0107 rosn\u0105ce potrzeby \u017cywieniowe dziecka w danym wieku. Mo\u017ce by\u0107 podawane jako samodzielny posi\u0142ek w postaci mleka do picia, b\u0105d\u017a pos\u0142u\u017cy\u0107 do przygotowania posi\u0142k\u00f3w mlecznych takich jak kaszka czy kleik.<\/p>\n<p>Mleko w proszku Bebilon\u00ae Profutura\u00ae Duo Biotik 4 posiada zaawansowan\u0105 formu\u0142\u0119 DuoBiotik. Zastosowano w nim m.in. unikaln\u0105 kompozycj\u0119 oligosacharyd\u00f3w GOS\/FOS, stworzon\u0105 na wz\u00f3r kobiecego mleka, oligosacharyd HMO 3GL, kt\u00f3ry powstaje w unikalnym procesie opracowanym przez Bebilon oraz oligosacharyd mleka matki HMO 2FL. Zawiera r\u00f3wnie\u017c kwasy t\u0142uszczowe, w tym omega-3 (kwas alfa-linolenowy ALA) oraz cenne witaminy i sk\u0142adniki mineralne.<\/p>\n<p>Witaminy A, C i D oraz cynk tworz\u0105 immuno-kompozycj\u0119, kt\u00f3ra wspiera prawid\u0142owe funkcjonowanie uk\u0142adu odporno\u015bciowego.<br \/>\nRyboflawina (witamina B2) przyczynia si\u0119 do utrzymania prawid\u0142owego metabolizmu energetycznego.<br \/>\nJod i \u017celazo wspieraj\u0105 prawid\u0142owy rozw\u00f3j poznawczy.<br \/>\nWap\u0144 jest potrzebny do utrzymania zdrowych ko\u015bci.<br \/>\nOpakowanie zawieraj\u0105ce 800 g proszku starcza przygotowanie 27 porcji mleka Bebilon\u00ae Profutura\u00ae Duo Biotik 4 o pojemno\u015bci 200 ml. Wyposa\u017cone zosta\u0142o w wieczko, kt\u00f3re pozwala na higieniczne przechowywanie produktu i zapobiega wysypywaniu. Do\u0142\u0105czono do niego miark\u0119, kt\u00f3ra s\u0142u\u017cy do odmierzania odpowiedniej ilo\u015bci proszku. Opakowanie w ca\u0142o\u015bci nadaje si\u0119 do recyklingu.<\/p>\n<p>Mleka nast\u0119pne<\/p>\n<p>szusz wiek, s\u0142oik na og\u00f3rki, old friends, py\u0142ek kwiatowy dawkowanie, sza\u0142wii, kuskus bezglutenowy, ekologiczne kosmetyki do makija\u017cu dla dzieci, ciasta dla cukrzykow<\/p>\n<p>yyyyy<\/p>\n","protected":false},"excerpt":{"rendered":"<p>Bebilon Profutura Duo Biotik 4, mleko modyfikowane, po 2 roku, 800 g Opis produktu Bebilon\u00ae Profutura\u00ae Duo Biotik 4 to&hellip;<\/p>\n","protected":false},"featured_media":6814,"comment_status":"closed","ping_status":"open","template":"","meta":[],"product_cat":[479],"product_tag":[863,755,870,773],"class_list":["post-6813","product","type-product","status-publish","has-post-thumbnail","hentry","product_cat-mleka-nastepne","product_tag-antidotum","product_tag-olej-ryzowy-do-smazenia","product_tag-oliwa-z-oliwek","product_tag-organic-sklep"],"_links":{"self":[{"href":"https:\/\/wegeblw.pl\/index.php\/wp-json\/wp\/v2\/product\/6813","targetHints":{"allow":["GET"]}}],"collection":[{"href":"https:\/\/wegeblw.pl\/index.php\/wp-json\/wp\/v2\/product"}],"about":[{"href":"https:\/\/wegeblw.pl\/index.php\/wp-json\/wp\/v2\/types\/product"}],"replies":[{"embeddable":true,"href":"https:\/\/wegeblw.pl\/index.php\/wp-json\/wp\/v2\/comments?post=6813"}],"wp:featuredmedia":[{"embeddable":true,"href":"https:\/\/wegeblw.pl\/index.php\/wp-json\/wp\/v2\/media\/6814"}],"wp:attachment":[{"href":"https:\/\/wegeblw.pl\/index.php\/wp-json\/wp\/v2\/media?parent=6813"}],"wp:term":[{"taxonomy":"product_cat","embeddable":true,"href":"https:\/\/wegeblw.pl\/index.php\/wp-json\/wp\/v2\/product_cat?post=6813"},{"taxonomy":"product_tag","embeddable":true,"href":"https:\/\/wegeblw.pl\/index.php\/wp-json\/wp\/v2\/product_tag?post=6813"}],"curies":[{"name":"wp","href":"https:\/\/api.w.org\/{rel}","templated":true}]}}