{"id":6825,"date":"2015-05-17T02:33:26","date_gmt":"2015-05-17T00:33:26","guid":{"rendered":"https:\/\/wegeblw.pl\/index.php\/produkt\/kneipp-krysztalki-do-kapieli-stawy-i-miesnie-60-g\/"},"modified":"2026-04-09T00:19:35","modified_gmt":"2026-04-08T22:19:35","slug":"kneipp-krysztalki-do-kapieli-stawy-i-miesnie-60-g","status":"publish","type":"product","link":"https:\/\/wegeblw.pl\/index.php\/produkt\/kneipp-krysztalki-do-kapieli-stawy-i-miesnie-60-g\/","title":{"rendered":"Kneipp kryszta\u0142ki do k\u0105pieli Stawy i mi\u0119\u015bnie 60 g"},"content":{"rendered":"<p>Stan produktuNowy z metk\u0105KolekcjaTestKolor kopertyDwukolorowy\u015arednica koperty (od-do)46 &#8211; 50 mmSzeroko\u015b\u0107 paska26\u015arednica koperty (dok\u0142adnie)46 mmGrubo\u015b\u0107 koperty13 mmRodzaj kopertyStal nierdzewnaKolor tarczyCzarnyFunkcjeTarcza 24-godzinna,Chronograf,DataRodzajM\u0119skiSzkie\u0142koMineralneMechanizmKwarcowyKolor paskaCzarnyMateria\u0142 paskaTworzywo sztuczneWodoszczelno\u015b\u01075 ATMTyp mechanizmuKwarcowyWy\u015bwietlaczAnalogowyTyp kalendarzaDzie\u0144 miesi\u0105ca, dzie\u0144 tygodnia,Zapi\u0119cieKlamerka<\/p>\n<p>Zegarki<\/p>\n<p>arachidowe, wega\u0144ski ser \u017c\u00f3\u0142ty, matcha wroc\u0142aw, soft gel, mieszanka do wypieku chleba, syrop z li\u015bci laurowych i cytryny<\/p>\n<p><a href=\"https:\/\/doktor-porady.pl\/\">https:\/\/doktor-porady.pl\/<\/a><\/p>\n","protected":false},"excerpt":{"rendered":"<p>Stan produktuNowy z metk\u0105KolekcjaTestKolor kopertyDwukolorowy\u015arednica koperty (od-do)46 &#8211; 50 mmSzeroko\u015b\u0107 paska26\u015arednica koperty (dok\u0142adnie)46 mmGrubo\u015b\u0107 koperty13 mmRodzaj kopertyStal nierdzewnaKolor tarczyCzarnyFunkcjeTarcza 24-godzinna,Chronograf,DataRodzajM\u0119skiSzkie\u0142koMineralneMechanizmKwarcowyKolor&hellip;<\/p>\n","protected":false},"featured_media":6826,"comment_status":"closed","ping_status":"open","template":"","meta":[],"product_cat":[482],"product_tag":[759,735,697,699],"class_list":["post-6825","product","type-product","status-publish","has-post-thumbnail","hentry","product_cat-pozostale-kosmetyki-do-kapieli","product_tag-kurkuma","product_tag-na-dobranoc","product_tag-osteoporoza-a-banany","product_tag-sok-z-cytryn"],"_links":{"self":[{"href":"https:\/\/wegeblw.pl\/index.php\/wp-json\/wp\/v2\/product\/6825","targetHints":{"allow":["GET"]}}],"collection":[{"href":"https:\/\/wegeblw.pl\/index.php\/wp-json\/wp\/v2\/product"}],"about":[{"href":"https:\/\/wegeblw.pl\/index.php\/wp-json\/wp\/v2\/types\/product"}],"replies":[{"embeddable":true,"href":"https:\/\/wegeblw.pl\/index.php\/wp-json\/wp\/v2\/comments?post=6825"}],"wp:featuredmedia":[{"embeddable":true,"href":"https:\/\/wegeblw.pl\/index.php\/wp-json\/wp\/v2\/media\/6826"}],"wp:attachment":[{"href":"https:\/\/wegeblw.pl\/index.php\/wp-json\/wp\/v2\/media?parent=6825"}],"wp:term":[{"taxonomy":"product_cat","embeddable":true,"href":"https:\/\/wegeblw.pl\/index.php\/wp-json\/wp\/v2\/product_cat?post=6825"},{"taxonomy":"product_tag","embeddable":true,"href":"https:\/\/wegeblw.pl\/index.php\/wp-json\/wp\/v2\/product_tag?post=6825"}],"curies":[{"name":"wp","href":"https:\/\/api.w.org\/{rel}","templated":true}]}}