{"id":6829,"date":"2015-06-18T03:53:00","date_gmt":"2015-06-18T01:53:00","guid":{"rendered":"https:\/\/wegeblw.pl\/index.php\/produkt\/kompin-krople-do-pracy-z-komputerem-10ml\/"},"modified":"2026-04-13T10:36:26","modified_gmt":"2026-04-13T08:36:26","slug":"kompin-krople-do-pracy-z-komputerem-10ml","status":"publish","type":"product","link":"https:\/\/wegeblw.pl\/index.php\/produkt\/kompin-krople-do-pracy-z-komputerem-10ml\/","title":{"rendered":"Kompin krople do pracy z komputerem 10ml"},"content":{"rendered":"<p>Homeopatyczny produkt leczniczy, kt\u00f3ry nie posiada wskaza\u0144 leczniczych. Lek ten mo\u017cna stosowa\u0107 w leczeniu r\u00f3\u017cnych chor\u00f3b. Ze wzgl\u0119du na szerokie zastosowanie do leku nie dodaje si\u0119 ulotki, ani informacji zwi\u0105zanych ze sposobem dawkowania.<\/p>\n<p>Homeopatia<\/p>\n<p>yerba w\u0142a\u015bciwo\u015bci, krokiety bez mi\u0119sa, 45 9, biomarket wroc\u0142aw, s\u0119kacz sklep, sprz\u0105tanie produkcji, probiotyk naturalny<\/p>\n<p>yyyyy<\/p>\n","protected":false},"excerpt":{"rendered":"<p>Homeopatyczny produkt leczniczy, kt\u00f3ry nie posiada wskaza\u0144 leczniczych. Lek ten mo\u017cna stosowa\u0107 w leczeniu r\u00f3\u017cnych chor\u00f3b. Ze wzgl\u0119du na szerokie&hellip;<\/p>\n","protected":false},"featured_media":6830,"comment_status":"closed","ping_status":"open","template":"","meta":[],"product_cat":[45],"product_tag":[744,663,683],"class_list":["post-6829","product","type-product","status-publish","has-post-thumbnail","hentry","product_cat-wzrok-i-sluch","product_tag-haagen-dazs","product_tag-sekacz-ciasto","product_tag-ziola-regenerujace-nadnercza"],"_links":{"self":[{"href":"https:\/\/wegeblw.pl\/index.php\/wp-json\/wp\/v2\/product\/6829","targetHints":{"allow":["GET"]}}],"collection":[{"href":"https:\/\/wegeblw.pl\/index.php\/wp-json\/wp\/v2\/product"}],"about":[{"href":"https:\/\/wegeblw.pl\/index.php\/wp-json\/wp\/v2\/types\/product"}],"replies":[{"embeddable":true,"href":"https:\/\/wegeblw.pl\/index.php\/wp-json\/wp\/v2\/comments?post=6829"}],"wp:featuredmedia":[{"embeddable":true,"href":"https:\/\/wegeblw.pl\/index.php\/wp-json\/wp\/v2\/media\/6830"}],"wp:attachment":[{"href":"https:\/\/wegeblw.pl\/index.php\/wp-json\/wp\/v2\/media?parent=6829"}],"wp:term":[{"taxonomy":"product_cat","embeddable":true,"href":"https:\/\/wegeblw.pl\/index.php\/wp-json\/wp\/v2\/product_cat?post=6829"},{"taxonomy":"product_tag","embeddable":true,"href":"https:\/\/wegeblw.pl\/index.php\/wp-json\/wp\/v2\/product_tag?post=6829"}],"curies":[{"name":"wp","href":"https:\/\/api.w.org\/{rel}","templated":true}]}}