{"id":6855,"date":"2019-06-29T18:17:26","date_gmt":"2019-06-29T16:17:26","guid":{"rendered":"https:\/\/wegeblw.pl\/index.php\/produkt\/alldeynn-collarose-shot-80ml\/"},"modified":"2026-04-08T05:47:49","modified_gmt":"2026-04-08T03:47:49","slug":"alldeynn-collarose-shot-80ml","status":"publish","type":"product","link":"https:\/\/wegeblw.pl\/index.php\/produkt\/alldeynn-collarose-shot-80ml\/","title":{"rendered":"Alldeynn Collarose Shot 80Ml"},"content":{"rendered":"<p>Suplementy na odchudzanie<\/p>\n<p>mleka ro\u015blinne, tortilla pszenna, babalski sklep, zepsuty ocet jab\u0142kowy, chrupki pizza, kostki roso\u0142owe bio<\/p>\n<p>yyyyy<\/p>\n","protected":false},"excerpt":{"rendered":"<p>Suplementy na odchudzanie mleka ro\u015blinne, tortilla pszenna, babalski sklep, zepsuty ocet jab\u0142kowy, chrupki pizza, kostki roso\u0142owe bio yyyyy<\/p>\n","protected":false},"featured_media":6856,"comment_status":"closed","ping_status":"open","template":"","meta":[],"product_cat":[215],"product_tag":[635,852,824,630],"class_list":["post-6855","product","type-product","status-publish","has-post-thumbnail","hentry","product_cat-pozostale-preparaty-dla-sportowcow","product_tag-4-her","product_tag-fenkul","product_tag-miso-pasta","product_tag-vege-slodycze"],"_links":{"self":[{"href":"https:\/\/wegeblw.pl\/index.php\/wp-json\/wp\/v2\/product\/6855","targetHints":{"allow":["GET"]}}],"collection":[{"href":"https:\/\/wegeblw.pl\/index.php\/wp-json\/wp\/v2\/product"}],"about":[{"href":"https:\/\/wegeblw.pl\/index.php\/wp-json\/wp\/v2\/types\/product"}],"replies":[{"embeddable":true,"href":"https:\/\/wegeblw.pl\/index.php\/wp-json\/wp\/v2\/comments?post=6855"}],"wp:featuredmedia":[{"embeddable":true,"href":"https:\/\/wegeblw.pl\/index.php\/wp-json\/wp\/v2\/media\/6856"}],"wp:attachment":[{"href":"https:\/\/wegeblw.pl\/index.php\/wp-json\/wp\/v2\/media?parent=6855"}],"wp:term":[{"taxonomy":"product_cat","embeddable":true,"href":"https:\/\/wegeblw.pl\/index.php\/wp-json\/wp\/v2\/product_cat?post=6855"},{"taxonomy":"product_tag","embeddable":true,"href":"https:\/\/wegeblw.pl\/index.php\/wp-json\/wp\/v2\/product_tag?post=6855"}],"curies":[{"name":"wp","href":"https:\/\/api.w.org\/{rel}","templated":true}]}}