{"id":6863,"date":"2015-04-22T03:43:48","date_gmt":"2015-04-22T01:43:48","guid":{"rendered":"https:\/\/wegeblw.pl\/index.php\/produkt\/babycalm-ziolowe-krople-na-kolki-15ml\/"},"modified":"2026-04-07T01:16:13","modified_gmt":"2026-04-06T23:16:13","slug":"babycalm-ziolowe-krople-na-kolki-15ml","status":"publish","type":"product","link":"https:\/\/wegeblw.pl\/index.php\/produkt\/babycalm-ziolowe-krople-na-kolki-15ml\/","title":{"rendered":"BabyCalm Zio\u0142owe krople na kolki 15ml"},"content":{"rendered":"<p>Pieluchomajtki dla doros\u0142ych Delta Form. Dla os\u00f3b zmagaj\u0105cych si\u0119 z nietrzymaniem moczu o nasileniu umiarkowanym do ci\u0119\u017ckiego. System Top-Dry dla optymalnego komfortu i integralno\u015bci sk\u00f3ry. Oddychaj\u0105ce i anatomiczne ukszta\u0142towanie. Dopasowanie za pomoc\u0105 zaokr\u0105glonych gumek przy nogach. Falbanki chroni\u0105ce przed wyciekiem. Wbudowana tylna falbanka poprzeczna. System kontroli zapachu minimalizuj\u0105cy nieprzyjemne zapachy. Wysokiej jako\u015bci elastyczne, podw\u00f3jne przyleporzepy. Wska\u017anik wilgotno\u015bci ze skal\u0105 nape\u0142nienia. W\u0142a\u015bciwo\u015bci szczeg\u00f3lne: Rozmiar: M2 &#8211; 70-110 cm (obw\u00f3d bioder) Ch\u0142onno\u015b\u0107: 2200 ml<\/p>\n<p>Higiena os\u00f3b starszych i niepe\u0142nosprawnych<\/p>\n<p>zakwasownia, wino arbuzowe, pomidory cherry, ostrovit fat burner, pulpety sojowe, m\u0105ka \u017cytnia gluten, duda w sklepie, seler sok, co oznacza bia\u0142y nalot na kiszonych burakach, makaron z pszenicy durum, co to jest pierzga, maka ryzowa przepisy, rodzynki na diecie, krem z bia\u0142ych warzyw jad\u0142onomia, czarny czosnek producent, priobiotyki, herbata z brzozy<\/p>\n<p>yyyyy<\/p>\n","protected":false},"excerpt":{"rendered":"<p>Pieluchomajtki dla doros\u0142ych Delta Form. Dla os\u00f3b zmagaj\u0105cych si\u0119 z nietrzymaniem moczu o nasileniu umiarkowanym do ci\u0119\u017ckiego. System Top-Dry dla&hellip;<\/p>\n","protected":false},"featured_media":6864,"comment_status":"closed","ping_status":"open","template":"","meta":[],"product_cat":[29],"product_tag":[624,632,728],"class_list":["post-6863","product","type-product","status-publish","has-post-thumbnail","hentry","product_cat-pozostale-suplementy","product_tag-kombucha-sklep","product_tag-komosa-ryzowa-jak-gotowac","product_tag-roslinne-mieso"],"_links":{"self":[{"href":"https:\/\/wegeblw.pl\/index.php\/wp-json\/wp\/v2\/product\/6863","targetHints":{"allow":["GET"]}}],"collection":[{"href":"https:\/\/wegeblw.pl\/index.php\/wp-json\/wp\/v2\/product"}],"about":[{"href":"https:\/\/wegeblw.pl\/index.php\/wp-json\/wp\/v2\/types\/product"}],"replies":[{"embeddable":true,"href":"https:\/\/wegeblw.pl\/index.php\/wp-json\/wp\/v2\/comments?post=6863"}],"wp:featuredmedia":[{"embeddable":true,"href":"https:\/\/wegeblw.pl\/index.php\/wp-json\/wp\/v2\/media\/6864"}],"wp:attachment":[{"href":"https:\/\/wegeblw.pl\/index.php\/wp-json\/wp\/v2\/media?parent=6863"}],"wp:term":[{"taxonomy":"product_cat","embeddable":true,"href":"https:\/\/wegeblw.pl\/index.php\/wp-json\/wp\/v2\/product_cat?post=6863"},{"taxonomy":"product_tag","embeddable":true,"href":"https:\/\/wegeblw.pl\/index.php\/wp-json\/wp\/v2\/product_tag?post=6863"}],"curies":[{"name":"wp","href":"https:\/\/api.w.org\/{rel}","templated":true}]}}