{"id":687,"date":"2021-02-03T19:57:43","date_gmt":"2021-02-03T18:57:43","guid":{"rendered":"https:\/\/wegeblw.pl\/index.php\/produkt\/herbapol-eliksir-na-cisnienie-35ml\/"},"modified":"2026-04-07T02:53:51","modified_gmt":"2026-04-07T00:53:51","slug":"herbapol-eliksir-na-cisnienie-35ml","status":"publish","type":"product","link":"https:\/\/wegeblw.pl\/index.php\/produkt\/herbapol-eliksir-na-cisnienie-35ml\/","title":{"rendered":"Herbapol ELIKSIR NA CI\u015aNIENIE 35ml"},"content":{"rendered":"<p>Manhattanherbata rooibos z dodatkamiSk\u0142adniki:herbata rooibos,papaja,korze\u0144 lukrecji,marakuja,aromat.<\/p>\n<p>Herbata<\/p>\n<p>olej lniany na sk\u00f3r\u0119 g\u0142owy, wega\u0144skie wino, pol\u0119dwiczki z pieczarkami, dzem je\u017cynowy, cytronellol, pasta do zebow czarna, syrop z cebuli dla dzieci od kiedy, jaglane miekkie ciasteczko, gdzie kupi\u0107 jod w kroplach, co to jest m\u0105ka orkiszowa, india krem do r\u0105k, ciastka bezglutenowe, symbio, musli owsiane<\/p>\n<p><a href=\"https:\/\/krolewskie-miody.pl\/miod-na-twarz-i-wlosy-pielegnacyjne-zastosowanie-miodu\/\">mi\u00f3d na twarz<\/a><\/p>\n","protected":false},"excerpt":{"rendered":"<p>Manhattanherbata rooibos z dodatkamiSk\u0142adniki:herbata rooibos,papaja,korze\u0144 lukrecji,marakuja,aromat. Herbata olej lniany na sk\u00f3r\u0119 g\u0142owy, wega\u0144skie wino, pol\u0119dwiczki z pieczarkami, dzem je\u017cynowy, cytronellol,&hellip;<\/p>\n","protected":false},"featured_media":688,"comment_status":"closed","ping_status":"open","template":"","meta":[],"product_cat":[81],"product_tag":[677,843,858,784,750,727],"class_list":["post-687","product","type-product","status-publish","has-post-thumbnail","hentry","product_cat-uklad-krazenia-i-serce","product_tag-health-labs","product_tag-jak-gotowac-komose-ryzowa","product_tag-majonez-vitapol","product_tag-mieso-weganskie","product_tag-pasta-tahini-do-czego","product_tag-sok-plus"],"_links":{"self":[{"href":"https:\/\/wegeblw.pl\/index.php\/wp-json\/wp\/v2\/product\/687","targetHints":{"allow":["GET"]}}],"collection":[{"href":"https:\/\/wegeblw.pl\/index.php\/wp-json\/wp\/v2\/product"}],"about":[{"href":"https:\/\/wegeblw.pl\/index.php\/wp-json\/wp\/v2\/types\/product"}],"replies":[{"embeddable":true,"href":"https:\/\/wegeblw.pl\/index.php\/wp-json\/wp\/v2\/comments?post=687"}],"wp:featuredmedia":[{"embeddable":true,"href":"https:\/\/wegeblw.pl\/index.php\/wp-json\/wp\/v2\/media\/688"}],"wp:attachment":[{"href":"https:\/\/wegeblw.pl\/index.php\/wp-json\/wp\/v2\/media?parent=687"}],"wp:term":[{"taxonomy":"product_cat","embeddable":true,"href":"https:\/\/wegeblw.pl\/index.php\/wp-json\/wp\/v2\/product_cat?post=687"},{"taxonomy":"product_tag","embeddable":true,"href":"https:\/\/wegeblw.pl\/index.php\/wp-json\/wp\/v2\/product_tag?post=687"}],"curies":[{"name":"wp","href":"https:\/\/api.w.org\/{rel}","templated":true}]}}