{"id":6885,"date":"2024-06-30T20:57:42","date_gmt":"2024-06-30T18:57:42","guid":{"rendered":"https:\/\/wegeblw.pl\/?post_type=product&#038;p=6885"},"modified":"2026-04-08T12:24:35","modified_gmt":"2026-04-08T10:24:35","slug":"gimar-wklad-do-segregatora-a4-bialy-kratka-50-arkuszy","status":"publish","type":"product","link":"https:\/\/wegeblw.pl\/index.php\/produkt\/gimar-wklad-do-segregatora-a4-bialy-kratka-50-arkuszy\/","title":{"rendered":"Gimar Wk\u0142ad Do Segregatora A4 Bia\u0142y Kratka 50 Arkuszy"},"content":{"rendered":"<p>Lalique Encre Noire pour Homme:<\/p>\n<p>Tw\u00f3rczyni\u0105 tego ciep\u0142ego aromatu jest Nathalie Lorson (stworzy\u0142a m.in. Boucheron Jaipur Saphir, Chopard Wish), kt\u00f3ra po\u0142\u0105czy\u0142a w tym zapachu ciep\u0142y, aksamitny akord wetiweru Burbo\u0144skiego z tajemniczym, prawie ziemistym wetiwerem Haita\u0144skim. Duet ten uzupe\u0142niony zosta\u0142 nut\u0105 Zielonego wetiweru. Serce zapachu otwiera si\u0119 woni\u0105 Cyprysa, nadaj\u0105c mu t\u0119sknej, ognistej i wyszukanej \u015bwie\u017co\u015bci. Ciep\u0142e, zmys\u0142owe nuty Pi\u017cma i Drzewa Kaszmirowego uwodz\u0105, otulaj\u0105 i pobudzaj\u0105 zmys\u0142y. Encre Noire to elitarna kompozycja. M\u0119sko\u015b\u0107, moc i elegancja. Zapach niebywale \u015bmia\u0142y! Flakon to nawi\u0105zanie do tradycji i rodowodu marki, i jak przysta\u0142o na Lalique &#8211; fascynuj\u0105cy w swej prostocie, a jednocze\u015bnie zachwycaj\u0105cy elegancj\u0105. Masywna butelka w formie sze\u015bcianu, wykonana z czarnego szk\u0142a, do tego korek z drewna wenge, stanowi\u0105 nawi\u0105zanie do s\u0142ynnego &#8222;Ka\u0142amarzem z \u0142ani\u0105&#8221;, dzie\u0142a Lalique z 1913 roku.Nuty zapachowe:Nuta g\u0142owy: wetiwer,Nuta serca: cyprysNuta bazy: pi\u017cmo, drewno kaszmirowe<\/p>\n<p>Perfumy i wody m\u0119skie<\/p>\n<p>gard\u0142o zdrowe, m\u0105ka do chleba, nocciole, czystek w kapsu\u0142kach, jak zrobi\u0107 kulki do bubble tea bez tapioki, suplement menopauza, eko kosmetyki, supershot, herbata pokrzywa, suplement magnezu, suszone warzywa lidl, dania z grila, migda\u0142y 1 kg, bartolini, orzech brazylijskie, owoce odchudzaj\u0105ce<\/p>\n<p>yyyyy<\/p>\n","protected":false},"excerpt":{"rendered":"<p>Lalique Encre Noire pour Homme: Tw\u00f3rczyni\u0105 tego ciep\u0142ego aromatu jest Nathalie Lorson (stworzy\u0142a m.in. Boucheron Jaipur Saphir, Chopard Wish), kt\u00f3ra&hellip;<\/p>\n","protected":false},"featured_media":6886,"comment_status":"closed","ping_status":"open","template":"","meta":[],"product_cat":[485],"product_tag":[758,624,853,622],"class_list":["post-6885","product","type-product","status-publish","has-post-thumbnail","hentry","product_cat-segregatory-i-teczki","product_tag-bulki","product_tag-kombucha-sklep","product_tag-makaron-0-kcal","product_tag-vege-mieso"],"_links":{"self":[{"href":"https:\/\/wegeblw.pl\/index.php\/wp-json\/wp\/v2\/product\/6885","targetHints":{"allow":["GET"]}}],"collection":[{"href":"https:\/\/wegeblw.pl\/index.php\/wp-json\/wp\/v2\/product"}],"about":[{"href":"https:\/\/wegeblw.pl\/index.php\/wp-json\/wp\/v2\/types\/product"}],"replies":[{"embeddable":true,"href":"https:\/\/wegeblw.pl\/index.php\/wp-json\/wp\/v2\/comments?post=6885"}],"wp:featuredmedia":[{"embeddable":true,"href":"https:\/\/wegeblw.pl\/index.php\/wp-json\/wp\/v2\/media\/6886"}],"wp:attachment":[{"href":"https:\/\/wegeblw.pl\/index.php\/wp-json\/wp\/v2\/media?parent=6885"}],"wp:term":[{"taxonomy":"product_cat","embeddable":true,"href":"https:\/\/wegeblw.pl\/index.php\/wp-json\/wp\/v2\/product_cat?post=6885"},{"taxonomy":"product_tag","embeddable":true,"href":"https:\/\/wegeblw.pl\/index.php\/wp-json\/wp\/v2\/product_tag?post=6885"}],"curies":[{"name":"wp","href":"https:\/\/api.w.org\/{rel}","templated":true}]}}