{"id":6887,"date":"2016-09-06T00:04:47","date_gmt":"2016-09-05T22:04:47","guid":{"rendered":"https:\/\/wegeblw.pl\/index.php\/produkt\/zebra-ds2208-usb-kit-podstawka-czarny-ds2208-sr7u2100sgw\/"},"modified":"2026-04-08T09:26:38","modified_gmt":"2026-04-08T07:26:38","slug":"zebra-ds2208-usb-kit-podstawka-czarny-ds2208-sr7u2100sgw","status":"publish","type":"product","link":"https:\/\/wegeblw.pl\/index.php\/produkt\/zebra-ds2208-usb-kit-podstawka-czarny-ds2208-sr7u2100sgw\/","title":{"rendered":"Zebra DS2208 USB-kit podstawka czarny (DS2208-SR7U2100SGW)"},"content":{"rendered":"<p>Thorne Iso-Phos Izolat Fosfatydyloseryny 60Vkaps<\/p>\n<p>Uk\u0142ad nerwowy i pami\u0119\u0107<\/p>\n<p>schab w plastrach, nerkowiec orzech, olej z pestek dyni t\u0142oczony na zimno, tu\u0144czyk po angielsku, acai jagody, piwo bezalkoholowe a zdrowie, any\u017c w ci\u0105\u017cy, m\u0105ka z semoliny<\/p>\n<p>yyyyy<\/p>\n","protected":false},"excerpt":{"rendered":"<p>Thorne Iso-Phos Izolat Fosfatydyloseryny 60Vkaps Uk\u0142ad nerwowy i pami\u0119\u0107 schab w plastrach, nerkowiec orzech, olej z pestek dyni t\u0142oczony na&hellip;<\/p>\n","protected":false},"featured_media":6888,"comment_status":"closed","ping_status":"open","template":"","meta":[],"product_cat":[486],"product_tag":[662,670,663,837],"class_list":["post-6887","product","type-product","status-publish","has-post-thumbnail","hentry","product_cat-czytniki-kodow-kreskowych","product_tag-co-mozna-zrobic-z-kokosa","product_tag-czeslaw-lang-choroba","product_tag-sekacz-ciasto","product_tag-soczewica-czerwona"],"_links":{"self":[{"href":"https:\/\/wegeblw.pl\/index.php\/wp-json\/wp\/v2\/product\/6887","targetHints":{"allow":["GET"]}}],"collection":[{"href":"https:\/\/wegeblw.pl\/index.php\/wp-json\/wp\/v2\/product"}],"about":[{"href":"https:\/\/wegeblw.pl\/index.php\/wp-json\/wp\/v2\/types\/product"}],"replies":[{"embeddable":true,"href":"https:\/\/wegeblw.pl\/index.php\/wp-json\/wp\/v2\/comments?post=6887"}],"wp:featuredmedia":[{"embeddable":true,"href":"https:\/\/wegeblw.pl\/index.php\/wp-json\/wp\/v2\/media\/6888"}],"wp:attachment":[{"href":"https:\/\/wegeblw.pl\/index.php\/wp-json\/wp\/v2\/media?parent=6887"}],"wp:term":[{"taxonomy":"product_cat","embeddable":true,"href":"https:\/\/wegeblw.pl\/index.php\/wp-json\/wp\/v2\/product_cat?post=6887"},{"taxonomy":"product_tag","embeddable":true,"href":"https:\/\/wegeblw.pl\/index.php\/wp-json\/wp\/v2\/product_tag?post=6887"}],"curies":[{"name":"wp","href":"https:\/\/api.w.org\/{rel}","templated":true}]}}