{"id":6895,"date":"2021-10-17T15:42:41","date_gmt":"2021-10-17T13:42:41","guid":{"rendered":"https:\/\/wegeblw.pl\/index.php\/produkt\/stanlab-plyn-lugola-jodek-potasu-250cm3-jod-05\/"},"modified":"2026-04-08T18:10:08","modified_gmt":"2026-04-08T16:10:08","slug":"stanlab-plyn-lugola-jodek-potasu-250cm3-jod-05","status":"publish","type":"product","link":"https:\/\/wegeblw.pl\/index.php\/produkt\/stanlab-plyn-lugola-jodek-potasu-250cm3-jod-05\/","title":{"rendered":"Stanlab P\u0142yn Lugola Jodek Potasu 250Cm3 Jod 0,5%"},"content":{"rendered":"<p>Samochody i motocykle<\/p>\n<p>ziele kozieradki, barszcz ukrai\u0144ski, wit d3 z lanoliny, jakie s\u0105 owoce morza, dlaczego jagody s\u0105 gorzkie, szczoteczka do z\u0119b\u00f3w bambusowa, gdzie mo\u017cna kupi\u0107 aloes, e412 szkodliwo\u015b\u0107, rose hips, vege keto, \u017celki halloween, kwiatostan kocanki, sk\u0142ad proszku do pieczenia<\/p>\n<p>yyyyy<\/p>\n","protected":false},"excerpt":{"rendered":"<p>Samochody i motocykle ziele kozieradki, barszcz ukrai\u0144ski, wit d3 z lanoliny, jakie s\u0105 owoce morza, dlaczego jagody s\u0105 gorzkie, szczoteczka&hellip;<\/p>\n","protected":false},"featured_media":6896,"comment_status":"closed","ping_status":"open","template":"","meta":[],"product_cat":[18],"product_tag":[634,758,738,707],"class_list":["post-6895","product","type-product","status-publish","has-post-thumbnail","hentry","product_cat-mineraly-i-witaminy","product_tag-amarantus","product_tag-bulki","product_tag-mieso-bio","product_tag-wege-mieso"],"_links":{"self":[{"href":"https:\/\/wegeblw.pl\/index.php\/wp-json\/wp\/v2\/product\/6895","targetHints":{"allow":["GET"]}}],"collection":[{"href":"https:\/\/wegeblw.pl\/index.php\/wp-json\/wp\/v2\/product"}],"about":[{"href":"https:\/\/wegeblw.pl\/index.php\/wp-json\/wp\/v2\/types\/product"}],"replies":[{"embeddable":true,"href":"https:\/\/wegeblw.pl\/index.php\/wp-json\/wp\/v2\/comments?post=6895"}],"wp:featuredmedia":[{"embeddable":true,"href":"https:\/\/wegeblw.pl\/index.php\/wp-json\/wp\/v2\/media\/6896"}],"wp:attachment":[{"href":"https:\/\/wegeblw.pl\/index.php\/wp-json\/wp\/v2\/media?parent=6895"}],"wp:term":[{"taxonomy":"product_cat","embeddable":true,"href":"https:\/\/wegeblw.pl\/index.php\/wp-json\/wp\/v2\/product_cat?post=6895"},{"taxonomy":"product_tag","embeddable":true,"href":"https:\/\/wegeblw.pl\/index.php\/wp-json\/wp\/v2\/product_tag?post=6895"}],"curies":[{"name":"wp","href":"https:\/\/api.w.org\/{rel}","templated":true}]}}