{"id":6927,"date":"2016-01-19T19:00:16","date_gmt":"2016-01-19T18:00:16","guid":{"rendered":"https:\/\/wegeblw.pl\/index.php\/produkt\/kwestionariusz-osobowy-dla-pracownika\/"},"modified":"2026-04-29T15:35:48","modified_gmt":"2026-04-29T13:35:48","slug":"kwestionariusz-osobowy-dla-pracownika","status":"publish","type":"product","link":"https:\/\/wegeblw.pl\/index.php\/produkt\/kwestionariusz-osobowy-dla-pracownika\/","title":{"rendered":"Kwestionariusz osobowy dla pracownika"},"content":{"rendered":"<p>Okulary S\u0142oneczne Burberry<\/p>\n<p>Okulary przeciws\u0142oneczne damskie<\/p>\n<p>tapoka, czosnek nied\u017awiedzi kiedy ro\u015bnie, placki dla cukrzyk\u00f3w, fasola mung cena, platki musli, kaczka polska, hunan, imbir na kaszel<\/p>\n<p><a href=\"https:\/\/wszywka-poznan.pl\">wszywki alkoholowe puszczykowo<\/a><\/p>\n","protected":false},"excerpt":{"rendered":"<p>Okulary S\u0142oneczne Burberry Okulary przeciws\u0142oneczne damskie tapoka, czosnek nied\u017awiedzi kiedy ro\u015bnie, placki dla cukrzyk\u00f3w, fasola mung cena, platki musli, kaczka&hellip;<\/p>\n","protected":false},"featured_media":6928,"comment_status":"closed","ping_status":"open","template":"","meta":[],"product_cat":[493],"product_tag":[742,816,744],"class_list":["post-6927","product","type-product","status-publish","has-post-thumbnail","hentry","product_cat-druki","product_tag-beyond-meat-warszawa","product_tag-bigos-z-soczewica","product_tag-haagen-dazs"],"_links":{"self":[{"href":"https:\/\/wegeblw.pl\/index.php\/wp-json\/wp\/v2\/product\/6927","targetHints":{"allow":["GET"]}}],"collection":[{"href":"https:\/\/wegeblw.pl\/index.php\/wp-json\/wp\/v2\/product"}],"about":[{"href":"https:\/\/wegeblw.pl\/index.php\/wp-json\/wp\/v2\/types\/product"}],"replies":[{"embeddable":true,"href":"https:\/\/wegeblw.pl\/index.php\/wp-json\/wp\/v2\/comments?post=6927"}],"wp:featuredmedia":[{"embeddable":true,"href":"https:\/\/wegeblw.pl\/index.php\/wp-json\/wp\/v2\/media\/6928"}],"wp:attachment":[{"href":"https:\/\/wegeblw.pl\/index.php\/wp-json\/wp\/v2\/media?parent=6927"}],"wp:term":[{"taxonomy":"product_cat","embeddable":true,"href":"https:\/\/wegeblw.pl\/index.php\/wp-json\/wp\/v2\/product_cat?post=6927"},{"taxonomy":"product_tag","embeddable":true,"href":"https:\/\/wegeblw.pl\/index.php\/wp-json\/wp\/v2\/product_tag?post=6927"}],"curies":[{"name":"wp","href":"https:\/\/api.w.org\/{rel}","templated":true}]}}