{"id":6953,"date":"2018-05-30T20:50:53","date_gmt":"2018-05-30T18:50:53","guid":{"rendered":"https:\/\/wegeblw.pl\/index.php\/produkt\/raab-vitalfood-kompleks-cynku-60kaps\/"},"modified":"2026-04-08T06:06:40","modified_gmt":"2026-04-08T04:06:40","slug":"raab-vitalfood-kompleks-cynku-60kaps","status":"publish","type":"product","link":"https:\/\/wegeblw.pl\/index.php\/produkt\/raab-vitalfood-kompleks-cynku-60kaps\/","title":{"rendered":"Raab Vitalfood Kompleks cynku 60kaps."},"content":{"rendered":"<p>OpisTaninal jest to produkt leczniczy stosowany tradycyjnie, kt\u00f3rego skuteczno\u015b\u0107 opiera si\u0119 wy\u0142\u0105cznie na d\u0142ugotrwa\u0142ym stosowaniu i do\u015bwiadczeniu. Taninal zawiera po\u0142\u0105czenie garbnik\u00f3w &#8211; kwasu taninowego (taniny) z bia\u0142kiem &#8211; albumin\u0105. Dzi\u0119ki takiemu po\u0142\u0105czeniu lek nie wywiera silnego dzia\u0142ania dra\u017cni\u0105cego na b\u0142on\u0119 \u015bluzow\u0105 \u017co\u0142\u0105dka. Preparat uwalnia garbniki w jelicie cienkim pod wp\u0142ywem dzia\u0142ania enzymu trawiennego pankreatyny. Uwolniona tanina wykazuje dzia\u0142anie \u015bci\u0105gaj\u0105ce i bakteriostatyczne, dzia\u0142a tak\u017ce przeciwbiegunkowo, tworz\u0105c trudno rozpuszczalne kompleksy z toksynami bakteryjnymi. Ponadto hamuje drobne krwawienia przy uszkodzeniach naczy\u0144 w\u0142osowatych \u015bluz\u00f3wki jelit.WskazaniaPreparat stosowany tradycyjnie w biegunkach i zatruciach pokarmowych.Sk\u0142ad1 tabletka zawiera substancj\u0119 czynn\u0105: bia\u0142czan taniny 500mg oraz substancje pomocnicze: skrobia ziemniaczana, s\u00f3l sodowa karboksymetyloskrobi, powidon, talk.Dzia\u0142aniePrzeciwbiegunkowe, bakteriostatyczne, \u015bci\u0105gaj\u0105ce.DawkowanieDoustnie. Doro\u015bli: 1-2 tabl. 3 razy na dob\u0119. Dzieci powy\u017cej 4 lat i m\u0142odzie\u017c do 18 lat: 1\/2-1 tabl. 2-3 razy na dob\u0119. Spos\u00f3b podania. Tabletk\u0119 po za\u017cyciu popi\u0107 wod\u0105, przyjmowa\u0107 mi\u0119dzy posi\u0142kami, do czasu ust\u0105pienia objaw\u00f3w.PrzeciwwskazaniaNadwra\u017cliwo\u015b\u0107 na bia\u0142czan taniny lub na kt\u00f3r\u0105kolwiek substancj\u0119 pomocnicz\u0105. Leku nie nale\u017cy stosowa\u0107 u dzieci poni\u017cej 4 lat.Przed u\u017cyciem zapoznaj si\u0119 z ulotk\u0105, kt\u00f3ra zawiera wskazania, przeciwwskazania, dane dotycz\u0105ce dzia\u0142a\u0144 niepo\u017c\u0105danych, dawkowanie oraz informacje dotycz\u0105ce stosowania produktu leczniczego b\u0105d\u017a skonsultuj si\u0119 z lekarzem lub farmaceut\u0105, gdy\u017c ka\u017cdy lek niew\u0142a\u015bciwie stosowany zagra\u017ca Twojemu \u017cyciu lub zdrowiu.PKWIU 21.20.13.0RodzajEAN 5909990070510BLOZ_07 4349801<\/p>\n<p>Uk\u0142ad pokarmowy<\/p>\n<p>kozieradka na w\u0142osy przepis, mleko bezglutenowe, kalendarz adwentowy house, sklep bio online, better than foods, czy ciecierzyca ma gluten, og\u00f3rki kiszone bio, m\u0105czka ziemniaczana, mas\u0142o orzechowe a krem orzechowy, soczewica zielona w\u0142a\u015bciwo\u015bci, gr\u00fcnlippmuschel balsam, mycie z\u0119b\u00f3w, go\u0142\u0105bki z kasz\u0105 jaglan\u0105 i pieczarkami, jak je\u015b\u0107 granata, granat w\u0142a\u015bciwo\u015bci zdrowotne, soja biedronka, grecki sklep, lasagn<\/p>\n<p>yyyyy<\/p>\n","protected":false},"excerpt":{"rendered":"<p>OpisTaninal jest to produkt leczniczy stosowany tradycyjnie, kt\u00f3rego skuteczno\u015b\u0107 opiera si\u0119 wy\u0142\u0105cznie na d\u0142ugotrwa\u0142ym stosowaniu i do\u015bwiadczeniu. Taninal zawiera po\u0142\u0105czenie&hellip;<\/p>\n","protected":false},"featured_media":6954,"comment_status":"closed","ping_status":"open","template":"","meta":[],"product_cat":[29],"product_tag":[865,744,661,796],"class_list":["post-6953","product","type-product","status-publish","has-post-thumbnail","hentry","product_cat-pozostale-suplementy","product_tag-bulgur","product_tag-haagen-dazs","product_tag-jak-ugotowac-komose-ryzowa","product_tag-pasta-misi"],"_links":{"self":[{"href":"https:\/\/wegeblw.pl\/index.php\/wp-json\/wp\/v2\/product\/6953","targetHints":{"allow":["GET"]}}],"collection":[{"href":"https:\/\/wegeblw.pl\/index.php\/wp-json\/wp\/v2\/product"}],"about":[{"href":"https:\/\/wegeblw.pl\/index.php\/wp-json\/wp\/v2\/types\/product"}],"replies":[{"embeddable":true,"href":"https:\/\/wegeblw.pl\/index.php\/wp-json\/wp\/v2\/comments?post=6953"}],"wp:featuredmedia":[{"embeddable":true,"href":"https:\/\/wegeblw.pl\/index.php\/wp-json\/wp\/v2\/media\/6954"}],"wp:attachment":[{"href":"https:\/\/wegeblw.pl\/index.php\/wp-json\/wp\/v2\/media?parent=6953"}],"wp:term":[{"taxonomy":"product_cat","embeddable":true,"href":"https:\/\/wegeblw.pl\/index.php\/wp-json\/wp\/v2\/product_cat?post=6953"},{"taxonomy":"product_tag","embeddable":true,"href":"https:\/\/wegeblw.pl\/index.php\/wp-json\/wp\/v2\/product_tag?post=6953"}],"curies":[{"name":"wp","href":"https:\/\/api.w.org\/{rel}","templated":true}]}}