{"id":6983,"date":"2017-03-08T05:30:36","date_gmt":"2017-03-08T04:30:36","guid":{"rendered":"https:\/\/wegeblw.pl\/index.php\/produkt\/jiva-ayurveda-giloy-60-kaps\/"},"modified":"2026-04-08T21:24:56","modified_gmt":"2026-04-08T19:24:56","slug":"jiva-ayurveda-giloy-60-kaps","status":"publish","type":"product","link":"https:\/\/wegeblw.pl\/index.php\/produkt\/jiva-ayurveda-giloy-60-kaps\/","title":{"rendered":"JIVA Ayurveda Giloy 60 kaps."},"content":{"rendered":"<p>Ibuprofenum, 400 mgLek przeciwb\u00f3lowy, przeciwzapalny, przeciwgor\u0105czkowy.Objawowe leczenie:- \u0142agodnego i umiarkowanego b\u00f3lu, np. b\u00f3lu g\u0142owy, b\u00f3lu miesi\u0105czkowego, b\u00f3lu z\u0119ba- gor\u0105czki i b\u00f3lu zwi\u0105zanego z przezi\u0119bieniem.OTC &#8211; Lek wydawany bez recepty.<\/p>\n<p>Przeciwb\u00f3lowe<\/p>\n<p>bu\u0142ki z sezamem, jagly ekspandowane, w\u0119giel aktywny w proszku, olejek eteryczny na b\u00f3l g\u0142owy, astaksantyna apteka, bia\u0142a sza\u0142wia w\u0142a\u015bciwo\u015bci, erytrotyl<\/p>\n<p>yyyyy<\/p>\n","protected":false},"excerpt":{"rendered":"<p>Ibuprofenum, 400 mgLek przeciwb\u00f3lowy, przeciwzapalny, przeciwgor\u0105czkowy.Objawowe leczenie:- \u0142agodnego i umiarkowanego b\u00f3lu, np. b\u00f3lu g\u0142owy, b\u00f3lu miesi\u0105czkowego, b\u00f3lu z\u0119ba- gor\u0105czki i&hellip;<\/p>\n","protected":false},"featured_media":6984,"comment_status":"closed","ping_status":"open","template":"","meta":[],"product_cat":[29],"product_tag":[676,803,699],"class_list":["post-6983","product","type-product","status-publish","has-post-thumbnail","hentry","product_cat-pozostale-suplementy","product_tag-owoc-granatu-jak-jesc","product_tag-rodzaje-orzechow","product_tag-sok-z-cytryn"],"_links":{"self":[{"href":"https:\/\/wegeblw.pl\/index.php\/wp-json\/wp\/v2\/product\/6983","targetHints":{"allow":["GET"]}}],"collection":[{"href":"https:\/\/wegeblw.pl\/index.php\/wp-json\/wp\/v2\/product"}],"about":[{"href":"https:\/\/wegeblw.pl\/index.php\/wp-json\/wp\/v2\/types\/product"}],"replies":[{"embeddable":true,"href":"https:\/\/wegeblw.pl\/index.php\/wp-json\/wp\/v2\/comments?post=6983"}],"wp:featuredmedia":[{"embeddable":true,"href":"https:\/\/wegeblw.pl\/index.php\/wp-json\/wp\/v2\/media\/6984"}],"wp:attachment":[{"href":"https:\/\/wegeblw.pl\/index.php\/wp-json\/wp\/v2\/media?parent=6983"}],"wp:term":[{"taxonomy":"product_cat","embeddable":true,"href":"https:\/\/wegeblw.pl\/index.php\/wp-json\/wp\/v2\/product_cat?post=6983"},{"taxonomy":"product_tag","embeddable":true,"href":"https:\/\/wegeblw.pl\/index.php\/wp-json\/wp\/v2\/product_tag?post=6983"}],"curies":[{"name":"wp","href":"https:\/\/api.w.org\/{rel}","templated":true}]}}