{"id":6985,"date":"2021-03-17T07:49:18","date_gmt":"2021-03-17T06:49:18","guid":{"rendered":"https:\/\/wegeblw.pl\/index.php\/produkt\/echt-vital-cytrynian-magnezu-90-kapsulek\/"},"modified":"2026-04-15T07:48:45","modified_gmt":"2026-04-15T05:48:45","slug":"echt-vital-cytrynian-magnezu-90-kapsulek","status":"publish","type":"product","link":"https:\/\/wegeblw.pl\/index.php\/produkt\/echt-vital-cytrynian-magnezu-90-kapsulek\/","title":{"rendered":"Echt Vital Cytrynian magnezu 90 kapsu\u0142ek"},"content":{"rendered":"<p>BishEffect Biszofit Po\u0142tawski Venovasin 75ml<\/p>\n<p>Preparaty medycyny naturalnej<\/p>\n<p>luteina forte, ga\u0142ka muszkata\u0142owa, olejek z drzewa herbacianego 100, wege mas\u0142o<\/p>\n<p>yyyyy<\/p>\n","protected":false},"excerpt":{"rendered":"<p>BishEffect Biszofit Po\u0142tawski Venovasin 75ml Preparaty medycyny naturalnej luteina forte, ga\u0142ka muszkata\u0142owa, olejek z drzewa herbacianego 100, wege mas\u0142o yyyyy<\/p>\n","protected":false},"featured_media":6986,"comment_status":"closed","ping_status":"open","template":"","meta":[],"product_cat":[29],"product_tag":[689,638,856,707],"class_list":["post-6985","product","type-product","status-publish","has-post-thumbnail","hentry","product_cat-pozostale-suplementy","product_tag-maka-orkiszowa-wlasciwosci","product_tag-onlybio-odzywka","product_tag-profilaktyka-cukrzycy","product_tag-wege-mieso"],"_links":{"self":[{"href":"https:\/\/wegeblw.pl\/index.php\/wp-json\/wp\/v2\/product\/6985","targetHints":{"allow":["GET"]}}],"collection":[{"href":"https:\/\/wegeblw.pl\/index.php\/wp-json\/wp\/v2\/product"}],"about":[{"href":"https:\/\/wegeblw.pl\/index.php\/wp-json\/wp\/v2\/types\/product"}],"replies":[{"embeddable":true,"href":"https:\/\/wegeblw.pl\/index.php\/wp-json\/wp\/v2\/comments?post=6985"}],"wp:featuredmedia":[{"embeddable":true,"href":"https:\/\/wegeblw.pl\/index.php\/wp-json\/wp\/v2\/media\/6986"}],"wp:attachment":[{"href":"https:\/\/wegeblw.pl\/index.php\/wp-json\/wp\/v2\/media?parent=6985"}],"wp:term":[{"taxonomy":"product_cat","embeddable":true,"href":"https:\/\/wegeblw.pl\/index.php\/wp-json\/wp\/v2\/product_cat?post=6985"},{"taxonomy":"product_tag","embeddable":true,"href":"https:\/\/wegeblw.pl\/index.php\/wp-json\/wp\/v2\/product_tag?post=6985"}],"curies":[{"name":"wp","href":"https:\/\/api.w.org\/{rel}","templated":true}]}}