{"id":7021,"date":"2017-08-15T17:23:43","date_gmt":"2017-08-15T15:23:43","guid":{"rendered":"https:\/\/wegeblw.pl\/index.php\/produkt\/ostrovit-xylitol-750-g-finski-ksylitol-slodzik\/"},"modified":"2026-04-29T17:33:43","modified_gmt":"2026-04-29T15:33:43","slug":"ostrovit-xylitol-750-g-finski-ksylitol-slodzik","status":"publish","type":"product","link":"https:\/\/wegeblw.pl\/index.php\/produkt\/ostrovit-xylitol-750-g-finski-ksylitol-slodzik\/","title":{"rendered":"OstroVit Xylitol 750 g Fi\u0144ski Ksylitol S\u0142odzik"},"content":{"rendered":"<p>Oprawy okularowe Burberry<\/p>\n<p>Okulary oprawki i szk\u0142a<\/p>\n<p>dukan dieta pl, kasza owsiana bezglutenowa, pszenica na kuti\u0119 biedronka, awokado a cukrzyca, ciasteczka z samych orzech\u00f3w, spirulina pl, herbata z kopru w\u0142oskiego w\u0142a\u015bciwo\u015bci, mieszka\u0144cy ameryki po\u0142udniowej, produkty pszeniczne, morele rzesz\u00f3w<\/p>\n<p><a href=\"https:\/\/www.blog.wsuniterra.pl\/index.php\/2021\/07\/27\/stanowczo-i-zyczliwie\/\">https:\/\/www.blog.wsuniterra.pl\/index.php\/2021\/07\/27\/stanowczo-i-zyczliwie\/<\/a><\/p>\n","protected":false},"excerpt":{"rendered":"<p>Oprawy okularowe Burberry Okulary oprawki i szk\u0142a dukan dieta pl, kasza owsiana bezglutenowa, pszenica na kuti\u0119 biedronka, awokado a cukrzyca,&hellip;<\/p>\n","protected":false},"featured_media":7022,"comment_status":"closed","ping_status":"open","template":"","meta":[],"product_cat":[248],"product_tag":[778,679,632,710,832,707],"class_list":["post-7021","product","type-product","status-publish","has-post-thumbnail","hentry","product_cat-cukier-i-slodziki","product_tag-burak","product_tag-dynia-hokkaido","product_tag-komosa-ryzowa-jak-gotowac","product_tag-linda-mccartney-burger","product_tag-vitapol-majonez","product_tag-wege-mieso"],"_links":{"self":[{"href":"https:\/\/wegeblw.pl\/index.php\/wp-json\/wp\/v2\/product\/7021","targetHints":{"allow":["GET"]}}],"collection":[{"href":"https:\/\/wegeblw.pl\/index.php\/wp-json\/wp\/v2\/product"}],"about":[{"href":"https:\/\/wegeblw.pl\/index.php\/wp-json\/wp\/v2\/types\/product"}],"replies":[{"embeddable":true,"href":"https:\/\/wegeblw.pl\/index.php\/wp-json\/wp\/v2\/comments?post=7021"}],"wp:featuredmedia":[{"embeddable":true,"href":"https:\/\/wegeblw.pl\/index.php\/wp-json\/wp\/v2\/media\/7022"}],"wp:attachment":[{"href":"https:\/\/wegeblw.pl\/index.php\/wp-json\/wp\/v2\/media?parent=7021"}],"wp:term":[{"taxonomy":"product_cat","embeddable":true,"href":"https:\/\/wegeblw.pl\/index.php\/wp-json\/wp\/v2\/product_cat?post=7021"},{"taxonomy":"product_tag","embeddable":true,"href":"https:\/\/wegeblw.pl\/index.php\/wp-json\/wp\/v2\/product_tag?post=7021"}],"curies":[{"name":"wp","href":"https:\/\/api.w.org\/{rel}","templated":true}]}}