{"id":7053,"date":"2016-01-10T14:45:47","date_gmt":"2016-01-10T13:45:47","guid":{"rendered":"https:\/\/wegeblw.pl\/index.php\/produkt\/probowka-egertza-20ml-z-korkiem\/"},"modified":"2026-04-28T13:08:37","modified_gmt":"2026-04-28T11:08:37","slug":"probowka-egertza-20ml-z-korkiem","status":"publish","type":"product","link":"https:\/\/wegeblw.pl\/index.php\/produkt\/probowka-egertza-20ml-z-korkiem\/","title":{"rendered":"Prob\u00f3wka Egertza 20ml Z Korkiem"},"content":{"rendered":"<p>Oprawy Okularowe Burberry<\/p>\n<p>Okulary oprawki i szk\u0142a<\/p>\n<p>szare myd\u0142o, seler naciowy, plaskorka, algi do jedzenia, miodowa galaretka z zielona herbata my cafe, soda i ocet co powstaje, drzewo smoczej krwi, r\u00f3\u017cnica siarczan magnezu jednowodny a siedmiowodny, maca czerwona, vit c 1000 mg, witamina d3+k2mk7, nalesniki na sniadanie, koper w\u0142oski herbata, falafele z czym podawa\u0107, skyr co to jest, cynamon ro\u015blina, bio \u017cywno\u015b\u0107, m\u0105ka i woda ksi\u0105\u017cka<\/p>\n<p><a href=\"https:\/\/cudimiod.pl\/catering-dietetyczny-lublin\" rel=\"nofollow\">https:\/\/cudimiod.pl\/catering-dietetyczny-lublin<\/a><\/p>\n","protected":false},"excerpt":{"rendered":"<p>Oprawy Okularowe Burberry Okulary oprawki i szk\u0142a szare myd\u0142o, seler naciowy, plaskorka, algi do jedzenia, miodowa galaretka z zielona herbata&hellip;<\/p>\n","protected":false},"featured_media":7054,"comment_status":"closed","ping_status":"open","template":"","meta":[],"product_cat":[162],"product_tag":[670,624,626,697,750,711,700],"class_list":["post-7053","product","type-product","status-publish","has-post-thumbnail","hentry","product_cat-wyposazenie-medyczne","product_tag-czeslaw-lang-choroba","product_tag-kombucha-sklep","product_tag-ogorki","product_tag-osteoporoza-a-banany","product_tag-pasta-tahini-do-czego","product_tag-pestki-granatu-wlasciwosci","product_tag-przepis-na-sekacza"],"_links":{"self":[{"href":"https:\/\/wegeblw.pl\/index.php\/wp-json\/wp\/v2\/product\/7053","targetHints":{"allow":["GET"]}}],"collection":[{"href":"https:\/\/wegeblw.pl\/index.php\/wp-json\/wp\/v2\/product"}],"about":[{"href":"https:\/\/wegeblw.pl\/index.php\/wp-json\/wp\/v2\/types\/product"}],"replies":[{"embeddable":true,"href":"https:\/\/wegeblw.pl\/index.php\/wp-json\/wp\/v2\/comments?post=7053"}],"wp:featuredmedia":[{"embeddable":true,"href":"https:\/\/wegeblw.pl\/index.php\/wp-json\/wp\/v2\/media\/7054"}],"wp:attachment":[{"href":"https:\/\/wegeblw.pl\/index.php\/wp-json\/wp\/v2\/media?parent=7053"}],"wp:term":[{"taxonomy":"product_cat","embeddable":true,"href":"https:\/\/wegeblw.pl\/index.php\/wp-json\/wp\/v2\/product_cat?post=7053"},{"taxonomy":"product_tag","embeddable":true,"href":"https:\/\/wegeblw.pl\/index.php\/wp-json\/wp\/v2\/product_tag?post=7053"}],"curies":[{"name":"wp","href":"https:\/\/api.w.org\/{rel}","templated":true}]}}