{"id":7061,"date":"2019-09-13T23:18:19","date_gmt":"2019-09-13T21:18:19","guid":{"rendered":"https:\/\/wegeblw.pl\/index.php\/produkt\/neocell-glow-matrix-with-hyaluronic-acid-90-kap\/"},"modified":"2026-04-08T01:15:10","modified_gmt":"2026-04-07T23:15:10","slug":"neocell-glow-matrix-with-hyaluronic-acid-90-kap","status":"publish","type":"product","link":"https:\/\/wegeblw.pl\/index.php\/produkt\/neocell-glow-matrix-with-hyaluronic-acid-90-kap\/","title":{"rendered":"Neocell Glow Matrix with Hyaluronic Acid 90 Kap"},"content":{"rendered":"<p>Okulary S\u0142oneczne Burberry<\/p>\n<p>Okulary przeciws\u0142oneczne damskie<\/p>\n<p>tapoka, czosnek nied\u017awiedzi kiedy ro\u015bnie, placki dla cukrzyk\u00f3w, fasola mung cena, platki musli, kaczka polska, hunan, imbir na kaszel<\/p>\n<p><a href=\"https:\/\/www.proteka.com.pl\/protezy\/wyluszczeniu-biodrowym\/\">wy\u0142uszczenie w stawie biodrowym<\/a><\/p>\n","protected":false},"excerpt":{"rendered":"<p>Okulary S\u0142oneczne Burberry Okulary przeciws\u0142oneczne damskie tapoka, czosnek nied\u017awiedzi kiedy ro\u015bnie, placki dla cukrzyk\u00f3w, fasola mung cena, platki musli, kaczka&hellip;<\/p>\n","protected":false},"featured_media":7062,"comment_status":"closed","ping_status":"open","template":"","meta":[],"product_cat":[29],"product_tag":[729,781,718],"class_list":["post-7061","product","type-product","status-publish","has-post-thumbnail","hentry","product_cat-pozostale-suplementy","product_tag-kurkuma-jak-stosowac","product_tag-primabiotic-collagen","product_tag-zamiennik-jogurtu-naturalnego"],"_links":{"self":[{"href":"https:\/\/wegeblw.pl\/index.php\/wp-json\/wp\/v2\/product\/7061","targetHints":{"allow":["GET"]}}],"collection":[{"href":"https:\/\/wegeblw.pl\/index.php\/wp-json\/wp\/v2\/product"}],"about":[{"href":"https:\/\/wegeblw.pl\/index.php\/wp-json\/wp\/v2\/types\/product"}],"replies":[{"embeddable":true,"href":"https:\/\/wegeblw.pl\/index.php\/wp-json\/wp\/v2\/comments?post=7061"}],"wp:featuredmedia":[{"embeddable":true,"href":"https:\/\/wegeblw.pl\/index.php\/wp-json\/wp\/v2\/media\/7062"}],"wp:attachment":[{"href":"https:\/\/wegeblw.pl\/index.php\/wp-json\/wp\/v2\/media?parent=7061"}],"wp:term":[{"taxonomy":"product_cat","embeddable":true,"href":"https:\/\/wegeblw.pl\/index.php\/wp-json\/wp\/v2\/product_cat?post=7061"},{"taxonomy":"product_tag","embeddable":true,"href":"https:\/\/wegeblw.pl\/index.php\/wp-json\/wp\/v2\/product_tag?post=7061"}],"curies":[{"name":"wp","href":"https:\/\/api.w.org\/{rel}","templated":true}]}}