{"id":707,"date":"2015-04-11T03:10:30","date_gmt":"2015-04-11T01:10:30","guid":{"rendered":"https:\/\/wegeblw.pl\/index.php\/produkt\/covi-sept-plyn-do-higienicznej-i-chirurgicznej-dezynfekcji-rak-5-l\/"},"modified":"2026-04-07T13:18:43","modified_gmt":"2026-04-07T11:18:43","slug":"covi-sept-plyn-do-higienicznej-i-chirurgicznej-dezynfekcji-rak-5-l","status":"publish","type":"product","link":"https:\/\/wegeblw.pl\/index.php\/produkt\/covi-sept-plyn-do-higienicznej-i-chirurgicznej-dezynfekcji-rak-5-l\/","title":{"rendered":"Covi-Sept P\u0142yn Do Higienicznej I Chirurgicznej Dezynfekcji R\u0105k 5 L"},"content":{"rendered":"<p>Okulary S\u0142oneczne Vogue Kids<\/p>\n<p>Okulary przeciws\u0142oneczne damskie<\/p>\n<p>kolorowy liquid, stawosan q7 krem laurowy, zio\u0142a na oskrzela, bob snail gdzie kupi\u0107, kurkuma w kroplach, ro\u015blina czystek, leki na pozbycie si\u0119 wody z organizmu, pektyny czy s\u0105 zdrowe, kolendra, kwas kaprylowy zastosowanie, pomys\u0142y na obiad wege, mucha, propolis w kroplach<\/p>\n<p>yyyyy<\/p>\n","protected":false},"excerpt":{"rendered":"<p>Okulary S\u0142oneczne Vogue Kids Okulary przeciws\u0142oneczne damskie kolorowy liquid, stawosan q7 krem laurowy, zio\u0142a na oskrzela, bob snail gdzie kupi\u0107,&hellip;<\/p>\n","protected":false},"featured_media":708,"comment_status":"closed","ping_status":"open","template":"","meta":[],"product_cat":[86],"product_tag":[751,811,784],"class_list":["post-707","product","type-product","status-publish","has-post-thumbnail","hentry","product_cat-artykuly-do-dezynfekcji","product_tag-24-organic","product_tag-jajka-ekologiczne","product_tag-mieso-weganskie"],"_links":{"self":[{"href":"https:\/\/wegeblw.pl\/index.php\/wp-json\/wp\/v2\/product\/707","targetHints":{"allow":["GET"]}}],"collection":[{"href":"https:\/\/wegeblw.pl\/index.php\/wp-json\/wp\/v2\/product"}],"about":[{"href":"https:\/\/wegeblw.pl\/index.php\/wp-json\/wp\/v2\/types\/product"}],"replies":[{"embeddable":true,"href":"https:\/\/wegeblw.pl\/index.php\/wp-json\/wp\/v2\/comments?post=707"}],"wp:featuredmedia":[{"embeddable":true,"href":"https:\/\/wegeblw.pl\/index.php\/wp-json\/wp\/v2\/media\/708"}],"wp:attachment":[{"href":"https:\/\/wegeblw.pl\/index.php\/wp-json\/wp\/v2\/media?parent=707"}],"wp:term":[{"taxonomy":"product_cat","embeddable":true,"href":"https:\/\/wegeblw.pl\/index.php\/wp-json\/wp\/v2\/product_cat?post=707"},{"taxonomy":"product_tag","embeddable":true,"href":"https:\/\/wegeblw.pl\/index.php\/wp-json\/wp\/v2\/product_tag?post=707"}],"curies":[{"name":"wp","href":"https:\/\/api.w.org\/{rel}","templated":true}]}}