{"id":7071,"date":"2020-05-29T01:48:47","date_gmt":"2020-05-28T23:48:47","guid":{"rendered":"https:\/\/wegeblw.pl\/index.php\/produkt\/apollos-hegemony-diamond-multivitamin-60-kaps\/"},"modified":"2026-04-08T07:56:46","modified_gmt":"2026-04-08T05:56:46","slug":"apollos-hegemony-diamond-multivitamin-60-kaps","status":"publish","type":"product","link":"https:\/\/wegeblw.pl\/index.php\/produkt\/apollos-hegemony-diamond-multivitamin-60-kaps\/","title":{"rendered":"APOLLO&#8217;S HEGEMONY Diamond Multivitamin 60 kaps."},"content":{"rendered":"<p>Uriage Bari\u00e9sun Cream SPF 30 krem ochronny do twarzy i cia\u0142a SPF 30 50 ml. Uriage Bari\u00e9sun Cream SPF 30 najlepsza cena. Uriage kup teraz.<\/p>\n<p>Dermokosmetyki<\/p>\n<p>jawa woda, tortilla, co najlepiej na kaca, aromat do kawy, ry\u017c ja\u015bminowy warto\u015bci od\u017cywcze, logo bio, czy nerkowce s\u0105 zdrowe, m\u0105ka semolina lidl, kiwi cena, syrop z mleczu jak si\u0119 robi<\/p>\n<p><a href=\"https:\/\/eneroo.pl\/strop-drewniany-czy-warto\">drewniany strop belkowy<\/a><\/p>\n","protected":false},"excerpt":{"rendered":"<p>Uriage Bari\u00e9sun Cream SPF 30 krem ochronny do twarzy i cia\u0142a SPF 30 50 ml. Uriage Bari\u00e9sun Cream SPF 30&hellip;<\/p>\n","protected":false},"featured_media":7072,"comment_status":"closed","ping_status":"open","template":"","meta":[],"product_cat":[37],"product_tag":[775,825,743,760,680,813],"class_list":["post-7071","product","type-product","status-publish","has-post-thumbnail","hentry","product_cat-witaminy-i-mineraly","product_tag-kwasna-smietana","product_tag-shirataki-noodle","product_tag-siemie-lniane","product_tag-skyr-bez-laktozy","product_tag-smietana-kwasna","product_tag-tortilla"],"_links":{"self":[{"href":"https:\/\/wegeblw.pl\/index.php\/wp-json\/wp\/v2\/product\/7071","targetHints":{"allow":["GET"]}}],"collection":[{"href":"https:\/\/wegeblw.pl\/index.php\/wp-json\/wp\/v2\/product"}],"about":[{"href":"https:\/\/wegeblw.pl\/index.php\/wp-json\/wp\/v2\/types\/product"}],"replies":[{"embeddable":true,"href":"https:\/\/wegeblw.pl\/index.php\/wp-json\/wp\/v2\/comments?post=7071"}],"wp:featuredmedia":[{"embeddable":true,"href":"https:\/\/wegeblw.pl\/index.php\/wp-json\/wp\/v2\/media\/7072"}],"wp:attachment":[{"href":"https:\/\/wegeblw.pl\/index.php\/wp-json\/wp\/v2\/media?parent=7071"}],"wp:term":[{"taxonomy":"product_cat","embeddable":true,"href":"https:\/\/wegeblw.pl\/index.php\/wp-json\/wp\/v2\/product_cat?post=7071"},{"taxonomy":"product_tag","embeddable":true,"href":"https:\/\/wegeblw.pl\/index.php\/wp-json\/wp\/v2\/product_tag?post=7071"}],"curies":[{"name":"wp","href":"https:\/\/api.w.org\/{rel}","templated":true}]}}