{"id":7097,"date":"2017-10-17T21:47:12","date_gmt":"2017-10-17T19:47:12","guid":{"rendered":"https:\/\/wegeblw.pl\/index.php\/produkt\/now-foods-witamina-b-50-100-tabl\/"},"modified":"2026-04-09T12:09:25","modified_gmt":"2026-04-09T10:09:25","slug":"now-foods-witamina-b-50-100-tabl","status":"publish","type":"product","link":"https:\/\/wegeblw.pl\/index.php\/produkt\/now-foods-witamina-b-50-100-tabl\/","title":{"rendered":"Now Foods Witamina B-50 100 tabl."},"content":{"rendered":"<p>Samochody i motocykle<\/p>\n<p>ziele kozieradki, barszcz ukrai\u0144ski, wit d3 z lanoliny, jakie s\u0105 owoce morza, dlaczego jagody s\u0105 gorzkie, szczoteczka do z\u0119b\u00f3w bambusowa, gdzie mo\u017cna kupi\u0107 aloes, e412 szkodliwo\u015b\u0107, rose hips, vege keto, \u017celki halloween, kwiatostan kocanki, sk\u0142ad proszku do pieczenia<\/p>\n<p>yyyyy<\/p>\n","protected":false},"excerpt":{"rendered":"<p>Samochody i motocykle ziele kozieradki, barszcz ukrai\u0144ski, wit d3 z lanoliny, jakie s\u0105 owoce morza, dlaczego jagody s\u0105 gorzkie, szczoteczka&hellip;<\/p>\n","protected":false},"featured_media":7098,"comment_status":"closed","ping_status":"open","template":"","meta":[],"product_cat":[18],"product_tag":[780,770,858,641],"class_list":["post-7097","product","type-product","status-publish","has-post-thumbnail","hentry","product_cat-mineraly-i-witaminy","product_tag-b12","product_tag-komosa-ryzowa-gotowanie","product_tag-majonez-vitapol","product_tag-smieci-w-oceanach"],"_links":{"self":[{"href":"https:\/\/wegeblw.pl\/index.php\/wp-json\/wp\/v2\/product\/7097","targetHints":{"allow":["GET"]}}],"collection":[{"href":"https:\/\/wegeblw.pl\/index.php\/wp-json\/wp\/v2\/product"}],"about":[{"href":"https:\/\/wegeblw.pl\/index.php\/wp-json\/wp\/v2\/types\/product"}],"replies":[{"embeddable":true,"href":"https:\/\/wegeblw.pl\/index.php\/wp-json\/wp\/v2\/comments?post=7097"}],"wp:featuredmedia":[{"embeddable":true,"href":"https:\/\/wegeblw.pl\/index.php\/wp-json\/wp\/v2\/media\/7098"}],"wp:attachment":[{"href":"https:\/\/wegeblw.pl\/index.php\/wp-json\/wp\/v2\/media?parent=7097"}],"wp:term":[{"taxonomy":"product_cat","embeddable":true,"href":"https:\/\/wegeblw.pl\/index.php\/wp-json\/wp\/v2\/product_cat?post=7097"},{"taxonomy":"product_tag","embeddable":true,"href":"https:\/\/wegeblw.pl\/index.php\/wp-json\/wp\/v2\/product_tag?post=7097"}],"curies":[{"name":"wp","href":"https:\/\/api.w.org\/{rel}","templated":true}]}}