{"id":7117,"date":"2025-06-07T20:25:18","date_gmt":"2025-06-07T18:25:18","guid":{"rendered":"https:\/\/wegeblw.pl\/?post_type=product&#038;p=7117"},"modified":"2026-04-10T03:24:56","modified_gmt":"2026-04-10T01:24:56","slug":"speedo-klapki-meskie-czarny","status":"publish","type":"product","link":"https:\/\/wegeblw.pl\/index.php\/produkt\/speedo-klapki-meskie-czarny\/","title":{"rendered":"Speedo Klapki m\u0119skie Czarny"},"content":{"rendered":"<p>bOPIS PRODUKTU:LI  B+B to do\u015bwiadczona firma, kt\u00f3rej produkty zawsze wychodz\u0105 naprzeciw oczekiwaniom klient\u00f3w. Od wielu lat tworzy sprz\u0119t zwi\u0105zany z trosk\u0105 o zdrowie. Najlepszej jako\u015bci materia\u0142y, a tak\u017ce atrakcyjne ceny to g\u0142\u00f3wne zalety produkt\u00f3w B+B. Dodajmy do tego funkcjonalno\u015b\u0107 i interesuj\u0105cy design, a nikt nie b\u0119dzie w stanie oprze\u0107 si\u0119 tym urz\u0105dzeniom.    Chodziki tej firmy to doskona\u0142y spos\u00f3b na u\u0142atwienie pionizacji i poruszania si\u0119!    bDANE TECHNICzNE:b  ulli Sprz\u0119t pomocniczorehabilitacyjny. li  li Krocz\u0105cy. li  li Regulacja wysoko\u015bci co 2,5 cm. li  li Wzmocnione po\u0142\u0105czenia. li  li Mo\u017cliwo\u015b\u0107 z\u0142o\u017cenia. li  li Wygodne uchwyty. li  li Kolorystyka: z\u0142ota. li      li Wymiary: 51 cm x 43 cm x 7890 cm wysoko\u015b\u0107. li  li MAKSYMALNE obci\u0105\u017cenie: 100 kg. liul      bUWAGI: B  ulli Jest mo\u017cliwo\u015b\u0107 refundacji towaru przez Narodowy Fundusz zdrowia.liul<\/p>\n<p>W\u00f3zki inwalidzkie balkoniki i laski<\/p>\n<p>wyspa plastiku, 1kg, co to jest skrobia kukurydziana, marynowany pieprz, witaminy w papryce, nadmanganian potasu cena, papierki, zdrowa \u017cywno\u015b\u0107 warszawa, sklep yerba mate krak\u00f3w, tofu jak zrobi\u0107, czy szpinak to warzywo, erytrytol opinie, czekolad\u0105, co\u015b s\u0142odkiego do zrobienia w domu, humus z ciecierzycy, cukier zamiennik, peeling g\u0142owy, raw baton<\/p>\n<p>yyyyy<\/p>\n","protected":false},"excerpt":{"rendered":"<p>bOPIS PRODUKTU:LI B+B to do\u015bwiadczona firma, kt\u00f3rej produkty zawsze wychodz\u0105 naprzeciw oczekiwaniom klient\u00f3w. Od wielu lat tworzy sprz\u0119t zwi\u0105zany z&hellip;<\/p>\n","protected":false},"featured_media":7118,"comment_status":"closed","ping_status":"open","template":"","meta":[],"product_cat":[503],"product_tag":[715,702,663,707],"class_list":["post-7117","product","type-product","status-publish","has-post-thumbnail","hentry","product_cat-klapki-na-basen","product_tag-jak-oczyscic-krewetki","product_tag-przepis-na-sekacz","product_tag-sekacz-ciasto","product_tag-wege-mieso"],"_links":{"self":[{"href":"https:\/\/wegeblw.pl\/index.php\/wp-json\/wp\/v2\/product\/7117","targetHints":{"allow":["GET"]}}],"collection":[{"href":"https:\/\/wegeblw.pl\/index.php\/wp-json\/wp\/v2\/product"}],"about":[{"href":"https:\/\/wegeblw.pl\/index.php\/wp-json\/wp\/v2\/types\/product"}],"replies":[{"embeddable":true,"href":"https:\/\/wegeblw.pl\/index.php\/wp-json\/wp\/v2\/comments?post=7117"}],"wp:featuredmedia":[{"embeddable":true,"href":"https:\/\/wegeblw.pl\/index.php\/wp-json\/wp\/v2\/media\/7118"}],"wp:attachment":[{"href":"https:\/\/wegeblw.pl\/index.php\/wp-json\/wp\/v2\/media?parent=7117"}],"wp:term":[{"taxonomy":"product_cat","embeddable":true,"href":"https:\/\/wegeblw.pl\/index.php\/wp-json\/wp\/v2\/product_cat?post=7117"},{"taxonomy":"product_tag","embeddable":true,"href":"https:\/\/wegeblw.pl\/index.php\/wp-json\/wp\/v2\/product_tag?post=7117"}],"curies":[{"name":"wp","href":"https:\/\/api.w.org\/{rel}","templated":true}]}}