{"id":7119,"date":"2022-05-06T13:42:35","date_gmt":"2022-05-06T11:42:35","guid":{"rendered":"https:\/\/wegeblw.pl\/index.php\/produkt\/hansgrohe-addstoris-pudelko-na-chusteczki-zloty-optyczny-polerowany-41774990\/"},"modified":"2026-04-08T06:47:06","modified_gmt":"2026-04-08T04:47:06","slug":"hansgrohe-addstoris-pudelko-na-chusteczki-zloty-optyczny-polerowany-41774990","status":"publish","type":"product","link":"https:\/\/wegeblw.pl\/index.php\/produkt\/hansgrohe-addstoris-pudelko-na-chusteczki-zloty-optyczny-polerowany-41774990\/","title":{"rendered":"HANSGROHE ADDSTORIS &#8211; PUDE\u0141KO NA CHUSTECZKI Z\u0141OTY OPTYCZNY POLEROWANY &#8211; 41774990"},"content":{"rendered":"<p>Teraz w Aurum-Optics do ka\u017cdego zam\u00f3wienia dodajemy wyj\u0105tkowe korzy\u015bci &#8211; w zale\u017cno\u015bci od rodzaju okular\u00f3w.SPRAWD\u0179 DODATKOWE KORZY\u015aCIOkulary BE 1362 1292 54 &#8211; wysoka jako\u015b\u0107 i doskona\u0142y stylOkulary korekcyjne Burberry BE 1362 1292 54 to doskona\u0142y wyb\u00f3r dla ka\u017cdej kobiety poszukuj\u0105cej stylowego dodatku. Te oprawki korekcyjne charakteryzuje nie tylko doskona\u0142y design &#8211; gwarantuj\u0105 one tak\u017ce najwy\u017cszy komfort widzenia. Markowe okulary BurberryEkskluzywny styl rodem z Wielkiej Brytanii. Niewiele jest tak presti\u017cowych marek, jak Burberry. Ten luksusowy dom mody zosta\u0142 doceniony nawet przez Brytyjsk\u0105 Rodzin\u0119 Kr\u00f3lewsk\u0105, od kt\u00f3rej otrzyma\u0142 specjaln\u0105 rekomendacj\u0119. Dotknij wyj\u0105tkowego presti\u017cu z t\u0105 niezwyk\u0142\u0105 mark\u0105 i wybierz najlepsze, oryginalne okulary Burberry!&#8230;<\/p>\n<p>Okulary oprawki i szk\u0142a<\/p>\n<p>olejek r\u00f3zany, olejek z oregano grzybica, kasztany jadalne, biedronka daktyle, m\u0105ka migda\u0142owa przepis, pan pomidor, jak zrobi\u0107 s\u0119kacza w domu, wit b 12 niedob\u00f3r, www pestki moreli pl, sok malinowy bez cukru, okejek rycynowy, naturalne kosmetyki do opalania<\/p>\n<p>yyyyy<\/p>\n","protected":false},"excerpt":{"rendered":"<p>Teraz w Aurum-Optics do ka\u017cdego zam\u00f3wienia dodajemy wyj\u0105tkowe korzy\u015bci &#8211; w zale\u017cno\u015bci od rodzaju okular\u00f3w.SPRAWD\u0179 DODATKOWE KORZY\u015aCIOkulary BE 1362 1292&hellip;<\/p>\n","protected":false},"featured_media":7120,"comment_status":"closed","ping_status":"open","template":"","meta":[],"product_cat":[504],"product_tag":[620,632,759,809],"class_list":["post-7119","product","type-product","status-publish","has-post-thumbnail","hentry","product_cat-pojemniki-na-waciki-i-chusteczki","product_tag-kielbasa-wiejska","product_tag-komosa-ryzowa-jak-gotowac","product_tag-kurkuma","product_tag-produkty-bez-cukru"],"_links":{"self":[{"href":"https:\/\/wegeblw.pl\/index.php\/wp-json\/wp\/v2\/product\/7119","targetHints":{"allow":["GET"]}}],"collection":[{"href":"https:\/\/wegeblw.pl\/index.php\/wp-json\/wp\/v2\/product"}],"about":[{"href":"https:\/\/wegeblw.pl\/index.php\/wp-json\/wp\/v2\/types\/product"}],"replies":[{"embeddable":true,"href":"https:\/\/wegeblw.pl\/index.php\/wp-json\/wp\/v2\/comments?post=7119"}],"wp:featuredmedia":[{"embeddable":true,"href":"https:\/\/wegeblw.pl\/index.php\/wp-json\/wp\/v2\/media\/7120"}],"wp:attachment":[{"href":"https:\/\/wegeblw.pl\/index.php\/wp-json\/wp\/v2\/media?parent=7119"}],"wp:term":[{"taxonomy":"product_cat","embeddable":true,"href":"https:\/\/wegeblw.pl\/index.php\/wp-json\/wp\/v2\/product_cat?post=7119"},{"taxonomy":"product_tag","embeddable":true,"href":"https:\/\/wegeblw.pl\/index.php\/wp-json\/wp\/v2\/product_tag?post=7119"}],"curies":[{"name":"wp","href":"https:\/\/api.w.org\/{rel}","templated":true}]}}