{"id":7127,"date":"2018-08-03T03:34:33","date_gmt":"2018-08-03T01:34:33","guid":{"rendered":"https:\/\/wegeblw.pl\/index.php\/produkt\/tawula-japonska-anthony-waterer\/"},"modified":"2026-04-07T03:06:13","modified_gmt":"2026-04-07T01:06:13","slug":"tawula-japonska-anthony-waterer","status":"publish","type":"product","link":"https:\/\/wegeblw.pl\/index.php\/produkt\/tawula-japonska-anthony-waterer\/","title":{"rendered":"Tawu\u0142a japo\u0144ska 'Anthony Waterer&#8217;"},"content":{"rendered":"<p>Karmy dla ps\u00f3w<\/p>\n<p>kosz dla babci i dziadka, mleko kokosowe real thai, prosciutti cotto, herbatka dla niemowl\u0105t od 1 miesi\u0105ca, wegetarianski bigos, kwas askorbinowy cena, erytrytol sk\u0142ad, imbir marynowany, suszone drozdze, na co jest ocet jab\u0142kowy<\/p>\n<p>yyyyy<\/p>\n","protected":false},"excerpt":{"rendered":"<p>Karmy dla ps\u00f3w kosz dla babci i dziadka, mleko kokosowe real thai, prosciutti cotto, herbatka dla niemowl\u0105t od 1 miesi\u0105ca,&hellip;<\/p>\n","protected":false},"featured_media":7128,"comment_status":"closed","ping_status":"open","template":"","meta":[],"product_cat":[507],"product_tag":[642,716,810,745],"class_list":["post-7127","product","type-product","status-publish","has-post-thumbnail","hentry","product_cat-drzewka-i-krzewy-ozdobne","product_tag-granat","product_tag-leckers","product_tag-pasta-misp","product_tag-swieze-mleko"],"_links":{"self":[{"href":"https:\/\/wegeblw.pl\/index.php\/wp-json\/wp\/v2\/product\/7127","targetHints":{"allow":["GET"]}}],"collection":[{"href":"https:\/\/wegeblw.pl\/index.php\/wp-json\/wp\/v2\/product"}],"about":[{"href":"https:\/\/wegeblw.pl\/index.php\/wp-json\/wp\/v2\/types\/product"}],"replies":[{"embeddable":true,"href":"https:\/\/wegeblw.pl\/index.php\/wp-json\/wp\/v2\/comments?post=7127"}],"wp:featuredmedia":[{"embeddable":true,"href":"https:\/\/wegeblw.pl\/index.php\/wp-json\/wp\/v2\/media\/7128"}],"wp:attachment":[{"href":"https:\/\/wegeblw.pl\/index.php\/wp-json\/wp\/v2\/media?parent=7127"}],"wp:term":[{"taxonomy":"product_cat","embeddable":true,"href":"https:\/\/wegeblw.pl\/index.php\/wp-json\/wp\/v2\/product_cat?post=7127"},{"taxonomy":"product_tag","embeddable":true,"href":"https:\/\/wegeblw.pl\/index.php\/wp-json\/wp\/v2\/product_tag?post=7127"}],"curies":[{"name":"wp","href":"https:\/\/api.w.org\/{rel}","templated":true}]}}