{"id":7143,"date":"2020-12-22T12:55:33","date_gmt":"2020-12-22T11:55:33","guid":{"rendered":"https:\/\/wegeblw.pl\/index.php\/produkt\/targroch-ksylitol-1kg\/"},"modified":"2026-04-07T11:56:06","modified_gmt":"2026-04-07T09:56:06","slug":"targroch-ksylitol-1kg","status":"publish","type":"product","link":"https:\/\/wegeblw.pl\/index.php\/produkt\/targroch-ksylitol-1kg\/","title":{"rendered":"Targroch Ksylitol 1kg"},"content":{"rendered":"<p>OPASKA UCISKOWA STAZA AUTOMATYCZNA RATUJESZ TM-A001 CZERWONA Zaprojektowana specjalnie z my\u015bl\u0105 o lekarzach, ratownikach medycznych i piel\u0119gniarkach. Z uwagi na swoj\u0105 lekko\u015b\u0107, \u0142atwo\u015b\u0107 w u\u017cyciu, niedu\u017c\u0105 wielko\u015b\u0107 &#8211; idealnie mie\u015bci si\u0119 w d\u0142oni &#8211; zajmuje bardzo ma\u0142o miejsca zawsze mo\u017cna mie\u0107 j\u0105 przy sobie. Oryginalna Opaska uciskowa Staza automatyczna Ratujesz TM-A001 Wykonana z najwy\u017cszej jako\u015bci materia\u0142\u00f3w + Produkt Premium. Niezawodny. Najwy\u017cszej jako\u015bci. Wybierany przez profesjonalist\u00f3w z bran\u017cy medycznej. NAJWY\u017bSZA JAKO\u015a\u0106 WYKONANIA wysokiej jako\u015b\u0107 staza automatyczna u\u017cywana do uciskania \u017cy\u0142y przy pobieraniu krwi oraz w celu nak\u0142uwania \u017cy\u0142, opaska wykonana z elastycznej ta\u015bmy z automatyczn\u0105 samo zaciskaj\u0105c\u0105 si\u0119 klamr\u0105, pozwalaj\u0105c\u0105 na stopniowe uwalnianie ucisku przez doci\u015bni\u0119cie tylnej cz\u0119\u015bci klamry lub ca\u0142kowite rozpi\u0119cie zamka poprzez naci\u015bni\u0119cie przycisku, w znacznym stopniu u\u0142atwia pobieranie krwi oraz innego rodzaju zabieg\u00f3w wymagaj\u0105cych zamkni\u0119cia przep\u0142ywu naczy\u0144 krwiono\u015bnych, trwa\u0142a i wytrzyma\u0142a ta\u015bma elastyczna o szeroko\u015bci 25 mm, ca\u0142kowita d\u0142ugo\u015b\u0107 stazy &#8211; 41 cm, stabilna i bezpieczna blokada, pozbawiona metalowych element\u00f3w, klips umo\u017cliwia otworzenie opaski jednym palcem, lekka i \u0142atwa w u\u017cyciu, odpowiednia dla doros\u0142ych i dzieci, idealna na prezent.<\/p>\n<p>Wyposa\u017cenie medyczne<\/p>\n<p>m\u0105ka pszenna pe\u0142noziarnista indeks glikemiczny, jad\u0142ospisy dietetyczne, owsiane ciasteczka, wino portada biedronka, spf 50 aloe, zestaw do machy, z czego robi sie ocet, pasta bez fluoru dla doros\u0142ych, moye sklep, czekoladowe figurki, czym si\u0119 r\u00f3\u017cni mniszek lekarski od mlecza, produkty keto sklep, regaliz, zio\u0142o prowansalskie, czy mozna, krem herbatnikowy<\/p>\n<p>yyyyy<\/p>\n","protected":false},"excerpt":{"rendered":"<p>OPASKA UCISKOWA STAZA AUTOMATYCZNA RATUJESZ TM-A001 CZERWONA Zaprojektowana specjalnie z my\u015bl\u0105 o lekarzach, ratownikach medycznych i piel\u0119gniarkach. Z uwagi na&hellip;<\/p>\n","protected":false},"featured_media":7144,"comment_status":"closed","ping_status":"open","template":"","meta":[],"product_cat":[105],"product_tag":[714,720,623,678],"class_list":["post-7143","product","type-product","status-publish","has-post-thumbnail","hentry","product_cat-zdrowa-zywnosc","product_tag-cytryna-ekologiczna","product_tag-komose","product_tag-mleko-roslinne","product_tag-springrolls"],"_links":{"self":[{"href":"https:\/\/wegeblw.pl\/index.php\/wp-json\/wp\/v2\/product\/7143","targetHints":{"allow":["GET"]}}],"collection":[{"href":"https:\/\/wegeblw.pl\/index.php\/wp-json\/wp\/v2\/product"}],"about":[{"href":"https:\/\/wegeblw.pl\/index.php\/wp-json\/wp\/v2\/types\/product"}],"replies":[{"embeddable":true,"href":"https:\/\/wegeblw.pl\/index.php\/wp-json\/wp\/v2\/comments?post=7143"}],"wp:featuredmedia":[{"embeddable":true,"href":"https:\/\/wegeblw.pl\/index.php\/wp-json\/wp\/v2\/media\/7144"}],"wp:attachment":[{"href":"https:\/\/wegeblw.pl\/index.php\/wp-json\/wp\/v2\/media?parent=7143"}],"wp:term":[{"taxonomy":"product_cat","embeddable":true,"href":"https:\/\/wegeblw.pl\/index.php\/wp-json\/wp\/v2\/product_cat?post=7143"},{"taxonomy":"product_tag","embeddable":true,"href":"https:\/\/wegeblw.pl\/index.php\/wp-json\/wp\/v2\/product_tag?post=7143"}],"curies":[{"name":"wp","href":"https:\/\/api.w.org\/{rel}","templated":true}]}}