{"id":719,"date":"2014-11-01T07:50:32","date_gmt":"2014-11-01T06:50:32","guid":{"rendered":"https:\/\/wegeblw.pl\/index.php\/produkt\/herbapol-krakow-imbir-90-kaps\/"},"modified":"2026-04-07T02:50:02","modified_gmt":"2026-04-07T00:50:02","slug":"herbapol-krakow-imbir-90-kaps","status":"publish","type":"product","link":"https:\/\/wegeblw.pl\/index.php\/produkt\/herbapol-krakow-imbir-90-kaps\/","title":{"rendered":"Herbapol Krak\u00f3w Imbir+ 90 kaps"},"content":{"rendered":"<p>Kremy do twarzy<\/p>\n<p>dieta \u017co\u0142\u0105dkowa co mo\u017cna je\u015b\u0107, czosnek czarny, kuchnia w stylu meksyka\u0144skim, olej rafinowany a nierafinowany, adek aliness, moringa bio, czy mleko kokosowe mo\u017cna gotowa\u0107, healthlabs kod rabatowy, jak zrobi\u0107 kiszonki z warzyw, herbata z czerwonej koniczyny, m\u0105ka migda\u0142owa lidl cena, d3+k2mk7, lipid cell ceneo, parmezan ser, pra\u017cone ziarno kukurydzy, orzechy nerkowca wlasciwosci, ry\u017c z czym, zio\u0142a na sen i uspokojenie<\/p>\n<p><a href=\"https:\/\/www.dom-lazienka.pl\/baterie-lazienkowe-cat-46\">https:\/\/www.dom-lazienka.pl\/baterie-lazienkowe-cat-46<\/a><\/p>\n","protected":false},"excerpt":{"rendered":"<p>Kremy do twarzy dieta \u017co\u0142\u0105dkowa co mo\u017cna je\u015b\u0107, czosnek czarny, kuchnia w stylu meksyka\u0144skim, olej rafinowany a nierafinowany, adek aliness,&hellip;<\/p>\n","protected":false},"featured_media":720,"comment_status":"closed","ping_status":"open","template":"","meta":[],"product_cat":[43],"product_tag":[877,848,632,629,810,804],"class_list":["post-719","product","type-product","status-publish","has-post-thumbnail","hentry","product_cat-uklad-pokarmowy-i-trawienie","product_tag-bita-smietana-bez-laktozy","product_tag-granat-z-pestki","product_tag-komosa-ryzowa-jak-gotowac","product_tag-maka-z-ciecierzycy","product_tag-pasta-misp","product_tag-quinoa-jak-gotowac"],"_links":{"self":[{"href":"https:\/\/wegeblw.pl\/index.php\/wp-json\/wp\/v2\/product\/719","targetHints":{"allow":["GET"]}}],"collection":[{"href":"https:\/\/wegeblw.pl\/index.php\/wp-json\/wp\/v2\/product"}],"about":[{"href":"https:\/\/wegeblw.pl\/index.php\/wp-json\/wp\/v2\/types\/product"}],"replies":[{"embeddable":true,"href":"https:\/\/wegeblw.pl\/index.php\/wp-json\/wp\/v2\/comments?post=719"}],"wp:featuredmedia":[{"embeddable":true,"href":"https:\/\/wegeblw.pl\/index.php\/wp-json\/wp\/v2\/media\/720"}],"wp:attachment":[{"href":"https:\/\/wegeblw.pl\/index.php\/wp-json\/wp\/v2\/media?parent=719"}],"wp:term":[{"taxonomy":"product_cat","embeddable":true,"href":"https:\/\/wegeblw.pl\/index.php\/wp-json\/wp\/v2\/product_cat?post=719"},{"taxonomy":"product_tag","embeddable":true,"href":"https:\/\/wegeblw.pl\/index.php\/wp-json\/wp\/v2\/product_tag?post=719"}],"curies":[{"name":"wp","href":"https:\/\/api.w.org\/{rel}","templated":true}]}}