{"id":7196,"date":"2016-07-07T08:40:21","date_gmt":"2016-07-07T06:40:21","guid":{"rendered":"https:\/\/wegeblw.pl\/index.php\/produkt\/yango-formula-na-stawy-50-kaps-panaseus\/"},"modified":"2026-04-07T01:26:26","modified_gmt":"2026-04-06T23:26:26","slug":"yango-formula-na-stawy-50-kaps-panaseus","status":"publish","type":"product","link":"https:\/\/wegeblw.pl\/index.php\/produkt\/yango-formula-na-stawy-50-kaps-panaseus\/","title":{"rendered":"Yango Formu\u0142a Na Stawy 50 Kaps Panaseus"},"content":{"rendered":"<p>PharmoVit Graviola 400mg 90kapsGraviola to ro\u015blina, kt\u00f3ra posiada mn\u00f3stwo w\u0142a\u015bciwo\u015bci zdrowotnych. Graviola b\u0119dzie wsparciem dla Twojej odporno\u015bci, co jest szczeg\u00f3lnie wa\u017cne dla os\u00f3b, je\u015bli trenujesz i nie chcesz opuszcza\u0107 trening\u00f3w z powodu choroby. Ma tak\u017ce korzystne dzia\u0142anie na Tw\u00f3j nastr\u00f3j i motywacj\u0119 do treningu. G\u0142\u00f3wnym sk\u0142adnikiem aktywnym tej ro\u015bliny jest acetogenina, kt\u00f3ra wspiera zdrowie na poziomie kom\u00f3rkowym. Dodatkowo, graviola ma dzia\u0142anie uspokajaj\u0105ce i wp\u0142ywa korzystnie na nastr\u00f3j.Graviola to preparat wskazany dla os\u00f3b, kt\u00f3re maj\u0105 problem z odporno\u015bci\u0105, bo dzi\u0119ki niej, mo\u017cna poprawi\u0107 dzia\u0142anie uk\u0142adu odporno\u015bciowego.Spos\u00f3b u\u017cycia:Spo\u017cywa\u0107 1 kapsu\u0142k\u0119z dziennie w trakcie posi\u0142ku. Popi\u0107 wod\u0105 (250 ml). Zalecana porcja dzienna to 1 kapsu\u0142ka.Nie nale\u017cy przekracza\u0107 zalecanej porcji do spo\u017cycia w ci\u0105gu dnia. Nie stosowa\u0107 w przypadku uczulenia na kt\u00f3rykolwiek ze sk\u0142adnik\u00f3w. Produkt dla doros\u0142ych. Spo\u017cywania produktu nie zaleca si\u0119 kobietom w ci\u0105\u017cy i karmi\u0105cym piersi\u0105. Produkt nie mo\u017ce by\u0107 stosowany jako substytut zr\u00f3\u017cnicowanej diety. Wa\u017cne jest prowadzenie zdrowego trybu \u017cycia i zr\u00f3wnowa\u017conego sposobu \u017cywienia.Sk\u0142adniki:Sproszkowane owoce gravioli (Annona muricata); otoczka kapsu\u0142ki: \u017celatynaChroni\u0107 przed \u015bwiat\u0142em. Przechowywa\u0107 w temperaturze pokojowej, w suchym miejscu, w spos\u00f3b niedost\u0119pny dla ma\u0142ych dzieci.Warto\u015bci od\u017cywcze PharmoVit Graviola 400mg 90kapsSuplement dietyProdukt zawiera1 porcja (1 kaps)% RWSSproszkowane owoce gravioli (Annona muricata) 400 mg 0%% RWS \u2013 Referencyjna Warto\u015b\u0107 Spo\u017cycia \/ * Referencyjna warto\u015b\u0107 spo\u017cycia nieustalona<\/p>\n<p>\u015arodki na przezi\u0119bienie<\/p>\n<p>sklep z ekologiczn\u0105 \u017cywno\u015bci\u0105, gouda, woda z kwiatu pomara\u0144czy, ziele przetacznika, olej rycynowy na brwi, krem czekoladowy bez laktozy, ekstrat z pokrzywy, cukier waniliowy a wanilinowy, polskie eko zagrody, produkty z kr\u00f3tk\u0105 data wa\u017cno\u015bci, m\u0105ka orkiszowa melvit typ, mi\u00f3d spadziowy w\u0142a\u015bciwo\u015bci, tw\u00f3j cel to, kompozycja z piwonii, du\u017ca \u015bliwka, chrupki kukurydziane kcal, kawa etiopia yirgacheffe, guarana kofeina<\/p>\n<p>yyyyy<\/p>\n","protected":false},"excerpt":{"rendered":"<p>PharmoVit Graviola 400mg 90kapsGraviola to ro\u015blina, kt\u00f3ra posiada mn\u00f3stwo w\u0142a\u015bciwo\u015bci zdrowotnych. Graviola b\u0119dzie wsparciem dla Twojej odporno\u015bci, co jest szczeg\u00f3lnie&hellip;<\/p>\n","protected":false},"featured_media":7197,"comment_status":"closed","ping_status":"open","template":"","meta":[],"product_cat":[17],"product_tag":[876,873,632,629,680],"class_list":["post-7196","product","type-product","status-publish","has-post-thumbnail","hentry","product_cat-stawy-miesnie-i-kosci","product_tag-herbaty-bio","product_tag-jak-przygotowac-komose-ryzowa","product_tag-komosa-ryzowa-jak-gotowac","product_tag-maka-z-ciecierzycy","product_tag-smietana-kwasna"],"_links":{"self":[{"href":"https:\/\/wegeblw.pl\/index.php\/wp-json\/wp\/v2\/product\/7196","targetHints":{"allow":["GET"]}}],"collection":[{"href":"https:\/\/wegeblw.pl\/index.php\/wp-json\/wp\/v2\/product"}],"about":[{"href":"https:\/\/wegeblw.pl\/index.php\/wp-json\/wp\/v2\/types\/product"}],"replies":[{"embeddable":true,"href":"https:\/\/wegeblw.pl\/index.php\/wp-json\/wp\/v2\/comments?post=7196"}],"wp:featuredmedia":[{"embeddable":true,"href":"https:\/\/wegeblw.pl\/index.php\/wp-json\/wp\/v2\/media\/7197"}],"wp:attachment":[{"href":"https:\/\/wegeblw.pl\/index.php\/wp-json\/wp\/v2\/media?parent=7196"}],"wp:term":[{"taxonomy":"product_cat","embeddable":true,"href":"https:\/\/wegeblw.pl\/index.php\/wp-json\/wp\/v2\/product_cat?post=7196"},{"taxonomy":"product_tag","embeddable":true,"href":"https:\/\/wegeblw.pl\/index.php\/wp-json\/wp\/v2\/product_tag?post=7196"}],"curies":[{"name":"wp","href":"https:\/\/api.w.org\/{rel}","templated":true}]}}