{"id":72,"date":"2017-08-04T17:38:56","date_gmt":"2017-08-04T15:38:56","guid":{"rendered":"https:\/\/wegeblw.pl\/index.php\/produkt\/cibdol-olejek-cbd-konopny-4-50ml-konopi-2000mg\/"},"modified":"2026-05-01T11:14:20","modified_gmt":"2026-05-01T09:14:20","slug":"cibdol-olejek-cbd-konopny-4-50ml-konopi-2000mg","status":"publish","type":"product","link":"https:\/\/wegeblw.pl\/index.php\/produkt\/cibdol-olejek-cbd-konopny-4-50ml-konopi-2000mg\/","title":{"rendered":"Cibdol Olejek Cbd Konopny 4% 50Ml Konopi 2000Mg"},"content":{"rendered":"<p>Okulary S\u0142oneczne Burberry<\/p>\n<p>Okulary przeciws\u0142oneczne damskie<\/p>\n<p>r\u00f3\u017cd\u017cka smaku, pacceri, brak jodu w organizmie, farby be\u017cowy blond, soda oczyszczona jak stosowa\u0107<\/p>\n<p>yyyyy<\/p>\n","protected":false},"excerpt":{"rendered":"<p>Okulary S\u0142oneczne Burberry Okulary przeciws\u0142oneczne damskie r\u00f3\u017cd\u017cka smaku, pacceri, brak jodu w organizmie, farby be\u017cowy blond, soda oczyszczona jak stosowa\u0107&hellip;<\/p>\n","protected":false},"featured_media":73,"comment_status":"closed","ping_status":"open","template":"","meta":[],"product_cat":[20],"product_tag":[708,710,709,639,622],"class_list":["post-72","product","type-product","status-publish","has-post-thumbnail","hentry","product_cat-preparaty-medycyny-naturalnej","product_tag-kurkuma-przyprawa-jak-stosowac","product_tag-linda-mccartney-burger","product_tag-maka-orkiszowa-zastosowanie","product_tag-organic-farma","product_tag-vege-mieso"],"_links":{"self":[{"href":"https:\/\/wegeblw.pl\/index.php\/wp-json\/wp\/v2\/product\/72","targetHints":{"allow":["GET"]}}],"collection":[{"href":"https:\/\/wegeblw.pl\/index.php\/wp-json\/wp\/v2\/product"}],"about":[{"href":"https:\/\/wegeblw.pl\/index.php\/wp-json\/wp\/v2\/types\/product"}],"replies":[{"embeddable":true,"href":"https:\/\/wegeblw.pl\/index.php\/wp-json\/wp\/v2\/comments?post=72"}],"wp:featuredmedia":[{"embeddable":true,"href":"https:\/\/wegeblw.pl\/index.php\/wp-json\/wp\/v2\/media\/73"}],"wp:attachment":[{"href":"https:\/\/wegeblw.pl\/index.php\/wp-json\/wp\/v2\/media?parent=72"}],"wp:term":[{"taxonomy":"product_cat","embeddable":true,"href":"https:\/\/wegeblw.pl\/index.php\/wp-json\/wp\/v2\/product_cat?post=72"},{"taxonomy":"product_tag","embeddable":true,"href":"https:\/\/wegeblw.pl\/index.php\/wp-json\/wp\/v2\/product_tag?post=72"}],"curies":[{"name":"wp","href":"https:\/\/api.w.org\/{rel}","templated":true}]}}