{"id":7215,"date":"2022-07-06T02:44:43","date_gmt":"2022-07-06T00:44:43","guid":{"rendered":"https:\/\/wegeblw.pl\/?post_type=product&#038;p=7215"},"modified":"2026-04-08T16:36:17","modified_gmt":"2026-04-08T14:36:17","slug":"pellini-top-kawa-mielona-w-puszce-250g","status":"publish","type":"product","link":"https:\/\/wegeblw.pl\/index.php\/produkt\/pellini-top-kawa-mielona-w-puszce-250g\/","title":{"rendered":"Pellini Top kawa mielona w puszce 250g"},"content":{"rendered":"<p>Okulary S\u0142oneczne Burberry<\/p>\n<p>Okulary przeciws\u0142oneczne damskie<\/p>\n<p>r\u00f3\u017cd\u017cka smaku, pacceri, brak jodu w organizmie, farby be\u017cowy blond, soda oczyszczona jak stosowa\u0107<\/p>\n<p>yyyyy<\/p>\n","protected":false},"excerpt":{"rendered":"<p>Okulary S\u0142oneczne Burberry Okulary przeciws\u0142oneczne damskie r\u00f3\u017cd\u017cka smaku, pacceri, brak jodu w organizmie, farby be\u017cowy blond, soda oczyszczona jak stosowa\u0107&hellip;<\/p>\n","protected":false},"featured_media":7220,"comment_status":"closed","ping_status":"open","template":"","meta":[],"product_cat":[247],"product_tag":[872,744,632,804,646],"class_list":["post-7215","product","type-product","status-publish","has-post-thumbnail","hentry","product_cat-kawa","product_tag-bis-ethylhexyloxyphenol-methoxyphenyl-triazine","product_tag-haagen-dazs","product_tag-komosa-ryzowa-jak-gotowac","product_tag-quinoa-jak-gotowac","product_tag-slodycze-weganskie"],"_links":{"self":[{"href":"https:\/\/wegeblw.pl\/index.php\/wp-json\/wp\/v2\/product\/7215","targetHints":{"allow":["GET"]}}],"collection":[{"href":"https:\/\/wegeblw.pl\/index.php\/wp-json\/wp\/v2\/product"}],"about":[{"href":"https:\/\/wegeblw.pl\/index.php\/wp-json\/wp\/v2\/types\/product"}],"replies":[{"embeddable":true,"href":"https:\/\/wegeblw.pl\/index.php\/wp-json\/wp\/v2\/comments?post=7215"}],"wp:featuredmedia":[{"embeddable":true,"href":"https:\/\/wegeblw.pl\/index.php\/wp-json\/wp\/v2\/media\/7220"}],"wp:attachment":[{"href":"https:\/\/wegeblw.pl\/index.php\/wp-json\/wp\/v2\/media?parent=7215"}],"wp:term":[{"taxonomy":"product_cat","embeddable":true,"href":"https:\/\/wegeblw.pl\/index.php\/wp-json\/wp\/v2\/product_cat?post=7215"},{"taxonomy":"product_tag","embeddable":true,"href":"https:\/\/wegeblw.pl\/index.php\/wp-json\/wp\/v2\/product_tag?post=7215"}],"curies":[{"name":"wp","href":"https:\/\/api.w.org\/{rel}","templated":true}]}}