{"id":7230,"date":"2020-11-11T16:04:26","date_gmt":"2020-11-11T15:04:26","guid":{"rendered":"https:\/\/wegeblw.pl\/index.php\/produkt\/sol-truflowa-50-g\/"},"modified":"2026-04-07T06:24:51","modified_gmt":"2026-04-07T04:24:51","slug":"sol-truflowa-50-g","status":"publish","type":"product","link":"https:\/\/wegeblw.pl\/index.php\/produkt\/sol-truflowa-50-g\/","title":{"rendered":"s\u00f3l truflowa 50 g"},"content":{"rendered":"<p>Wymienny ustnik do pikflometru PF 100.Producent: Microlife<\/p>\n<p>Inhalatory i akcesoria<\/p>\n<p>m\u0105ka pszenna typ 750, mi\u0119\u015bnie mi\u0119dzy\u017cebrowe wewn\u0119trzne, dom pod brzoz\u0105 blog, magnezu siarczan<\/p>\n<p>yyyyy<\/p>\n","protected":false},"excerpt":{"rendered":"<p>Wymienny ustnik do pikflometru PF 100.Producent: Microlife Inhalatory i akcesoria m\u0105ka pszenna typ 750, mi\u0119\u015bnie mi\u0119dzy\u017cebrowe wewn\u0119trzne, dom pod brzoz\u0105&hellip;<\/p>\n","protected":false},"featured_media":7231,"comment_status":"closed","ping_status":"open","template":"","meta":[],"product_cat":[237],"product_tag":[816,765,741],"class_list":["post-7230","product","type-product","status-publish","has-post-thumbnail","hentry","product_cat-sol-i-pieprz","product_tag-bigos-z-soczewica","product_tag-makaron-bez-kalorii","product_tag-rafinowany-olej-kokosowy"],"_links":{"self":[{"href":"https:\/\/wegeblw.pl\/index.php\/wp-json\/wp\/v2\/product\/7230","targetHints":{"allow":["GET"]}}],"collection":[{"href":"https:\/\/wegeblw.pl\/index.php\/wp-json\/wp\/v2\/product"}],"about":[{"href":"https:\/\/wegeblw.pl\/index.php\/wp-json\/wp\/v2\/types\/product"}],"replies":[{"embeddable":true,"href":"https:\/\/wegeblw.pl\/index.php\/wp-json\/wp\/v2\/comments?post=7230"}],"wp:featuredmedia":[{"embeddable":true,"href":"https:\/\/wegeblw.pl\/index.php\/wp-json\/wp\/v2\/media\/7231"}],"wp:attachment":[{"href":"https:\/\/wegeblw.pl\/index.php\/wp-json\/wp\/v2\/media?parent=7230"}],"wp:term":[{"taxonomy":"product_cat","embeddable":true,"href":"https:\/\/wegeblw.pl\/index.php\/wp-json\/wp\/v2\/product_cat?post=7230"},{"taxonomy":"product_tag","embeddable":true,"href":"https:\/\/wegeblw.pl\/index.php\/wp-json\/wp\/v2\/product_tag?post=7230"}],"curies":[{"name":"wp","href":"https:\/\/api.w.org\/{rel}","templated":true}]}}