{"id":7241,"date":"2024-11-25T14:45:18","date_gmt":"2024-11-25T13:45:18","guid":{"rendered":"https:\/\/wegeblw.pl\/?post_type=product&#038;p=7241"},"modified":"2026-04-07T08:15:12","modified_gmt":"2026-04-07T06:15:12","slug":"oleofarm-olej-z-czarnuszki-tloczony-na-zimno-100ml","status":"publish","type":"product","link":"https:\/\/wegeblw.pl\/index.php\/produkt\/oleofarm-olej-z-czarnuszki-tloczony-na-zimno-100ml\/","title":{"rendered":"Oleofarm Olej Z Czarnuszki T\u0142oczony Na Zimno 100Ml"},"content":{"rendered":"<p>Zestaw 9 baton\u00f3w Milk Choco Hazelnut<\/p>\n<p>Zdrowa \u017cywno\u015b\u0107<\/p>\n<p>olejek na porost w\u0142os\u00f3w, swieza kurkuma, pojemnik 100 ml, erytrytol do ciasta<\/p>\n<p>yyyyy<\/p>\n","protected":false},"excerpt":{"rendered":"<p>Zestaw 9 baton\u00f3w Milk Choco Hazelnut Zdrowa \u017cywno\u015b\u0107 olejek na porost w\u0142os\u00f3w, swieza kurkuma, pojemnik 100 ml, erytrytol do ciasta&hellip;<\/p>\n","protected":false},"featured_media":7242,"comment_status":"closed","ping_status":"open","template":"","meta":[],"product_cat":[105],"product_tag":[778,747,806,837],"class_list":["post-7241","product","type-product","status-publish","has-post-thumbnail","hentry","product_cat-zdrowa-zywnosc","product_tag-burak","product_tag-guma-guar-co-to","product_tag-mieso-ekologiczne","product_tag-soczewica-czerwona"],"_links":{"self":[{"href":"https:\/\/wegeblw.pl\/index.php\/wp-json\/wp\/v2\/product\/7241","targetHints":{"allow":["GET"]}}],"collection":[{"href":"https:\/\/wegeblw.pl\/index.php\/wp-json\/wp\/v2\/product"}],"about":[{"href":"https:\/\/wegeblw.pl\/index.php\/wp-json\/wp\/v2\/types\/product"}],"replies":[{"embeddable":true,"href":"https:\/\/wegeblw.pl\/index.php\/wp-json\/wp\/v2\/comments?post=7241"}],"wp:featuredmedia":[{"embeddable":true,"href":"https:\/\/wegeblw.pl\/index.php\/wp-json\/wp\/v2\/media\/7242"}],"wp:attachment":[{"href":"https:\/\/wegeblw.pl\/index.php\/wp-json\/wp\/v2\/media?parent=7241"}],"wp:term":[{"taxonomy":"product_cat","embeddable":true,"href":"https:\/\/wegeblw.pl\/index.php\/wp-json\/wp\/v2\/product_cat?post=7241"},{"taxonomy":"product_tag","embeddable":true,"href":"https:\/\/wegeblw.pl\/index.php\/wp-json\/wp\/v2\/product_tag?post=7241"}],"curies":[{"name":"wp","href":"https:\/\/api.w.org\/{rel}","templated":true}]}}