{"id":7249,"date":"2023-03-13T04:18:58","date_gmt":"2023-03-13T03:18:58","guid":{"rendered":"https:\/\/wegeblw.pl\/?post_type=product&#038;p=7249"},"modified":"2026-04-08T05:40:07","modified_gmt":"2026-04-08T03:40:07","slug":"slodkie-zdrowie-orzechy-wloskie-luskane-500g","status":"publish","type":"product","link":"https:\/\/wegeblw.pl\/index.php\/produkt\/slodkie-zdrowie-orzechy-wloskie-luskane-500g\/","title":{"rendered":"S\u0142odkie Zdrowie Orzechy W\u0142oskie \u0141uskane 500G"},"content":{"rendered":"<p>Marc Jacobs Daisy Love Skies woda toaletowa dla kobiet 50 ml. Marc Jacobs Daisy Love Skies najlepsza cena. Marc Jacobs kup teraz.<\/p>\n<p>Perfumy i wody damskie<\/p>\n<p>pasty do z\u0119b\u00f3w bez fluoru dla dzieci, jak odstawic slodycze, plyn do prania gdzie wlac, ziarno teff, dzika gryka, tapioki co to jest, paczka orlen opinie, borys bo\u0142otow ksi\u0105\u017cki, dieta kato, s\u00f3l gorzka epsom apteka, ranking p\u0142atk\u00f3w \u015bniadaniowych, guma guar glutenex, mleko witaminy, durum, cukier brzozowy cena, herbata z lipy dla dzieci, tortilla, nap\u00f3j owsiany<\/p>\n<p>yyyyy<\/p>\n","protected":false},"excerpt":{"rendered":"<p>Marc Jacobs Daisy Love Skies woda toaletowa dla kobiet 50 ml. Marc Jacobs Daisy Love Skies najlepsza cena. Marc Jacobs&hellip;<\/p>\n","protected":false},"featured_media":7250,"comment_status":"closed","ping_status":"open","template":"","meta":[],"product_cat":[496],"product_tag":[874,766,699,630],"class_list":["post-7249","product","type-product","status-publish","has-post-thumbnail","hentry","product_cat-bakalie","product_tag-czym-mozna-zastapic-jogurt-naturalny","product_tag-jablko-jonaprince","product_tag-sok-z-cytryn","product_tag-vege-slodycze"],"_links":{"self":[{"href":"https:\/\/wegeblw.pl\/index.php\/wp-json\/wp\/v2\/product\/7249","targetHints":{"allow":["GET"]}}],"collection":[{"href":"https:\/\/wegeblw.pl\/index.php\/wp-json\/wp\/v2\/product"}],"about":[{"href":"https:\/\/wegeblw.pl\/index.php\/wp-json\/wp\/v2\/types\/product"}],"replies":[{"embeddable":true,"href":"https:\/\/wegeblw.pl\/index.php\/wp-json\/wp\/v2\/comments?post=7249"}],"wp:featuredmedia":[{"embeddable":true,"href":"https:\/\/wegeblw.pl\/index.php\/wp-json\/wp\/v2\/media\/7250"}],"wp:attachment":[{"href":"https:\/\/wegeblw.pl\/index.php\/wp-json\/wp\/v2\/media?parent=7249"}],"wp:term":[{"taxonomy":"product_cat","embeddable":true,"href":"https:\/\/wegeblw.pl\/index.php\/wp-json\/wp\/v2\/product_cat?post=7249"},{"taxonomy":"product_tag","embeddable":true,"href":"https:\/\/wegeblw.pl\/index.php\/wp-json\/wp\/v2\/product_tag?post=7249"}],"curies":[{"name":"wp","href":"https:\/\/api.w.org\/{rel}","templated":true}]}}