{"id":7259,"date":"2023-09-25T13:06:43","date_gmt":"2023-09-25T11:06:43","guid":{"rendered":"https:\/\/wegeblw.pl\/?post_type=product&#038;p=7259"},"modified":"2026-04-08T22:45:57","modified_gmt":"2026-04-08T20:45:57","slug":"dr-retter-ratownik-61-antyseptyczny-krem-do-stop-50g","status":"publish","type":"product","link":"https:\/\/wegeblw.pl\/index.php\/produkt\/dr-retter-ratownik-61-antyseptyczny-krem-do-stop-50g\/","title":{"rendered":"Dr Retter Ratownik 61 Antyseptyczny Krem Do St\u00f3p 50G"},"content":{"rendered":"<p>DOZ PRODUCT Witamina D3 1000 j.m. &#8211; suplement diety.<\/p>\n<p>Minera\u0142y i witaminy<\/p>\n<p>wlasciwosci kminku, zeaksantyna co to jest, chleb \u017cytni gluten, makaron z ry\u017cem, test na nietolerancj\u0119 laktozy cena, sk\u0142adniki do ramenu, cassia henna, \u015bliwka warto\u015bci od\u017cywcze, apiprogram ma\u015b\u0107 propolisowa, antrykot wo\u0142owy, maniok przepisy, niedob\u00f3r jodu jak sprawdzi\u0107, olej \u017cywokostowy na twarz<\/p>\n<p>yyyyy<\/p>\n","protected":false},"excerpt":{"rendered":"<p>DOZ PRODUCT Witamina D3 1000 j.m. &#8211; suplement diety. Minera\u0142y i witaminy wlasciwosci kminku, zeaksantyna co to jest, chleb \u017cytni&hellip;<\/p>\n","protected":false},"featured_media":7260,"comment_status":"closed","ping_status":"open","template":"","meta":[],"product_cat":[443],"product_tag":[812,644,847,814],"class_list":["post-7259","product","type-product","status-publish","has-post-thumbnail","hentry","product_cat-pozostale-kosmetyki-do-pielegnacji-ciala","product_tag-bigos-wegetarianski-z-soczewica","product_tag-co-zamiast-jogurtu-naturalnego","product_tag-czym-zastapic-nabial","product_tag-kotlet-linda-mccartney"],"_links":{"self":[{"href":"https:\/\/wegeblw.pl\/index.php\/wp-json\/wp\/v2\/product\/7259","targetHints":{"allow":["GET"]}}],"collection":[{"href":"https:\/\/wegeblw.pl\/index.php\/wp-json\/wp\/v2\/product"}],"about":[{"href":"https:\/\/wegeblw.pl\/index.php\/wp-json\/wp\/v2\/types\/product"}],"replies":[{"embeddable":true,"href":"https:\/\/wegeblw.pl\/index.php\/wp-json\/wp\/v2\/comments?post=7259"}],"wp:featuredmedia":[{"embeddable":true,"href":"https:\/\/wegeblw.pl\/index.php\/wp-json\/wp\/v2\/media\/7260"}],"wp:attachment":[{"href":"https:\/\/wegeblw.pl\/index.php\/wp-json\/wp\/v2\/media?parent=7259"}],"wp:term":[{"taxonomy":"product_cat","embeddable":true,"href":"https:\/\/wegeblw.pl\/index.php\/wp-json\/wp\/v2\/product_cat?post=7259"},{"taxonomy":"product_tag","embeddable":true,"href":"https:\/\/wegeblw.pl\/index.php\/wp-json\/wp\/v2\/product_tag?post=7259"}],"curies":[{"name":"wp","href":"https:\/\/api.w.org\/{rel}","templated":true}]}}