{"id":7269,"date":"2013-12-13T19:26:01","date_gmt":"2013-12-13T18:26:01","guid":{"rendered":"https:\/\/wegeblw.pl\/index.php\/produkt\/smart-cafe-cukier-brzozowy-ksylitol-1kg\/"},"modified":"2026-04-08T03:28:13","modified_gmt":"2026-04-08T01:28:13","slug":"smart-cafe-cukier-brzozowy-ksylitol-1kg","status":"publish","type":"product","link":"https:\/\/wegeblw.pl\/index.php\/produkt\/smart-cafe-cukier-brzozowy-ksylitol-1kg\/","title":{"rendered":"Smart Cafe cukier brzozowy ksylitol 1kg"},"content":{"rendered":"<p>Suplement diety zawieraj\u0105cy magnez w postaci organicznej, kt\u00f3ra jest bardzo dobrze przyswajalna przez organizm ludzki, a tak\u017ce potas, witamin\u0119 B6 oraz witamin\u0119 E.<\/p>\n<p>Stawy mi\u0119\u015bnie i ko\u015bci<\/p>\n<p>konopi siewna, farma zdrowia, konjack, mied\u017a w tabletkach, askorbinianu sodu, s\u00f3l epsom 5 kg, r\u00f3wnowaga hormonalna, ketony egzogenne, yope p\u0142yn do \u0142azienki, p\u0142atki kukurydziane bez glutenu, hummus zdrowy, mi\u0119so dla wegetarian, maka sorgo, sk\u00f3ra cena, dieta ketogeniczna &#8212; przyk\u0142adowy jad\u0142ospis, anka dziedzic dieta, s\u00f3l kuchenna w\u0142a\u015bciwo\u015bci, ocet spirytusowy 5l, kailas krem opinie, \u017curawina suszona cena, zeolit medyczny cena<\/p>\n<p>yyyyy<\/p>\n","protected":false},"excerpt":{"rendered":"<p>Suplement diety zawieraj\u0105cy magnez w postaci organicznej, kt\u00f3ra jest bardzo dobrze przyswajalna przez organizm ludzki, a tak\u017ce potas, witamin\u0119 B6&hellip;<\/p>\n","protected":false},"featured_media":7270,"comment_status":"closed","ping_status":"open","template":"","meta":[],"product_cat":[105],"product_tag":[864,738,777,756,669],"class_list":["post-7269","product","type-product","status-publish","has-post-thumbnail","hentry","product_cat-zdrowa-zywnosc","product_tag-benjamissimo-happy-edition-curcuma-ginger-lemon","product_tag-mieso-bio","product_tag-mieso-wege","product_tag-sklep-ekologiczny-warszawa","product_tag-vigo-kombucha"],"_links":{"self":[{"href":"https:\/\/wegeblw.pl\/index.php\/wp-json\/wp\/v2\/product\/7269","targetHints":{"allow":["GET"]}}],"collection":[{"href":"https:\/\/wegeblw.pl\/index.php\/wp-json\/wp\/v2\/product"}],"about":[{"href":"https:\/\/wegeblw.pl\/index.php\/wp-json\/wp\/v2\/types\/product"}],"replies":[{"embeddable":true,"href":"https:\/\/wegeblw.pl\/index.php\/wp-json\/wp\/v2\/comments?post=7269"}],"wp:featuredmedia":[{"embeddable":true,"href":"https:\/\/wegeblw.pl\/index.php\/wp-json\/wp\/v2\/media\/7270"}],"wp:attachment":[{"href":"https:\/\/wegeblw.pl\/index.php\/wp-json\/wp\/v2\/media?parent=7269"}],"wp:term":[{"taxonomy":"product_cat","embeddable":true,"href":"https:\/\/wegeblw.pl\/index.php\/wp-json\/wp\/v2\/product_cat?post=7269"},{"taxonomy":"product_tag","embeddable":true,"href":"https:\/\/wegeblw.pl\/index.php\/wp-json\/wp\/v2\/product_tag?post=7269"}],"curies":[{"name":"wp","href":"https:\/\/api.w.org\/{rel}","templated":true}]}}