{"id":7315,"date":"2020-01-02T17:15:50","date_gmt":"2020-01-02T16:15:50","guid":{"rendered":"https:\/\/wegeblw.pl\/index.php\/produkt\/doz-product-artiflex-120kaps\/"},"modified":"2026-04-08T17:59:10","modified_gmt":"2026-04-08T15:59:10","slug":"doz-product-artiflex-120kaps","status":"publish","type":"product","link":"https:\/\/wegeblw.pl\/index.php\/produkt\/doz-product-artiflex-120kaps\/","title":{"rendered":"DOZ Product Artiflex 120kaps"},"content":{"rendered":"<p>OPIS Olimp BCAA 4000 Extreme Shot \u2013 suplement diety zawieraj\u0105cy po\u0142\u0105czenie aminokwas\u00f3w BCAA z AAKG. Preparat dla doros\u0142ych, kt\u00f3re chc\u0105 wspom\u00f3c od\u017cywienie mi\u0119\u015bni. Ma posta\u0107 p\u0142ynu. Smak: pomara\u0144czowy. SK\u0141ADNIKI Woda, wolne aminokwasy BCAA (3,3% L-leucyna, 1,67% L-walina, 1,67% L-izoleucyna), 2,5% alfa-ketoglutaran L-argininy, regulatory kwasowo\u015bci \u2013 kwas cytrynowy, cytryniany sodu; aromaty, hydrolizat kolagenu, substancja zag\u0119szczaj\u0105ca \u2013 s\u00f3l sodowa karboksymetylocelulozy; emulgator \u2013 lecytyny (z soi); substancja konserwuj\u0105ca \u2013 kwas sorbowy; substancje s\u0142odz\u0105ce \u2013 acesulfam K, sukraloza, cyklaminiany; cyjanokobalamina \u2013 wit. B12, chlorowodorek pirydoksyny \u2013 wit. B6, barwniki: karoteny, koszenila, ryboflawiny. Sk\u0142adnik 1 ampu\u0142ka 2 ampu\u0142ki BCAA NITRO formula: &#8211; L-leucyna &#8211; L-walina &#8211; L-izoleucyna &#8211; alfa-ketoglutaran L-argininy: &#8211; L-arginina 5540 mg 2000 mg 1000 mg 1000 mg 1540 mg 1020 mg 11080 mg 4000 mg 2000 mg 2000 mg 3080 mg 2040 mg NITROLOADER SYSTEM\u00ae: &#8211; witamina B6 &#8211; witamina B12 &#8211; 1,05 mg (75% RWS)* 1,875 \u00b5g (75% RWS)* &#8211; 2,1 mg (15% RWS)* 3,75 \u00b5g (150% RWS)* *%RWS \u2013 Referencyjne Warto\u015bci Spo\u017cycia W\u0141A\u015aCIWO\u015aCI SK\u0141ADNIK\u00d3W BCAA to aminokwasy o \u0142a\u0144cuchu rozga\u0142\u0119zionym, kt\u00f3rych organizm nie mo\u017ce samodzielnie syntetyzowa\u0107, pomagaj\u0105 zabezpieczy\u0107 bia\u0142ka mi\u0119\u015bniowe przed rozpadem, pomagaj\u0105 skr\u00f3ci\u0107 czas potrzebny na regeneracj\u0119 potreningow\u0105, wspomagaj\u0105 budow\u0119 suchej masy mi\u0119\u015bniowej. ZALECANE DZIENNE SPO\u017bYCIE Doro\u015bli: 1 ampu\u0142ka (60 ml) 1-2 razy dziennie \u2013 na czczo i przed treningiem. Przed u\u017cyciem intensywnie wstrz\u0105sn\u0105\u0107. OSTRZE\u017bENIA DOTYCZ\u0104CE BEZPIECZE\u0143STWA Nie nale\u017cy przekracza\u0107 zalecanej porcji do spo\u017cycia w ci\u0105gu dnia. Suplement nie mo\u017ce zast\u0105pi\u0107 prawid\u0142owo zbilansowanej diety. Racjonalne \u017cywienie i zdrowy tryb \u017cycia s\u0105 istotne dla prawid\u0142owego funkcjonowania organizmu. Produkt zawiera substancj\u0119 s\u0142odz\u0105c\u0105. Preparat nie jest przeznaczony dla dzieci, kobiet w ci\u0105\u017cy, kobiet karmi\u0105cych piersi\u0105. Suplement nie jest odpowiedni dla os\u00f3b uczulonych na kt\u00f3rykolwiek z jego sk\u0142adnik\u00f3w. Mog\u0105ce pojawi\u0107 si\u0119 osad i krystalizacja s\u0105 zjawiskami naturalnymi \u2013 wp\u0142ywaj\u0105 na jako\u015b\u0107 preparatu. Suplement nale\u017cy trzyma\u0107 w spos\u00f3b niedost\u0119pny dla ma\u0142ych dzieci. Produkt zaleca si\u0119 przechowywa\u0107 w temperaturze pokojowej, w szczelnie zamkni\u0119tym opakowaniu, w suchym pomieszczeniu. Masa netto: 60 ml<\/p>\n<p>Aminokwasy i glutaminy<\/p>\n<p>krewetki jelito, bio market warszawa, mk7 bro\u0144, dzem \u015bliwkowy, sadzenie cytryny z pestek, ry\u017c cena, dodatki do sushi imbir, wino bezalkoholowe, olej arganowy cena, chipsy z soczewicy, kaufland kdr, kawa gotowana w garnku, linguin, wyprzeda\u017c tkanin, gdzie kupi\u0107 any\u017c, mas\u0142o shea na rozst\u0119py, erytrytol a cukier<\/p>\n<p>yyyyy<\/p>\n","protected":false},"excerpt":{"rendered":"<p>OPIS Olimp BCAA 4000 Extreme Shot \u2013 suplement diety zawieraj\u0105cy po\u0142\u0105czenie aminokwas\u00f3w BCAA z AAKG. Preparat dla doros\u0142ych, kt\u00f3re chc\u0105&hellip;<\/p>\n","protected":false},"featured_media":7316,"comment_status":"closed","ping_status":"open","template":"","meta":[],"product_cat":[17],"product_tag":[865,748,642,719,814,784],"class_list":["post-7315","product","type-product","status-publish","has-post-thumbnail","hentry","product_cat-stawy-miesnie-i-kosci","product_tag-bulgur","product_tag-czerwona-soczewica","product_tag-granat","product_tag-jaja-ekologiczne","product_tag-kotlet-linda-mccartney","product_tag-mieso-weganskie"],"_links":{"self":[{"href":"https:\/\/wegeblw.pl\/index.php\/wp-json\/wp\/v2\/product\/7315","targetHints":{"allow":["GET"]}}],"collection":[{"href":"https:\/\/wegeblw.pl\/index.php\/wp-json\/wp\/v2\/product"}],"about":[{"href":"https:\/\/wegeblw.pl\/index.php\/wp-json\/wp\/v2\/types\/product"}],"replies":[{"embeddable":true,"href":"https:\/\/wegeblw.pl\/index.php\/wp-json\/wp\/v2\/comments?post=7315"}],"wp:featuredmedia":[{"embeddable":true,"href":"https:\/\/wegeblw.pl\/index.php\/wp-json\/wp\/v2\/media\/7316"}],"wp:attachment":[{"href":"https:\/\/wegeblw.pl\/index.php\/wp-json\/wp\/v2\/media?parent=7315"}],"wp:term":[{"taxonomy":"product_cat","embeddable":true,"href":"https:\/\/wegeblw.pl\/index.php\/wp-json\/wp\/v2\/product_cat?post=7315"},{"taxonomy":"product_tag","embeddable":true,"href":"https:\/\/wegeblw.pl\/index.php\/wp-json\/wp\/v2\/product_tag?post=7315"}],"curies":[{"name":"wp","href":"https:\/\/api.w.org\/{rel}","templated":true}]}}